{"id":154,"date":"2020-04-10T18:14:21","date_gmt":"2020-04-10T18:14:21","guid":{"rendered":"https:\/\/diegoesteves.in\/caosmologia\/?page_id=154"},"modified":"2020-04-10T18:14:21","modified_gmt":"2020-04-10T18:14:21","slug":"um-porta-notas","status":"publish","type":"page","link":"https:\/\/diegoesteves.in\/caosmologia\/um-porta-notas\/","title":{"rendered":"Um porta-notas"},"content":{"rendered":"\n<p> Este espa\u00e7o funciona como um porta-notas, um esp\u00e9cie de arquivo do que   passou nas apresenta\u00e7\u00f5es e nos pensamentos; sendo tais anota\u00e7\u00f5es,  portanto, produzidas pelo  p\u00fablico presente em cada encontro (em geral,  dividido em parte  expositiva e conversa): pelo o que foi apreendido,   enquanto notado  (percebido),  e expresso, como uma nota.  <\/p>\n\n\n\n<p>Aposta-se, assim, na cria\u00e7\u00e3o de uma rede de notas, como transcria\u00e7\u00f5es   dos pensamentos\/corpos presentes nos encontros: este espa\u00e7o, ele mesmo,   como possibilidade de encontros, de atualiza\u00e7\u00e3o de pensamentos.   <\/p>\n\n\n\n<p> O caos, essa coexist\u00eancia de poss\u00edveis, convoca os corpos para derivar, multiplicar, replicar, implicar-se-entre-si.   <\/p>\n\n\n\n<p>\n[sobre tais procedimentos, no \u00e2mbito de exerc\u00edcios de pesquisa, sugere-se acessar  <a rel=\"noreferrer noopener\" href=\"https:\/\/diegoesteves.in\/maquinacao-para-uma-invencionatica\/\" target=\"_blank\">&#8220;Maquina\u00e7\u00e3o para uma invencion\u00e1tica&#8221;<\/a>, mais especificamente o texto \u00e0 ele relacionado, <a rel=\"noreferrer noopener\" href=\"https:\/\/diegoesteves.in\/sobre-uma-poetica-da-notacao\/\" target=\"_blank\">&#8220;Sobre uma Po\u00e9tica da Nota\u00e7\u00e3o&#8221;<\/a>, e a Sala de Estudos em <a rel=\"noreferrer noopener\" href=\"https:\/\/diegoesteves.in\/estudos\/\" target=\"_blank\">diegoesteves.in\/estudos<\/a>]\n\n<\/p>\n","protected":false},"excerpt":{"rendered":"<p>Este espa\u00e7o funciona como um porta-notas, um esp\u00e9cie de arquivo do que passou nas apresenta\u00e7\u00f5es e nos pensamentos; sendo tais anota\u00e7\u00f5es, portanto, produzidas pelo p\u00fablico presente em cada encontro (em geral, dividido em parte expositiva e conversa): pelo o que foi apreendido, enquanto notado (percebido), e expresso, como uma nota. Aposta-se, assim, na cria\u00e7\u00e3o de&#46;&#46;&#46;<\/p>\n","protected":false},"author":1,"featured_media":0,"parent":0,"menu_order":0,"comment_status":"closed","ping_status":"closed","template":"","meta":[],"_links":{"self":[{"href":"https:\/\/diegoesteves.in\/caosmologia\/wp-json\/wp\/v2\/pages\/154"}],"collection":[{"href":"https:\/\/diegoesteves.in\/caosmologia\/wp-json\/wp\/v2\/pages"}],"about":[{"href":"https:\/\/diegoesteves.in\/caosmologia\/wp-json\/wp\/v2\/types\/page"}],"author":[{"embeddable":true,"href":"https:\/\/diegoesteves.in\/caosmologia\/wp-json\/wp\/v2\/users\/1"}],"replies":[{"embeddable":true,"href":"https:\/\/diegoesteves.in\/caosmologia\/wp-json\/wp\/v2\/comments?post=154"}],"version-history":[{"count":1,"href":"https:\/\/diegoesteves.in\/caosmologia\/wp-json\/wp\/v2\/pages\/154\/revisions"}],"predecessor-version":[{"id":155,"href":"https:\/\/diegoesteves.in\/caosmologia\/wp-json\/wp\/v2\/pages\/154\/revisions\/155"}],"wp:attachment":[{"href":"https:\/\/diegoesteves.in\/caosmologia\/wp-json\/wp\/v2\/media?parent=154"}],"curies":[{"name":"wp","href":"https:\/\/api.w.org\/{rel}","templated":true}]}}