{"id":1000,"date":"2019-04-14T20:24:10","date_gmt":"2019-04-14T20:24:10","guid":{"rendered":"https:\/\/diegoesteves.in\/estudos\/?page_id=1000"},"modified":"2019-07-03T15:53:12","modified_gmt":"2019-07-03T15:53:12","slug":"111-14-04-2019","status":"publish","type":"page","link":"https:\/\/diegoesteves.in\/estudos\/111-14-04-2019\/","title":{"rendered":"[111] 14\/04\/2019"},"content":{"rendered":"<p><a href=\"https:\/\/diegoesteves.in\/estudos\/110-06-03-2019\/\"><code>Voltar para a nota anterior<\/code><\/a><\/p>\n<p style=\"text-align: justify;\">Esta nota \u00e9 a primeira publicada atrav\u00e9s de um dispositivo m\u00f3vel (no caso, o celular). Considero me valer deste procedimento para tornar mais din\u00e2mico a produ\u00e7\u00e3o de notas. Tamb\u00e9m, pela proposta que estou delineando da Po\u00e9tica da Nota\u00e7\u00e3o como uma abordagem para pesquisas num espa\u00e7o coletivo, e que estou planejando para ocorrer como um [trans]curso. Neste caso as notas ocupar\u00e3o um espa\u00e7o comum para pensar o pensamento e o n\u00e3o-pensado: para pensar o seu pensamento e o (ou com) o pensamento do outro; para encontrar seu n\u00e3o-pensado no pensamento do outro, ou o n\u00e3o-pensado do outro no seu pensamento; e ainda, outras varia\u00e7\u00f5es. Considero uma intelig\u00eancia coletiva (Pierre L\u00e9vy tem um livro com esse t\u00edtulo), a atualizar virtuais (e virtualizar atuais) num espa\u00e7o comum de pesquisa(s), onde se arquivam ind\u00edcios do que passa em torno de um pesquisar: as notas, ent\u00e3o, como registro do que foi notado em dado momento, do que \u00e9, de alguma forma e por algum motivo (ainda que n\u00e3o consciente) not\u00e1vel para si (e por si, enquanto aquele que perspectiva).<\/p>\n<p style=\"text-align: justify;\">Pretendo propor, como experimento neste [trans]curso, que cada pesquisador(a) note o que lhe parecer not\u00e1vel durante certo per\u00edodo (algo em torno de 30min), para que num segundo momento possamos compor com isso: o que significa produz uma narrativa sobre esses \u00edndices, essas notas que, enquanto sobrepostas, interconectadas, funcionam para produzir certa realidade do e no texto.<\/p>\n<p style=\"text-align: justify;\">Importa perceber que as notas s\u00e3o registros feitos em divergentes suportes: texto, fotos, v\u00eddeos, \u00e1udios, <em>prints <\/em>de conversas em WhatsApp, de p\u00e1ginas da internet, anexos de PDF de livros, imagens de cita\u00e7\u00f5es demarcadas em p\u00e1ginas de livros impressos, etc.<\/p>\n<p style=\"text-align: justify;\">Por agora, e para finalizar, publico uma imagem do que se encontra a minha frente, e que me remete a ideia do improvisador enquanto um gato que est\u00e1 a espreita de algo que passa; gato que parece desatento, mas que pula de imediato, quando algo lhe interessa, ou quando uma vontade lhe move (apesar que esses gatos aqui parecem demasiadamente desatentos).<\/p>\n<p><img loading=\"lazy\" decoding=\"async\" class=\"size-full wp-image-999 aligncenter\" src=\"https:\/\/diegoesteves.in\/estudos\/wp-content\/uploads\/2019\/04\/20190414_171602743868349.jpg\" width=\"2988\" height=\"5312\" srcset=\"https:\/\/diegoesteves.in\/estudos\/wp-content\/uploads\/2019\/04\/20190414_171602743868349.jpg 2988w, https:\/\/diegoesteves.in\/estudos\/wp-content\/uploads\/2019\/04\/20190414_171602743868349-169x300.jpg 169w, https:\/\/diegoesteves.in\/estudos\/wp-content\/uploads\/2019\/04\/20190414_171602743868349-768x1365.jpg 768w, https:\/\/diegoesteves.in\/estudos\/wp-content\/uploads\/2019\/04\/20190414_171602743868349-576x1024.jpg 576w, https:\/\/diegoesteves.in\/estudos\/wp-content\/uploads\/2019\/04\/20190414_171602743868349-1240x2204.jpg 1240w, https:\/\/diegoesteves.in\/estudos\/wp-content\/uploads\/2019\/04\/20190414_171602743868349-508x903.jpg 508w\" sizes=\"auto, (max-width: 2988px) 100vw, 2988px\" \/><\/p>\n\n\n<p style=\"text-align:right\"><code><a href=\"https:\/\/diegoesteves.in\/estudos\/112-25-06-2019-03-07-2019\/\">Seguir para a pr\u00f3xima nota<\/a><\/code><\/p>\n","protected":false},"excerpt":{"rendered":"<p>Voltar para a nota anterior Esta nota \u00e9 a primeira publicada atrav\u00e9s de um dispositivo m\u00f3vel (no caso, o celular). Considero me valer deste procedimento para tornar mais din\u00e2mico a produ\u00e7\u00e3o de notas. Tamb\u00e9m, pela proposta que estou delineando da Po\u00e9tica da Nota\u00e7\u00e3o como uma abordagem para pesquisas num espa\u00e7o coletivo, e que estou planejando [&hellip;]<\/p>\n","protected":false},"author":1,"featured_media":0,"parent":0,"menu_order":0,"comment_status":"open","ping_status":"closed","template":"","meta":{"footnotes":""},"class_list":["post-1000","page","type-page","status-publish","hentry"],"_links":{"self":[{"href":"https:\/\/diegoesteves.in\/estudos\/wp-json\/wp\/v2\/pages\/1000","targetHints":{"allow":["GET"]}}],"collection":[{"href":"https:\/\/diegoesteves.in\/estudos\/wp-json\/wp\/v2\/pages"}],"about":[{"href":"https:\/\/diegoesteves.in\/estudos\/wp-json\/wp\/v2\/types\/page"}],"author":[{"embeddable":true,"href":"https:\/\/diegoesteves.in\/estudos\/wp-json\/wp\/v2\/users\/1"}],"replies":[{"embeddable":true,"href":"https:\/\/diegoesteves.in\/estudos\/wp-json\/wp\/v2\/comments?post=1000"}],"version-history":[{"count":5,"href":"https:\/\/diegoesteves.in\/estudos\/wp-json\/wp\/v2\/pages\/1000\/revisions"}],"predecessor-version":[{"id":1152,"href":"https:\/\/diegoesteves.in\/estudos\/wp-json\/wp\/v2\/pages\/1000\/revisions\/1152"}],"wp:attachment":[{"href":"https:\/\/diegoesteves.in\/estudos\/wp-json\/wp\/v2\/media?parent=1000"}],"curies":[{"name":"wp","href":"https:\/\/api.w.org\/{rel}","templated":true}]}}