{"id":1018,"date":"2019-05-18T18:32:39","date_gmt":"2019-05-18T18:32:39","guid":{"rendered":"https:\/\/diegoesteves.in\/estudos\/?page_id=1018"},"modified":"2019-05-21T00:16:45","modified_gmt":"2019-05-21T00:16:45","slug":"poeticasdanotacao","status":"publish","type":"page","link":"https:\/\/diegoesteves.in\/estudos\/poeticasdanotacao\/","title":{"rendered":"po\u00e9ticas da nota\u00e7\u00e3o"},"content":{"rendered":"\n<p style=\"text-align:center\"><strong>E-laborar o pensamento e o n\u00e3o-pensado  [minicurso] <\/strong><\/p>\n\n\n\n<figure class=\"wp-block-image\"><img loading=\"lazy\" decoding=\"async\" width=\"1024\" height=\"674\" src=\"https:\/\/diegoesteves.in\/estudos\/wp-content\/uploads\/2019\/05\/livro-1024x674.jpg\" alt=\"\" class=\"wp-image-1019\" srcset=\"https:\/\/diegoesteves.in\/estudos\/wp-content\/uploads\/2019\/05\/livro-1024x674.jpg 1024w, https:\/\/diegoesteves.in\/estudos\/wp-content\/uploads\/2019\/05\/livro-300x197.jpg 300w, https:\/\/diegoesteves.in\/estudos\/wp-content\/uploads\/2019\/05\/livro-768x505.jpg 768w, https:\/\/diegoesteves.in\/estudos\/wp-content\/uploads\/2019\/05\/livro-1240x816.jpg 1240w, https:\/\/diegoesteves.in\/estudos\/wp-content\/uploads\/2019\/05\/livro-508x334.jpg 508w\" sizes=\"auto, (max-width: 1024px) 100vw, 1024px\" \/><figcaption><br><br><\/figcaption><\/figure>\n\n\n\n<p style=\"text-align:center\"><a href=\"https:\/\/diegoesteves.in\/estudos\/wp-content\/uploads\/2019\/05\/Po\u00e9ticas-da-Nota\u00e7\u00e3o_minicurso.pdf\">Projeto<\/a><\/p>\n\n\n\n<p style=\"text-align:center\"><a href=\"https:\/\/diegoesteves.in\/estudos\/plano-conceitual\/\">Plano conceitual<\/a><\/p>\n\n\n\n<p style=\"text-align:center\"><a href=\"https:\/\/diegoesteves.in\/estudos\/plano-tecnologico\/\">Plano tecnol\u00f3gico<\/a><\/p>\n\n\n\n<p style=\"text-align:center\"><a href=\"https:\/\/diegoesteves.in\/estudos\/plano-de-composicao\/\">Plano de composi\u00e7\u00e3o<\/a><\/p>\n","protected":false},"excerpt":{"rendered":"<p>E-laborar o pensamento e o n\u00e3o-pensado [minicurso] Projeto Plano conceitual Plano tecnol\u00f3gico Plano de composi\u00e7\u00e3o<\/p>\n","protected":false},"author":1,"featured_media":0,"parent":0,"menu_order":0,"comment_status":"closed","ping_status":"closed","template":"","meta":{"footnotes":""},"class_list":["post-1018","page","type-page","status-publish","hentry"],"_links":{"self":[{"href":"https:\/\/diegoesteves.in\/estudos\/wp-json\/wp\/v2\/pages\/1018","targetHints":{"allow":["GET"]}}],"collection":[{"href":"https:\/\/diegoesteves.in\/estudos\/wp-json\/wp\/v2\/pages"}],"about":[{"href":"https:\/\/diegoesteves.in\/estudos\/wp-json\/wp\/v2\/types\/page"}],"author":[{"embeddable":true,"href":"https:\/\/diegoesteves.in\/estudos\/wp-json\/wp\/v2\/users\/1"}],"replies":[{"embeddable":true,"href":"https:\/\/diegoesteves.in\/estudos\/wp-json\/wp\/v2\/comments?post=1018"}],"version-history":[{"count":8,"href":"https:\/\/diegoesteves.in\/estudos\/wp-json\/wp\/v2\/pages\/1018\/revisions"}],"predecessor-version":[{"id":1102,"href":"https:\/\/diegoesteves.in\/estudos\/wp-json\/wp\/v2\/pages\/1018\/revisions\/1102"}],"wp:attachment":[{"href":"https:\/\/diegoesteves.in\/estudos\/wp-json\/wp\/v2\/media?parent=1018"}],"curies":[{"name":"wp","href":"https:\/\/api.w.org\/{rel}","templated":true}]}}