{"id":102,"date":"2018-06-27T17:48:06","date_gmt":"2018-06-27T17:48:06","guid":{"rendered":"https:\/\/diegoesteves.in\/estudos\/?page_id=102"},"modified":"2018-07-11T18:54:17","modified_gmt":"2018-07-11T18:54:17","slug":"4-27-07-2017-23-08-201711","status":"publish","type":"page","link":"https:\/\/diegoesteves.in\/estudos\/4-27-07-2017-23-08-201711\/","title":{"rendered":"[4] 27\/07\/2017 \u2013 23\/08\/2017"},"content":{"rendered":"<p><code><a href=\"https:\/\/diegoesteves.in\/estudos\/3-27-07-2017-23-08-2017\/\">Voltar para nota anterior<\/a><\/code><\/p>\n<p><code>Notas que apontam para esta:\u00a0<a href=\"https:\/\/diegoesteves.in\/estudos\/11-10-08-201718\/\">[11]<\/a> <a href=\"https:\/\/diegoesteves.in\/estudos\/2-27-07-2017\/\">[2]<\/a><\/code><\/p>\n<p style=\"text-align: justify;\">O Corpo Potencial \u00e9 sempre um \u201ccomo\u201d, nunca um \u201co que\u201d. Se existe ess\u00eancia, ela \u00e9 multiplicidade, pois \u201co m\u00faltiplo \u00e9 a manifesta\u00e7\u00e3o insepar\u00e1vel, a metamorfose essencial, o sintoma constante do \u00fanico. O m\u00faltiplo \u00e9 a afirma\u00e7\u00e3o do um, o devir, a manifesta\u00e7\u00e3o do ser\u201d (DELEUZE, 1976, p.14).\u00a0 Enquanto multiplicidade n\u00e3o pode ser afirmada em ess\u00eancia, como um \u201co que\u201d, portanto, somente um \u201ccomo\u201d. Nesta defini\u00e7\u00e3o de \u201ccomo\u201d est\u00e1 subentendida a a\u00e7\u00e3o do observador sobre a mat\u00e9ria, em seu ato de <a href=\"https:\/\/diegoesteves.in\/estudos\/46-12-10-20174\/\">defini\u00e7\u00e3o<\/a> \u2013 \u00e9 o observador agindo sobre si pr\u00f3prio<a href=\"#_ftn1\" name=\"_ftnref1\">[1]<\/a>, o que institui o que estamos definindo aqui como a cria\u00e7\u00e3o para si de um <a href=\"https:\/\/diegoesteves.in\/estudos\/7-27-07-2017-23-08-20174-6\/\">Corpo Potencial<\/a>, sendo este processo parte de uma Educa\u00e7\u00e3o Potencial<a href=\"#_ftn2\" name=\"_ftnref2\">[2]<\/a>.<\/p>\n<p style=\"text-align: right;\"><code><a href=\"https:\/\/diegoesteves.in\/estudos\/5-27-07-2017-23-08-2017\/\">Seguir para a pr\u00f3xima nota.<\/a><\/code><\/p>\n<blockquote>\n<p style=\"text-align: justify;\"><a href=\"#_ftnref1\" name=\"_ftn1\">[1]<\/a> <sup>\u201c<\/sup>Se o eu \u00e9 um outro ao contrastar-se com ele mesmo n\u00e3o consegue constatar a proposi\u00e7\u00e3o Eu = Eu, ou seja, uma verdade unificante para o pensamento e o pensamento passa a ser cria\u00e7\u00e3o e n\u00e3o vontade de verdade\u201d (AD\u00d3, 2015. p. 59).<\/p>\n<p style=\"text-align: justify;\"><a href=\"#_ftnref2\" name=\"_ftn2\">[2]<\/a> \u201cA Educa\u00e7\u00e3o Potencial se concebe como pot\u00eancia para a especula\u00e7\u00e3o de si como exist\u00eancia que difere; diferen\u00e7a intensiva. A Educa\u00e7\u00e3o Potencial atua como um convite para se chegar alhures\u201d (AD\u00d3; CORAZZA, 2016. p.228).<\/p>\n<\/blockquote>\n","protected":false},"excerpt":{"rendered":"<p>Voltar para nota anterior Notas que apontam para esta:\u00a0[11] [2] O Corpo Potencial \u00e9 sempre um \u201ccomo\u201d, nunca um \u201co que\u201d. Se existe ess\u00eancia, ela \u00e9 multiplicidade, pois \u201co m\u00faltiplo \u00e9 a manifesta\u00e7\u00e3o insepar\u00e1vel, a metamorfose essencial, o sintoma constante do \u00fanico. O m\u00faltiplo \u00e9 a afirma\u00e7\u00e3o do um, o devir, a manifesta\u00e7\u00e3o do ser\u201d [&hellip;]<\/p>\n","protected":false},"author":1,"featured_media":0,"parent":0,"menu_order":0,"comment_status":"closed","ping_status":"closed","template":"","meta":{"footnotes":""},"class_list":["post-102","page","type-page","status-publish","hentry"],"_links":{"self":[{"href":"https:\/\/diegoesteves.in\/estudos\/wp-json\/wp\/v2\/pages\/102","targetHints":{"allow":["GET"]}}],"collection":[{"href":"https:\/\/diegoesteves.in\/estudos\/wp-json\/wp\/v2\/pages"}],"about":[{"href":"https:\/\/diegoesteves.in\/estudos\/wp-json\/wp\/v2\/types\/page"}],"author":[{"embeddable":true,"href":"https:\/\/diegoesteves.in\/estudos\/wp-json\/wp\/v2\/users\/1"}],"replies":[{"embeddable":true,"href":"https:\/\/diegoesteves.in\/estudos\/wp-json\/wp\/v2\/comments?post=102"}],"version-history":[{"count":7,"href":"https:\/\/diegoesteves.in\/estudos\/wp-json\/wp\/v2\/pages\/102\/revisions"}],"predecessor-version":[{"id":717,"href":"https:\/\/diegoesteves.in\/estudos\/wp-json\/wp\/v2\/pages\/102\/revisions\/717"}],"wp:attachment":[{"href":"https:\/\/diegoesteves.in\/estudos\/wp-json\/wp\/v2\/media?parent=102"}],"curies":[{"name":"wp","href":"https:\/\/api.w.org\/{rel}","templated":true}]}}