{"id":1028,"date":"2019-05-18T19:28:16","date_gmt":"2019-05-18T19:28:16","guid":{"rendered":"https:\/\/diegoesteves.in\/estudos\/?page_id=1028"},"modified":"2019-05-21T00:12:35","modified_gmt":"2019-05-21T00:12:35","slug":"plano-de-composicao","status":"publish","type":"page","link":"https:\/\/diegoesteves.in\/estudos\/plano-de-composicao\/","title":{"rendered":"Plano de composi\u00e7\u00e3o"},"content":{"rendered":"<p><a href=\"https:\/\/diegoesteves.in\/estudos\/poeticasdanotacao\/\"><code>Voltar ao in\u00edcio<\/code><\/a><\/p>\n<p style=\"text-align: justify;\"><strong>Composi\u00e7\u00f5es heterog\u00eaneas em jogo: exerc\u00edcios em grupo para e-laborar o pensamento e o n\u00e3o pensado.<\/strong><\/p>\n<p style=\"text-align: justify;\"><strong>Primeiro, uma nota:<\/strong> publique uma nota no bloco de notas (via <em>WordPress),<\/em> a partir das anota\u00e7\u00f5es feitas sobre a apresenta\u00e7\u00e3o do plano conceitual, ou o sobre o que notar agora (como: pode ser escrito no <em>WordPress,<\/em> pode ser uma fotografia do seu caderno, pode ser um \u00e1udio, etc.);<\/p>\n<p style=\"text-align: justify;\"><strong>Segundo, uma sobrenota:\u00a0<\/strong>encontre uma nota (ou notas), e a partir dela produza uma outra nota (inserindo um link para a nota precursora) &#8211; exemplo: uma texto-resposta, um texto-coment\u00e1rio, uma continuidade do texto anterior;<\/p>\n","protected":false},"excerpt":{"rendered":"<p>Voltar ao in\u00edcio Composi\u00e7\u00f5es heterog\u00eaneas em jogo: exerc\u00edcios em grupo para e-laborar o pensamento e o n\u00e3o pensado. Primeiro, uma nota: publique uma nota no bloco de notas (via WordPress), a partir das anota\u00e7\u00f5es feitas sobre a apresenta\u00e7\u00e3o do plano conceitual, ou o sobre o que notar agora (como: pode ser escrito no WordPress, pode [&hellip;]<\/p>\n","protected":false},"author":1,"featured_media":0,"parent":0,"menu_order":0,"comment_status":"closed","ping_status":"closed","template":"","meta":{"footnotes":""},"class_list":["post-1028","page","type-page","status-publish","hentry"],"_links":{"self":[{"href":"https:\/\/diegoesteves.in\/estudos\/wp-json\/wp\/v2\/pages\/1028","targetHints":{"allow":["GET"]}}],"collection":[{"href":"https:\/\/diegoesteves.in\/estudos\/wp-json\/wp\/v2\/pages"}],"about":[{"href":"https:\/\/diegoesteves.in\/estudos\/wp-json\/wp\/v2\/types\/page"}],"author":[{"embeddable":true,"href":"https:\/\/diegoesteves.in\/estudos\/wp-json\/wp\/v2\/users\/1"}],"replies":[{"embeddable":true,"href":"https:\/\/diegoesteves.in\/estudos\/wp-json\/wp\/v2\/comments?post=1028"}],"version-history":[{"count":3,"href":"https:\/\/diegoesteves.in\/estudos\/wp-json\/wp\/v2\/pages\/1028\/revisions"}],"predecessor-version":[{"id":1101,"href":"https:\/\/diegoesteves.in\/estudos\/wp-json\/wp\/v2\/pages\/1028\/revisions\/1101"}],"wp:attachment":[{"href":"https:\/\/diegoesteves.in\/estudos\/wp-json\/wp\/v2\/media?parent=1028"}],"curies":[{"name":"wp","href":"https:\/\/api.w.org\/{rel}","templated":true}]}}