{"id":1064,"date":"2019-05-18T21:01:23","date_gmt":"2019-05-18T21:01:23","guid":{"rendered":"https:\/\/diegoesteves.in\/estudos\/?page_id=1064"},"modified":"2019-05-21T00:09:34","modified_gmt":"2019-05-21T00:09:34","slug":"plano-tecnologico","status":"publish","type":"page","link":"https:\/\/diegoesteves.in\/estudos\/plano-tecnologico\/","title":{"rendered":"PLANO TECNOL\u00d3GICO"},"content":{"rendered":"<p><a href=\"https:\/\/diegoesteves.in\/estudos\/poeticasdanotacao\/\"><code>Voltar ao in\u00edcio<\/code><\/a><\/p>\n<p>Siga o passo-a-passo para publicar notas no espa\u00e7o destinado para o arquivamento (bloco de notas), num plano de composi\u00e7\u00e3o deste curso.<\/p>\n<p><img loading=\"lazy\" decoding=\"async\" class=\"wp-image-1055 size-full aligncenter\" src=\"https:\/\/diegoesteves.in\/estudos\/wp-content\/uploads\/2019\/05\/Capture_2019-05-18-17-12-30-1.png\" width=\"1440\" height=\"2392\" srcset=\"https:\/\/diegoesteves.in\/estudos\/wp-content\/uploads\/2019\/05\/Capture_2019-05-18-17-12-30-1.png 1440w, https:\/\/diegoesteves.in\/estudos\/wp-content\/uploads\/2019\/05\/Capture_2019-05-18-17-12-30-1-181x300.png 181w, https:\/\/diegoesteves.in\/estudos\/wp-content\/uploads\/2019\/05\/Capture_2019-05-18-17-12-30-1-768x1276.png 768w, https:\/\/diegoesteves.in\/estudos\/wp-content\/uploads\/2019\/05\/Capture_2019-05-18-17-12-30-1-616x1024.png 616w, https:\/\/diegoesteves.in\/estudos\/wp-content\/uploads\/2019\/05\/Capture_2019-05-18-17-12-30-1-1240x2060.png 1240w, https:\/\/diegoesteves.in\/estudos\/wp-content\/uploads\/2019\/05\/Capture_2019-05-18-17-12-30-1-508x844.png 508w\" sizes=\"auto, (max-width: 1440px) 100vw, 1440px\" \/><\/p>\n<p><img loading=\"lazy\" decoding=\"async\" class=\"failed wp-image-1062 size-full aligncenter\" src=\"https:\/\/diegoesteves.in\/estudos\/wp-content\/uploads\/2019\/05\/Capture_2019-05-18-17-13-36-1.png\" width=\"1440\" height=\"2392\" srcset=\"https:\/\/diegoesteves.in\/estudos\/wp-content\/uploads\/2019\/05\/Capture_2019-05-18-17-13-36-1.png 1440w, https:\/\/diegoesteves.in\/estudos\/wp-content\/uploads\/2019\/05\/Capture_2019-05-18-17-13-36-1-181x300.png 181w, https:\/\/diegoesteves.in\/estudos\/wp-content\/uploads\/2019\/05\/Capture_2019-05-18-17-13-36-1-768x1276.png 768w, https:\/\/diegoesteves.in\/estudos\/wp-content\/uploads\/2019\/05\/Capture_2019-05-18-17-13-36-1-616x1024.png 616w, https:\/\/diegoesteves.in\/estudos\/wp-content\/uploads\/2019\/05\/Capture_2019-05-18-17-13-36-1-1240x2060.png 1240w, https:\/\/diegoesteves.in\/estudos\/wp-content\/uploads\/2019\/05\/Capture_2019-05-18-17-13-36-1-508x844.png 508w\" sizes=\"auto, (max-width: 1440px) 100vw, 1440px\" \/><\/p>\n<p><img loading=\"lazy\" decoding=\"async\" class=\"wp-image-1056 size-full aligncenter\" src=\"https:\/\/diegoesteves.in\/estudos\/wp-content\/uploads\/2019\/05\/Capture_2019-05-18-17-16-11-1.png\" width=\"1440\" height=\"2392\" srcset=\"https:\/\/diegoesteves.in\/estudos\/wp-content\/uploads\/2019\/05\/Capture_2019-05-18-17-16-11-1.png 1440w, https:\/\/diegoesteves.in\/estudos\/wp-content\/uploads\/2019\/05\/Capture_2019-05-18-17-16-11-1-181x300.png 181w, https:\/\/diegoesteves.in\/estudos\/wp-content\/uploads\/2019\/05\/Capture_2019-05-18-17-16-11-1-768x1276.png 768w, https:\/\/diegoesteves.in\/estudos\/wp-content\/uploads\/2019\/05\/Capture_2019-05-18-17-16-11-1-616x1024.png 616w, https:\/\/diegoesteves.in\/estudos\/wp-content\/uploads\/2019\/05\/Capture_2019-05-18-17-16-11-1-1240x2060.png 1240w, https:\/\/diegoesteves.in\/estudos\/wp-content\/uploads\/2019\/05\/Capture_2019-05-18-17-16-11-1-508x844.png 508w\" sizes=\"auto, (max-width: 1440px) 100vw, 1440px\" \/><\/p>\n<p><img loading=\"lazy\" decoding=\"async\" class=\"size-full wp-image-1053 aligncenter\" src=\"https:\/\/diegoesteves.in\/estudos\/wp-content\/uploads\/2019\/05\/Capture_2019-05-18-17-17-22-1.png\" width=\"1440\" height=\"2392\" srcset=\"https:\/\/diegoesteves.in\/estudos\/wp-content\/uploads\/2019\/05\/Capture_2019-05-18-17-17-22-1.png 1440w, https:\/\/diegoesteves.in\/estudos\/wp-content\/uploads\/2019\/05\/Capture_2019-05-18-17-17-22-1-181x300.png 181w, https:\/\/diegoesteves.in\/estudos\/wp-content\/uploads\/2019\/05\/Capture_2019-05-18-17-17-22-1-768x1276.png 768w, https:\/\/diegoesteves.in\/estudos\/wp-content\/uploads\/2019\/05\/Capture_2019-05-18-17-17-22-1-616x1024.png 616w, https:\/\/diegoesteves.in\/estudos\/wp-content\/uploads\/2019\/05\/Capture_2019-05-18-17-17-22-1-1240x2060.png 1240w, https:\/\/diegoesteves.in\/estudos\/wp-content\/uploads\/2019\/05\/Capture_2019-05-18-17-17-22-1-508x844.png 508w\" sizes=\"auto, (max-width: 1440px) 100vw, 1440px\" \/><\/p>\n<p><img loading=\"lazy\" decoding=\"async\" class=\"size-full wp-image-1057 aligncenter\" src=\"https:\/\/diegoesteves.in\/estudos\/wp-content\/uploads\/2019\/05\/Capture_2019-05-18-17-18-21-1.png\" width=\"1440\" height=\"2392\" srcset=\"https:\/\/diegoesteves.in\/estudos\/wp-content\/uploads\/2019\/05\/Capture_2019-05-18-17-18-21-1.png 1440w, https:\/\/diegoesteves.in\/estudos\/wp-content\/uploads\/2019\/05\/Capture_2019-05-18-17-18-21-1-181x300.png 181w, https:\/\/diegoesteves.in\/estudos\/wp-content\/uploads\/2019\/05\/Capture_2019-05-18-17-18-21-1-768x1276.png 768w, https:\/\/diegoesteves.in\/estudos\/wp-content\/uploads\/2019\/05\/Capture_2019-05-18-17-18-21-1-616x1024.png 616w, https:\/\/diegoesteves.in\/estudos\/wp-content\/uploads\/2019\/05\/Capture_2019-05-18-17-18-21-1-1240x2060.png 1240w, https:\/\/diegoesteves.in\/estudos\/wp-content\/uploads\/2019\/05\/Capture_2019-05-18-17-18-21-1-508x844.png 508w\" sizes=\"auto, (max-width: 1440px) 100vw, 1440px\" \/><\/p>\n<p><img loading=\"lazy\" decoding=\"async\" class=\"wp-image-1058 size-full aligncenter\" src=\"https:\/\/diegoesteves.in\/estudos\/wp-content\/uploads\/2019\/05\/Capture_2019-05-18-17-20-56-1.png\" width=\"1440\" height=\"2392\" srcset=\"https:\/\/diegoesteves.in\/estudos\/wp-content\/uploads\/2019\/05\/Capture_2019-05-18-17-20-56-1.png 1440w, https:\/\/diegoesteves.in\/estudos\/wp-content\/uploads\/2019\/05\/Capture_2019-05-18-17-20-56-1-181x300.png 181w, https:\/\/diegoesteves.in\/estudos\/wp-content\/uploads\/2019\/05\/Capture_2019-05-18-17-20-56-1-768x1276.png 768w, https:\/\/diegoesteves.in\/estudos\/wp-content\/uploads\/2019\/05\/Capture_2019-05-18-17-20-56-1-616x1024.png 616w, https:\/\/diegoesteves.in\/estudos\/wp-content\/uploads\/2019\/05\/Capture_2019-05-18-17-20-56-1-1240x2060.png 1240w, https:\/\/diegoesteves.in\/estudos\/wp-content\/uploads\/2019\/05\/Capture_2019-05-18-17-20-56-1-508x844.png 508w\" sizes=\"auto, (max-width: 1440px) 100vw, 1440px\" \/><\/p>\n<p><img loading=\"lazy\" decoding=\"async\" class=\"wp-image-1051 size-full aligncenter\" src=\"https:\/\/diegoesteves.in\/estudos\/wp-content\/uploads\/2019\/05\/Capture_2019-05-18-17-23-01-1.png\" width=\"1440\" height=\"2392\" srcset=\"https:\/\/diegoesteves.in\/estudos\/wp-content\/uploads\/2019\/05\/Capture_2019-05-18-17-23-01-1.png 1440w, https:\/\/diegoesteves.in\/estudos\/wp-content\/uploads\/2019\/05\/Capture_2019-05-18-17-23-01-1-181x300.png 181w, https:\/\/diegoesteves.in\/estudos\/wp-content\/uploads\/2019\/05\/Capture_2019-05-18-17-23-01-1-768x1276.png 768w, https:\/\/diegoesteves.in\/estudos\/wp-content\/uploads\/2019\/05\/Capture_2019-05-18-17-23-01-1-616x1024.png 616w, https:\/\/diegoesteves.in\/estudos\/wp-content\/uploads\/2019\/05\/Capture_2019-05-18-17-23-01-1-1240x2060.png 1240w, https:\/\/diegoesteves.in\/estudos\/wp-content\/uploads\/2019\/05\/Capture_2019-05-18-17-23-01-1-508x844.png 508w\" sizes=\"auto, (max-width: 1440px) 100vw, 1440px\" \/><\/p>\n<p><img loading=\"lazy\" decoding=\"async\" class=\"wp-image-1060 size-full aligncenter\" src=\"https:\/\/diegoesteves.in\/estudos\/wp-content\/uploads\/2019\/05\/Capture_2019-05-18-17-24-39-1.png\" width=\"1440\" height=\"2392\" srcset=\"https:\/\/diegoesteves.in\/estudos\/wp-content\/uploads\/2019\/05\/Capture_2019-05-18-17-24-39-1.png 1440w, https:\/\/diegoesteves.in\/estudos\/wp-content\/uploads\/2019\/05\/Capture_2019-05-18-17-24-39-1-181x300.png 181w, https:\/\/diegoesteves.in\/estudos\/wp-content\/uploads\/2019\/05\/Capture_2019-05-18-17-24-39-1-768x1276.png 768w, https:\/\/diegoesteves.in\/estudos\/wp-content\/uploads\/2019\/05\/Capture_2019-05-18-17-24-39-1-616x1024.png 616w, https:\/\/diegoesteves.in\/estudos\/wp-content\/uploads\/2019\/05\/Capture_2019-05-18-17-24-39-1-1240x2060.png 1240w, https:\/\/diegoesteves.in\/estudos\/wp-content\/uploads\/2019\/05\/Capture_2019-05-18-17-24-39-1-508x844.png 508w\" sizes=\"auto, (max-width: 1440px) 100vw, 1440px\" \/><\/p>\n<p><img loading=\"lazy\" decoding=\"async\" class=\"wp-image-1052 size-full aligncenter\" src=\"https:\/\/diegoesteves.in\/estudos\/wp-content\/uploads\/2019\/05\/Capture_2019-05-18-17-25-21-1.png\" width=\"1440\" height=\"2392\" srcset=\"https:\/\/diegoesteves.in\/estudos\/wp-content\/uploads\/2019\/05\/Capture_2019-05-18-17-25-21-1.png 1440w, https:\/\/diegoesteves.in\/estudos\/wp-content\/uploads\/2019\/05\/Capture_2019-05-18-17-25-21-1-181x300.png 181w, https:\/\/diegoesteves.in\/estudos\/wp-content\/uploads\/2019\/05\/Capture_2019-05-18-17-25-21-1-768x1276.png 768w, https:\/\/diegoesteves.in\/estudos\/wp-content\/uploads\/2019\/05\/Capture_2019-05-18-17-25-21-1-616x1024.png 616w, https:\/\/diegoesteves.in\/estudos\/wp-content\/uploads\/2019\/05\/Capture_2019-05-18-17-25-21-1-1240x2060.png 1240w, https:\/\/diegoesteves.in\/estudos\/wp-content\/uploads\/2019\/05\/Capture_2019-05-18-17-25-21-1-508x844.png 508w\" sizes=\"auto, (max-width: 1440px) 100vw, 1440px\" \/><\/p>\n<p><img loading=\"lazy\" decoding=\"async\" class=\"failed wp-image-1063 size-full aligncenter\" src=\"https:\/\/diegoesteves.in\/estudos\/wp-content\/uploads\/2019\/05\/Capture_2019-05-18-17-26-16-2.png\" width=\"1440\" height=\"2392\" srcset=\"https:\/\/diegoesteves.in\/estudos\/wp-content\/uploads\/2019\/05\/Capture_2019-05-18-17-26-16-2.png 1440w, https:\/\/diegoesteves.in\/estudos\/wp-content\/uploads\/2019\/05\/Capture_2019-05-18-17-26-16-2-181x300.png 181w, https:\/\/diegoesteves.in\/estudos\/wp-content\/uploads\/2019\/05\/Capture_2019-05-18-17-26-16-2-768x1276.png 768w, https:\/\/diegoesteves.in\/estudos\/wp-content\/uploads\/2019\/05\/Capture_2019-05-18-17-26-16-2-616x1024.png 616w, https:\/\/diegoesteves.in\/estudos\/wp-content\/uploads\/2019\/05\/Capture_2019-05-18-17-26-16-2-1240x2060.png 1240w, https:\/\/diegoesteves.in\/estudos\/wp-content\/uploads\/2019\/05\/Capture_2019-05-18-17-26-16-2-508x844.png 508w\" sizes=\"auto, (max-width: 1440px) 100vw, 1440px\" \/><\/p>\n<p><img loading=\"lazy\" decoding=\"async\" class=\"size-full wp-image-1054 aligncenter\" src=\"https:\/\/diegoesteves.in\/estudos\/wp-content\/uploads\/2019\/05\/Capture_2019-05-18-17-29-42-2.png\" width=\"1440\" height=\"2392\" srcset=\"https:\/\/diegoesteves.in\/estudos\/wp-content\/uploads\/2019\/05\/Capture_2019-05-18-17-29-42-2.png 1440w, https:\/\/diegoesteves.in\/estudos\/wp-content\/uploads\/2019\/05\/Capture_2019-05-18-17-29-42-2-181x300.png 181w, https:\/\/diegoesteves.in\/estudos\/wp-content\/uploads\/2019\/05\/Capture_2019-05-18-17-29-42-2-768x1276.png 768w, https:\/\/diegoesteves.in\/estudos\/wp-content\/uploads\/2019\/05\/Capture_2019-05-18-17-29-42-2-616x1024.png 616w, https:\/\/diegoesteves.in\/estudos\/wp-content\/uploads\/2019\/05\/Capture_2019-05-18-17-29-42-2-1240x2060.png 1240w, https:\/\/diegoesteves.in\/estudos\/wp-content\/uploads\/2019\/05\/Capture_2019-05-18-17-29-42-2-508x844.png 508w\" sizes=\"auto, (max-width: 1440px) 100vw, 1440px\" \/><\/p>\n<p><img loading=\"lazy\" decoding=\"async\" class=\"size-full wp-image-1059 aligncenter\" src=\"https:\/\/diegoesteves.in\/estudos\/wp-content\/uploads\/2019\/05\/Capture_2019-05-18-17-30-40-2.png\" width=\"1440\" height=\"2392\" srcset=\"https:\/\/diegoesteves.in\/estudos\/wp-content\/uploads\/2019\/05\/Capture_2019-05-18-17-30-40-2.png 1440w, https:\/\/diegoesteves.in\/estudos\/wp-content\/uploads\/2019\/05\/Capture_2019-05-18-17-30-40-2-181x300.png 181w, https:\/\/diegoesteves.in\/estudos\/wp-content\/uploads\/2019\/05\/Capture_2019-05-18-17-30-40-2-768x1276.png 768w, https:\/\/diegoesteves.in\/estudos\/wp-content\/uploads\/2019\/05\/Capture_2019-05-18-17-30-40-2-616x1024.png 616w, https:\/\/diegoesteves.in\/estudos\/wp-content\/uploads\/2019\/05\/Capture_2019-05-18-17-30-40-2-1240x2060.png 1240w, https:\/\/diegoesteves.in\/estudos\/wp-content\/uploads\/2019\/05\/Capture_2019-05-18-17-30-40-2-508x844.png 508w\" sizes=\"auto, (max-width: 1440px) 100vw, 1440px\" \/><\/p>\n","protected":false},"excerpt":{"rendered":"<p>Voltar ao in\u00edcio Siga o passo-a-passo para publicar notas no espa\u00e7o destinado para o arquivamento (bloco de notas), num plano de composi\u00e7\u00e3o deste curso.<\/p>\n","protected":false},"author":1,"featured_media":0,"parent":0,"menu_order":0,"comment_status":"open","ping_status":"closed","template":"","meta":{"footnotes":""},"class_list":["post-1064","page","type-page","status-publish","hentry"],"_links":{"self":[{"href":"https:\/\/diegoesteves.in\/estudos\/wp-json\/wp\/v2\/pages\/1064","targetHints":{"allow":["GET"]}}],"collection":[{"href":"https:\/\/diegoesteves.in\/estudos\/wp-json\/wp\/v2\/pages"}],"about":[{"href":"https:\/\/diegoesteves.in\/estudos\/wp-json\/wp\/v2\/types\/page"}],"author":[{"embeddable":true,"href":"https:\/\/diegoesteves.in\/estudos\/wp-json\/wp\/v2\/users\/1"}],"replies":[{"embeddable":true,"href":"https:\/\/diegoesteves.in\/estudos\/wp-json\/wp\/v2\/comments?post=1064"}],"version-history":[{"count":3,"href":"https:\/\/diegoesteves.in\/estudos\/wp-json\/wp\/v2\/pages\/1064\/revisions"}],"predecessor-version":[{"id":1100,"href":"https:\/\/diegoesteves.in\/estudos\/wp-json\/wp\/v2\/pages\/1064\/revisions\/1100"}],"wp:attachment":[{"href":"https:\/\/diegoesteves.in\/estudos\/wp-json\/wp\/v2\/media?parent=1064"}],"curies":[{"name":"wp","href":"https:\/\/api.w.org\/{rel}","templated":true}]}}