{"id":109,"date":"2018-06-27T17:51:46","date_gmt":"2018-06-27T17:51:46","guid":{"rendered":"https:\/\/diegoesteves.in\/estudos\/?page_id=109"},"modified":"2018-07-11T19:13:42","modified_gmt":"2018-07-11T19:13:42","slug":"7-27-07-2017-23-08-20174-6","status":"publish","type":"page","link":"https:\/\/diegoesteves.in\/estudos\/7-27-07-2017-23-08-20174-6\/","title":{"rendered":"[7] 27\/07\/2017 \u2013 23\/08\/2017"},"content":{"rendered":"<p><code><a href=\"https:\/\/diegoesteves.in\/estudos\/6-27-07-2017-23-08-20178-18\/\">Voltar para nota anterior<\/a><\/code><\/p>\n<p><code>Notas que apontam para esta: <a href=\"https:\/\/diegoesteves.in\/estudos\/4-27-07-2017-23-08-2017\/\">[4]<\/a> <a href=\"https:\/\/diegoesteves.in\/estudos\/6-27-07-2017-23-08-20178-18\/\">[6]<\/a><\/code><\/p>\n<p>&nbsp;<\/p>\n<p style=\"text-align: justify;\">Como criar um Corpo Potencial \u00e9 um problema de Educa\u00e7\u00e3o. Pensando os espa\u00e7os de educa\u00e7\u00e3o sempre com as for\u00e7as em <a href=\"https:\/\/diegoesteves.in\/estudos\/24-08-09-20177\/\">movimento<\/a>, onde criamos um territ\u00f3rio de jogo, para com o jogo chegar ao improviso. Trata-se, portanto, de uma <a href=\"https:\/\/diegoesteves.in\/estudos\/17-22-08-20173-7\/\">did\u00e1tica<\/a>, de um m\u00e9todo para se produzir um Corpo Potencial \u2013 para potencializar os corpos. <a href=\"https:\/\/diegoesteves.in\/estudos\/19-29-08-2017-08-09-20175-7\/\">De qual jogo se trata<\/a>? <a href=\"https:\/\/diegoesteves.in\/estudos\/21-08-09-20176-7\/\">Quais jogos s\u00e3o poss\u00edveis<\/a>? <a href=\"https:\/\/diegoesteves.in\/estudos\/51-19-10-20175-55-7\/\">De que improviso se trata<\/a>?<\/p>\n<p style=\"text-align: justify;\">Na composi\u00e7\u00e3o de nosso plano de iman\u00eancia temos tr\u00eas conceitos centrais \u2013 Corpo Potencial, Jogo e Improviso, tendo a Educa\u00e7\u00e3o como o plano de fundo e n\u00e3o a diferenciando da vida: pensando jogo e improviso para a cria\u00e7\u00e3o de corpos potenciais nos espa\u00e7os institucionalizados da Educa\u00e7\u00e3o, enquanto did\u00e1tica, mas sobretudo, para o que atravessa e transborda esse espa\u00e7o, para pensar uma <a href=\"https:\/\/diegoesteves.in\/estudos\/21-08-09-20176-7\/\">po\u00e9tica da exist\u00eancia<\/a>: a vida como fen\u00f4meno est\u00e9tico, o <a href=\"https:\/\/diegoesteves.in\/estudos\/23-08-09-201725-6\/\">jogo da exist\u00eancia<\/a>, o improviso como a via de um jogar com as for\u00e7as e o jogador enquanto um Corpo Potencial &#8211; corpo sem rosto, <a href=\"https:\/\/diegoesteves.in\/estudos\/50-19-10-2017\/\">corpo des(organizado)<\/a>.<\/p>\n<p style=\"text-align: right;\"><a href=\"https:\/\/diegoesteves.in\/estudos\/8-03-08-2017-10-08-201714-6\/\"><code>Seguir para a pr\u00f3xima nota<\/code><\/a><\/p>\n","protected":false},"excerpt":{"rendered":"<p>Voltar para nota anterior Notas que apontam para esta: [4] [6] &nbsp; Como criar um Corpo Potencial \u00e9 um problema de Educa\u00e7\u00e3o. Pensando os espa\u00e7os de educa\u00e7\u00e3o sempre com as for\u00e7as em movimento, onde criamos um territ\u00f3rio de jogo, para com o jogo chegar ao improviso. Trata-se, portanto, de uma did\u00e1tica, de um m\u00e9todo para [&hellip;]<\/p>\n","protected":false},"author":1,"featured_media":0,"parent":0,"menu_order":0,"comment_status":"closed","ping_status":"closed","template":"","meta":{"footnotes":""},"class_list":["post-109","page","type-page","status-publish","hentry"],"_links":{"self":[{"href":"https:\/\/diegoesteves.in\/estudos\/wp-json\/wp\/v2\/pages\/109","targetHints":{"allow":["GET"]}}],"collection":[{"href":"https:\/\/diegoesteves.in\/estudos\/wp-json\/wp\/v2\/pages"}],"about":[{"href":"https:\/\/diegoesteves.in\/estudos\/wp-json\/wp\/v2\/types\/page"}],"author":[{"embeddable":true,"href":"https:\/\/diegoesteves.in\/estudos\/wp-json\/wp\/v2\/users\/1"}],"replies":[{"embeddable":true,"href":"https:\/\/diegoesteves.in\/estudos\/wp-json\/wp\/v2\/comments?post=109"}],"version-history":[{"count":7,"href":"https:\/\/diegoesteves.in\/estudos\/wp-json\/wp\/v2\/pages\/109\/revisions"}],"predecessor-version":[{"id":724,"href":"https:\/\/diegoesteves.in\/estudos\/wp-json\/wp\/v2\/pages\/109\/revisions\/724"}],"wp:attachment":[{"href":"https:\/\/diegoesteves.in\/estudos\/wp-json\/wp\/v2\/media?parent=109"}],"curies":[{"name":"wp","href":"https:\/\/api.w.org\/{rel}","templated":true}]}}