{"id":1125,"date":"2019-06-12T00:57:01","date_gmt":"2019-06-12T00:57:01","guid":{"rendered":"https:\/\/diegoesteves.in\/estudos\/?page_id=1125"},"modified":"2019-06-12T01:17:00","modified_gmt":"2019-06-12T01:17:00","slug":"referencias-bibliograficas","status":"publish","type":"page","link":"https:\/\/diegoesteves.in\/estudos\/referencias-bibliograficas\/","title":{"rendered":"Refer\u00eancias Bibliogr\u00e1ficas"},"content":{"rendered":"<p>AD\u00d3, M\u00e1ximo Lamela. <strong>Aporias liter\u00e1rias: quest\u00f5es borgeanas na educa\u00e7\u00e3o<\/strong>. <strong>Revista Digital do LAV, Santa <\/strong>Maria, vol. 9, n. 2, 133 \u2013 145, maio\/agosto 2016.<\/p>\n<p>AD\u00d3, M\u00e1ximo Lamela. <strong>Autocomediografia intelectual de um educador<\/strong>. In. AD\u00d3, M\u00e1ximo; CORAZZA, Sandra; OLIVEIRA, Marcos (orgs.). Biografem\u00e1tica na Educa\u00e7\u00e3o: Vidarbos. Porto Alegre: UFRGS, Doisa, 2015.<\/p>\n<p>AD\u00d3, M\u00e1ximo Lamela. Educa\u00e7\u00e3o da Diferen\u00e7a: possibilidades de composi\u00e7\u00e3o. <strong>X ANPED SUL<\/strong>, Florian\u00f3polis, 2014.<\/p>\n<p>AD\u00d3, M\u00e1ximo Lamela. <strong>Educa\u00e7\u00e3o Potencial: <\/strong>autocom\u00e9dia do intelecto. Tese (Doutorado em Educa\u00e7\u00e3o). Programa de P\u00f3s Gradua\u00e7\u00e3o em Educa\u00e7\u00e3o, Faculdade de Educa\u00e7\u00e3o, Universidade Federal do Rio Grande do Sul. Orientadora: Sandra Corazza. Porto Alegre, UFRGS, 2013.<\/p>\n<p>AD\u00d3, M\u00e1ximo Lamela; CORAZZA, Sandra. A escrita sociogr\u00e1fica como did\u00e1tica transcriadora e produtora de presen\u00e7a. <strong>ETD &#8211; Educa\u00e7\u00e3o Tem\u00e1tica Digital<\/strong>, Campinas, SP, v. 17, n. 2, p. 271-288, ago. 2015.<\/p>\n<p>AD\u00d3, M\u00e1ximo Lamela; CORAZZA, Sandra. Sociografia e Educa\u00e7\u00e3o. <strong>Quaestio<\/strong>, Sorocaba, SP, v. 18, n.2 \u2013 edi\u00e7\u00e3o especial, p. 505-516, set.2016a.<\/p>\n<p>AD\u00d3, M\u00e1ximo; CORAZZA, Sandra. <strong>Conex\u00f5es Heterog\u00eaneas: Uma Educa\u00e7\u00e3o Potencial<\/strong>. In. AD\u00d3, M\u00e1ximo; CORAZZA, Sandra; POLIANA, Olini (orgs.). Panorama de Pesquisa em Escrileituras: Observat\u00f3rio da Educa\u00e7\u00e3o. Porto Alegre: Supernova, 2016b.<\/p>\n<p>ADORNO, Theodor. O ensaio como forma. In: ADORNO, Theodor. <strong>Notas de literatura 1<\/strong><em>. <\/em>Tradu\u00e7\u00e3o de Jorge de Almeida. S\u00e3o Paulo: Duas Cidades\/Editora 34, 2003.<\/p>\n<p>AGAMBEN, Giorgio. <strong>Profana\u00e7\u00f5es<\/strong>. Tradu\u00e7\u00e3o Selvino Jos\u00e9 Assmann. S\u00e3o Paulo: Boitempo, 2007.<\/p>\n<p>BACHELARD, Gaston. <strong>Estudos<\/strong>. Tradu\u00e7\u00e3o Estela dos Santos Abreu. Rio de janeiro: Contraponto, 2004.<\/p>\n<p>BACHELARD, Gaston. <strong>A experi\u00eancia do espa\u00e7o na f\u00edsica contempor\u00e2nea. <\/strong>Tradu\u00e7\u00e3o Estela dos Santos Abreu. Rio de janeiro: Contraponto, 2010.<\/p>\n<p>BAHIENSE, Vera. A vida modo de usar: um romance em puzzle<em>. <\/em><strong>Matraga<\/strong>, Rio de Janeiro, RJ, n.9, p. 81-84, out. 1997.<\/p>\n<p>BARTHES, Roland. <strong>A C\u00e2mara Clara<\/strong>. Notas sobre a fotografia. Tradu\u00e7\u00e3o J\u00falio Costa\u00f1on Guimar\u00e3es. Rio de janeiro: Nova Fronteira, 1984.<\/p>\n<p>BARTHES, Roland. <strong>Como Viver Junto<\/strong>. Leyla Perrone-Mois\u00e9s. S\u00e3o Paulo: Martins Fontes, 2003a.<\/p>\n<p>BARTHES, Roland. <strong>Escritos sobre o teatro. <\/strong>Tradu\u00e7\u00e3o Mario Laranjeira. S\u00e3o Paulo: Martins Fontes, 2007.<\/p>\n<p>BARTHES, Roland. <strong>O Prazer do Texto<\/strong>. Tradu\u00e7\u00e3o J. Guinsburg. S\u00e3o Paulo: Perspectiva, 1987.<\/p>\n<p>BARTHES, Roland. <strong>O rumor da l\u00edngua<\/strong>. Tradu\u00e7\u00e3o Mario Laranjeira. S\u00e3o Paulo: Martins Fontes, 2004.<\/p>\n<p>BARTHES, Roland. <strong>Roland Barthes por Roland Barthes<\/strong>. Tradu\u00e7\u00e3o Leila Perrone-Mois\u00e9s. S\u00e3o Paulo: Esta\u00e7\u00e3o Liberdade, 2003b.<\/p>\n<p>BATAILLE, Georges. <strong>Sobre Nietzsche<\/strong>: vontade de chance. Tradu\u00e7\u00e3o Fernando Scheibe. Belo Horizonte: Aut\u00eantica, 2017.<\/p>\n<p>BAUDRILLARD, Jean. <strong>A troca imposs\u00edvel. <\/strong>Tradu\u00e7\u00e3o Cristina Lacerda e Teresa Dias Carneiro da Cunha. Rio de janeiro: Nova Fronteira, 2002.<\/p>\n<p>BAUDRILLARD, Jean. <strong>De um Fragmento ao Outro<\/strong>. Tradu\u00e7\u00e3o Guilherme Jo\u00e3o de Freitas Teixeira. S\u00e3o Paulo: Zouk, 2003.<\/p>\n<p>BENJAMIN, Walter. <strong>Passagens<\/strong>. Tradu\u00e7\u00e3o do alem\u00e3o Irene Aron; Tradu\u00e7\u00e3o do franc\u00eas Cleonice Paes Barreto. Belo Horizonte: editora UFMG; S\u00e3o Paulo: imprensa oficial do Estado de S\u00e3o Paulo, 2009.<\/p>\n<p>BERGSON, Henri. <strong>A evolu\u00e7\u00e3o criadora. <\/strong>Tradu\u00e7\u00e3o Bento Prado Neto. S\u00e3o Paulo: Martins Fontes, 2005.<\/p>\n<p>BERGSON, Henri. <strong>A intui\u00e7\u00e3o filos\u00f3fica<\/strong>. In. Os Pensadores XXXVIII. S\u00e3o Paulo: Abril Cultural, 1974.<\/p>\n<p>BERGSON, Henri. <strong>Ensaio sobre os dados imediatos<\/strong>. Lisboa: Edi\u00e7\u00f5es 70, 1927.<\/p>\n<p>BLANCHOT, Maurice. <strong>A Conversa Infinita <\/strong>\u2013 A palavra plural<strong>. <\/strong>Tradu\u00e7\u00e3o Aur\u00e9lio Guerra Neto. S\u00e3o Paulo: Escuta, 2010.<\/p>\n<p>BORGES, Jorge Luis. <strong>Esse of\u00edcio do verso<\/strong>. Tradu\u00e7\u00e3o Jos\u00e9 Marcos Macedo. S\u00e3o Paulo: Companhia das Letras, 2000.<\/p>\n<p>BORGES, Jorge Luis. <strong>Fic\u00e7\u00f5es<\/strong>. Tradu\u00e7\u00e3o Carlos Nejar. S\u00e3o Paulo: Globo, 2001.<\/p>\n<p>CALVINO, Italo. <strong>As cidades invis\u00edveis<\/strong>. Tradu\u00e7\u00e3o Diogo Mainardi. S\u00e3o Paulo: Companhia das Letras, 1990a.<\/p>\n<p>CALVINO, Italo. <strong>Seis propostas para o pr\u00f3ximo mil\u00eanio<\/strong>. Tradu\u00e7\u00e3o Ivo Barroso. S\u00e3o Paulo: Companhia das Letras, 1990b.<\/p>\n<p>CAPRA, Fritjof. <strong>O Tao da F\u00edsica<\/strong>: um paralelo entre a F\u00edsica Moderna e o Misticismo Oriental. Tradu\u00e7\u00e3o Jos\u00e9 Fernandes Dias. S\u00e3o Paulo: Cultrix, 2006.<\/p>\n<p>CAPRA, Fritjof. <strong>Sabedoria Incomum<\/strong>. Tradu\u00e7\u00e3o Carlos Afonso Malferrari. S\u00e3o Paulo: Cultrix, 2009.<\/p>\n<p>CARLSON, Marvin. <strong>Performance: <\/strong>uma introdu\u00e7\u00e3o cr\u00edtica. Minas Gerais: Editora UFMG, 210.<\/p>\n<p>COMIT\u00ca INVIS\u00cdVEL. <strong>Aos nossos amigos<\/strong>. Crise e Insurrei\u00e7\u00e3o. Tradu\u00e7\u00e3o Edi\u00e7\u00f5es Antip\u00e1ticas. S\u00e3o Paulo, n-1 edi\u00e7\u00f5es, 2016.<\/p>\n<p>COMPAGNON, Antoine. <strong>O trabalho da cita\u00e7\u00e3o<\/strong>. Tradu\u00e7\u00e3o Cleonice P. B. Mour\u00e3o. Belo Horizonte: Editora UFMG, 2007.<\/p>\n<p>CORAZZA, Sandra Mara. <strong>O que se transcria em Educa\u00e7\u00e3o?<\/strong> Porto Alegre: UFRGS; Doisa, 2013.<\/p>\n<p>COUTINHO, Karyne. Por uma did\u00e1dica da improvisa\u00e7\u00e3o. <strong>Revista Em Aberto<\/strong>, Bras\u00edlia, v.31, n.101, p.121-132, jan\/abr. 2018.<\/p>\n<p>DELEUZE, Gilles. <strong>A Dobra<\/strong>. <strong>Leibniz e o Barroco<\/strong>. Tradu\u00e7\u00e3o Luiz Orlandi. Campinas: Papirus, 1991.<\/p>\n<p>DELEUZE, Gilles. <strong>Conversa\u00e7\u00f5es<\/strong>. Tradu\u00e7\u00e3o Peter P\u00e1l Pelbart. S\u00e3o Paulo: Ed.34, 1992.<\/p>\n<p>DELEUZE, Gilles. A literatura e a vida. In: DELEUZE, Gilles. <strong>Cr\u00edtica e Cl\u00ednica<\/strong>. Tradu\u00e7\u00e3o Peter P\u00e1l Pelbart. S\u00e3o Paulo: Ed 34, 1997.<\/p>\n<p>DELEUZE, Gilles. <strong>Diferen\u00e7a e Repeti\u00e7\u00e3o<\/strong>. Tradu\u00e7\u00e3o Luiz Orlandi e Roberto Machado. Rio de Janeiro: Graal, 1988.<\/p>\n<p>DELEUZE, Gilles. <strong>Espinosa<\/strong>: Filosofia Pr\u00e1tica. Tradu\u00e7\u00e3o Daniel Lins e Fabien Pascal Lins. S\u00e3o Paulo: Escuta, 2002.<\/p>\n<p>DELEUZE, Gilles. <strong>Foucault<\/strong>. Tradu\u00e7\u00e3o Renato Ribeiro. S\u00e3o Paulo: Brasiliense, 2006.<\/p>\n<p>DELEUZE, Gilles. Instintos e institui\u00e7\u00f5es. Tradu\u00e7\u00e3o Luiz B.L. Orlandi. In.: ORLANDI, Luiz B.L. (org.). <strong>A ilha deserta e outros textos<\/strong>. Textos e entrevistas (1953-1974). S\u00e3o Paulo: Iluminuras, 2004. p.17-20.<\/p>\n<p>DELEUZE, Gilles. <strong>Nietzsche e a Filosofia<\/strong>. Tradu\u00e7\u00e3o Edmundo Fernandes Dias e Ruth Joffily Dias. Rio de Janeiro: Editora Rio, 1976.<\/p>\n<p>DELEUZE, Gilles. <strong>Nietzsche<\/strong>. Tradu\u00e7\u00e3o Alberto Campos. Lisboa: Edi\u00e7\u00f5es 70, 2007.<\/p>\n<p>DELEUZE, Gilles; GUATTARI, F\u00e9lix. <strong>Mil Plat\u00f4s, vol.1<\/strong>. Tradu\u00e7\u00e3o Aur\u00e9lio Guerra Neto e Celia Pinto Costa. S\u00e3o Paulo: Editora 34, 1995a.<\/p>\n<p>DELEUZE, Gilles; GUATTARI, F\u00e9lix. <strong>Mil Plat\u00f4s, vol.2<\/strong>. Tradu\u00e7\u00e3o Ana L\u00facia de Oliveira e L\u00facia Cl\u00e1udia Le\u00e3o. S\u00e3o Paulo: Editora 34, 1995b.<\/p>\n<p>DELEUZE, Gilles; GUATTARI, F\u00e9lix. <strong>Mil Plat\u00f4s, vol.3<\/strong>. Tradu\u00e7\u00e3o Aur\u00e9lio Guerra Neto, Ana L\u00facia de Oliveira, L\u00facia Cl\u00e1udia Le\u00e3o e Suely Rolnik. S\u00e3o Paulo: Editora 34, 1996.<\/p>\n<p>DELEUZE, Gilles; GUATTARI, F\u00e9lix. <strong>Mil Plat\u00f4s, vol.5<\/strong>. Tradu\u00e7\u00e3o de Peter P\u00e1l Pelbart e Janice Caiafa. S\u00e3o Paulo: Editora 34, 1997.<\/p>\n<p>DELEUZE, Gilles; GUATTARI, F\u00e9lix. <strong>O que \u00e9 a filosofia?<\/strong> Tradu\u00e7\u00e3o Bento Prado Jr. E Alberto Alonso Mu\u00f1oz. S\u00e3o Paulo: Editora 34, 1992.<\/p>\n<p><em>DERRIDA<\/em><em>, <\/em><em>Jacques. A Estrutura, o Signo e o Jogo no Discurso das Ci\u00eancias Humanas. In<\/em>:<em> DERRIDA<\/em><em>, <\/em><em>Jacques<\/em>. <strong>A Escritura e a Diferen\u00e7a<\/strong>. Tradu\u00e7\u00e3o Maria Beatriz Marques da Silva. S\u00e3o Paulo: Perspectiva, 1971.<\/p>\n<p>ECO, Umberto. <strong>Sobre a literatura<\/strong>. Tradu\u00e7\u00e3o de Eliana Aguiar. Rio de Janeiro: Record, 2003.<\/p>\n<p>FLUSSER, Vil\u00e9m. Da fic\u00e7\u00e3o. <strong>O Di\u00e1rio<\/strong> de Ribeir\u00e3o Preto, S\u00e3o Paulo, 26 de agosto de 1966. Dispon\u00edvel em &lt;http:\/\/paginas.terra.com.br\/art\/dubitoergosum\/arquivvo02.htm&gt;. Acesso em: 16 de maio 2006.<\/p>\n<p>FOUCAULT, Michel. <strong>A escrita de si<\/strong>. In: O que \u00e9 um autor? Lisboa: Passagens. 1992. pp. 129-160.<\/p>\n<p>FOUCAULT, Michel. <strong>A hermen\u00eautica do sujeito<\/strong>. S\u00e3o Paulo: Martins Fontes, 2006.<\/p>\n<p>FOUCAULT, Michel. <strong>A Ordem do Discurso<\/strong>. Tradu\u00e7\u00e3o Laura Fraga de Almeida Sampaio. Rio de Janeiro: Loyola, 2007.<\/p>\n<p>FOUCAULT, Michel. <strong>O pensamento do exterior<\/strong>. In. FOUCAULT, Michel. Ditos e Escritos : Est\u00e9tica &#8211; literatura e pintura, m\u00fasica e cinema, v. III. Tradu\u00e7\u00e3o In\u00eas Barbosa. Rio de Janeiro: Forense Universit\u00e1ria, 2001a. p.219-242<\/p>\n<p>FOUCAULT, Michel. <strong>O Que \u00e9 um Autor? <\/strong>In: FOUCAULT, Michel. Ditos e Escritos: Est\u00e9tica \u2013 literatura e pintura, m\u00fasica e cinema, v. III. Tradu\u00e7\u00e3o In\u00eas Barbosa. Rio de Janeiro: Forense Universit\u00e1ria, 2001b. p. 264-298<\/p>\n<p>GALLO, Silvio; GENIS, Andrea D\u00edaz. Filosofia da Educa\u00e7\u00e3o, Exerc\u00edcios Espirituais e Arte de Exist\u00eancia. <strong>Revista Educa\u00e7\u00e3o em Foco<\/strong>. Juiz de Fora, v.20, n.2, p.95-114, jul.2015\/out.2015.<\/p>\n<p>GIL, Jos\u00e9. <strong>Movimento Total: <\/strong>o corpo e a dan\u00e7a. S\u00e3o Paulo: Iluminuras, 2004.<\/p>\n<p>GRANIER, Jean. <strong>Nietzsche<\/strong>. Tradu\u00e7\u00e3o Denise Bottmann. Porto Alegre: L&amp;PM, 2009.<\/p>\n<p>GREINER, Christine. <strong>O Corpo<\/strong>. 2 ed. S\u00e3o Paulo: Annablume, 2006.<\/p>\n<p>GUATTARI, F\u00e9lix. <strong>As Tr\u00eas Ecologias<\/strong>.2\u00aa ed. Tradu\u00e7\u00e3o Maria Cristina F. Bittencourt. Campinas-SP: Papirus, 2012.<\/p>\n<p>GUATTARI, F\u00e9lix. <strong>Caosmose: <\/strong>um novo paradigma est\u00e9tico. S\u00e3o Paulo: Ed. 34, 1992.<\/p>\n<p>GUMBRECHT, Hans Ulrich. <strong>Produ\u00e7\u00e3o de presen\u00e7a<\/strong>: o que o sentido n\u00e3o consegue transmitir. Rio de janeiro: Contraponto: Ed. PUC-Rio, 2010.<\/p>\n<p>HADOT, Pierre. <strong>Exercices Spirituels et Philosophie Antique<\/strong>. Paris: Albin Michel, 2002.<\/p>\n<p>KLINGER, Diana Irene. <strong>Escritas de si, escritas do outro: <\/strong>autofic\u00e7\u00e3o e etnografia na narrativa latino-americana contempor\u00e2nea. Tese (Doutorado em Letras). Universidade do Rio de Janeiro, Instituto de Letras, Rio de Janeiro, 2006.<\/p>\n<p>LARROSA, Jorge. Imagens do Estudar e duas hist\u00f3rias jass\u00eddicas sobre a transmiss\u00e3o e a renova\u00e7\u00e3o. In.: LARROSA, Jorge. <strong>Pedagogia profana<\/strong>: dan\u00e7as, piruetas e mascaradas. Tradu\u00e7\u00e3o Alfredo Veiga-Neto. Belo Horizonte: Aut\u00eantica 2006, p. 199-203.<\/p>\n<p>LARROSA, Jorge. <strong>Nietzsche e a Educa\u00e7\u00e3o<\/strong>. Tradu\u00e7\u00e3o Sam\u00edramis Gorini da Veiga. Belo Horizonte: Aut\u00eantica, 2009.<\/p>\n<p>MACHADO, Roberto. <strong>Deleuze, a arte e filosofia<\/strong>. Rio de Janeiro: Zahar, 2009.<\/p>\n<p>MONTAIGNE, Michel de. <strong>Ensaios: Que filosofar \u00e9 aprender a morrer e outros ensaios<\/strong>. Tradu\u00e7\u00e3o Julia da Rosa Sim\u00f5es. Porto Alegre, RS: L&amp;PM, 2017.<\/p>\n<p>NABAIS, Catarina Pombo. Filosofia, Arte e Ci\u00eancia: modos de pensar o acontecimento e o virtual segundo Gilles Deleuze In: D. Fern\u00e1ndez Duque; E. Parejo; I. Hern\u00e1ndez Ant\u00f3n (Eds.). Estudios de L\u00f3gica, Lenguaje y Epistemolog\u00eda. Sevilha: F\u00e9nix Editora, 2010, pp.319-326.<\/p>\n<p>NIETZSCHE, Friedrich. <strong>A Gaia Ci\u00eancia<\/strong>. Tradu\u00e7\u00e3o Jean Melville. S\u00e3o Paulo: Editora Martin Claret, 2005a.<\/p>\n<p>NIETZSCHE, Friedrich. <strong>O Nascimento da Trag\u00e9dia<\/strong>. Tradu\u00e7\u00e3o Heloisa da Gra\u00e7a Burati. S\u00e3o Paulo: Rideel, 2005b.<\/p>\n<p>ORLANDI, Luis. O indiv\u00edduo e sua implexa pr\u00e9-individualidade. In: <strong>Cadernos de subjetividade. <\/strong>S\u00e3o Paulo: Hucitec, 1993.<\/p>\n<p>PEREC, Georges. <strong>Pensar\/Clasificar<\/strong>. Tradu\u00e7\u00e3o Carlos Gardini. Barcelona: Gedisa, 1986.<\/p>\n<p>PEREIRA, Vin\u00edcius Carvalho. A escrita como jogo: desafios e <em>contraentes <\/em>na literatura do Oulipo. <strong>Revista Outra Travessia<\/strong>, Florian\u00f3polis, vol. 13, 119-135, 2012.<\/p>\n<p>PESSOA, Fernando. <strong>Alberto Caeiro, Poesias Completas. <\/strong>S\u00e3o Paulo: Companhia das Letras, 2005.<\/p>\n<p>RANCI\u00c8RE, Jacques. Deleuze e a Literatura. <strong>Revista Matraga<\/strong>. Rio de Janeiro, v.12, 1999.<\/p>\n<p>REZENDE, Luiz. \u00c9 escrevendo que se vira escrevedor. In: QUENEAU, Raymond. <strong>Exerc\u00edcios de estilo<\/strong>. Rio de Janeiro: Imago, 1995. p. 11-15.<\/p>\n<p>ROTTERDAM, Erasmo. <strong>Elogio da loucura. <\/strong>Tradu\u00e7\u00e3o Ciro Mioranza. Editora Escala: S\u00e3o Paulo,1982.<\/p>\n<p>SAER, Juan Jos\u00e9. O conceito de fic\u00e7\u00e3o. Desterro, <strong>SOPRO &#8211; panfleto pol\u00edtico-cultural<\/strong>, v.15, agosto de 2009. Dispon\u00edvel em:&lt; http:\/\/culturaebarbarie.org\/sopro\/n15.pdf &gt;. Acesso em 20 de mar\u00e7o de 2018.<\/p>\n<p>SAFRANSKI, R\u00fcdiger. Nietzsche o la filosof\u00eda como autoexperimentaci\u00f3n. <strong>Revista Lienzo<\/strong>, Lima, n.19, 83-106, 1998.<\/p>\n<p>SALES, M\u00e1rcio . <strong>Deleuze e Artaud<\/strong>: um passeio pelo corpo sem \u00f3rg\u00e3os. In: Sandro Kobol Fornazari, Adriana B. de Azevedo, B\u00e1rbara L. Ramacciotti, C\u00edntia V. da Silva. (Org.). Deleuze hoje. 1ed.S\u00e3o Paulo: Fap-Unifesp, 2014, v. , p. 1-576.<\/p>\n<p>SALLES, Cec\u00edlia Almeida. <strong>Cr\u00edtica gen\u00e9tica: fundamentos dos estudos gen\u00e9ticos sobre o processo de cria\u00e7\u00e3o art\u00edstica<\/strong>. S<\/p>\n<p>SERRES, Michel. <strong>Varia\u00e7\u00f5es Sobre o Corpo<\/strong>. Tradu\u00e7\u00e3o Edgard de Assis Carvalho e Mariza Perassi Bosco.\u00a0 Rio de Janeiro: Bertrand, 2004.<\/p>\n<p>SIMONDON, Gilbert. A g\u00eanese do indiv\u00edduo. In: <strong>Cadernos de subjetividade. <\/strong>S\u00e3o Paulo: Hucitec, 1993.<\/p>\n<p>SPINOZA, Benedictus de. <strong>\u00c9tica<\/strong>. Tradu\u00e7\u00e3o Tomaz Tadeu. Belo Horizonte: Aut\u00eantica, 2010.<\/p>\n<p>SPOLIN, Viola. <strong>Improvisa\u00e7\u00e3o para o Teatro<\/strong>. Tradu\u00e7\u00e3o Ingrid Dormien Koudela e Eduardo Jos\u00e9 de Almeida Amos. S\u00e3o Paulo: Perspectiva, 2015.<\/p>\n<p>VAL\u00c9RY, Paul. <strong>Introdu\u00e7\u00e3o ao M\u00e9todo de Leonardo da Vinci<\/strong>. Tradu\u00e7\u00e3o Jos\u00e9 Martins Garcia. Lisboa: Arc\u00e1dia, 1979.<\/p>\n<p>VAL\u00c9RY, Paul. <strong>Li\u00e7\u00f5es de Po\u00e9tica<\/strong>. Tradu\u00e7\u00e3o Pedro Sette-C\u00e2mara. Belo Horizonte: Editora \u00c2yin\u00e9, 2018.<\/p>\n<p>VIEIRA, Jorge. <strong>Complexidade e Conhecimento Cient\u00edfico. <\/strong>I Simp\u00f3sio sobre Percep\u00e7\u00e3o de Desafios Cient\u00edficos e novas Estruturas Organizacionais. 2007.<\/p>\n<p>WARA, Dinesh. <strong>Corpo: <\/strong>pistas e fronteiras. Tradu\u00e7\u00e3o Cl\u00e9cio Vieira. S\u00e3o Paulo: Sentidos, 2001.<\/p>\n","protected":false},"excerpt":{"rendered":"<p>AD\u00d3, M\u00e1ximo Lamela. Aporias liter\u00e1rias: quest\u00f5es borgeanas na educa\u00e7\u00e3o. Revista Digital do LAV, Santa Maria, vol. 9, n. 2, 133 \u2013 145, maio\/agosto 2016. AD\u00d3, M\u00e1ximo Lamela. Autocomediografia intelectual de um educador. In. AD\u00d3, M\u00e1ximo; CORAZZA, Sandra; OLIVEIRA, Marcos (orgs.). Biografem\u00e1tica na Educa\u00e7\u00e3o: Vidarbos. Porto Alegre: UFRGS, Doisa, 2015. AD\u00d3, M\u00e1ximo Lamela. Educa\u00e7\u00e3o da Diferen\u00e7a: [&hellip;]<\/p>\n","protected":false},"author":1,"featured_media":0,"parent":0,"menu_order":0,"comment_status":"closed","ping_status":"closed","template":"","meta":{"footnotes":""},"class_list":["post-1125","page","type-page","status-publish","hentry"],"_links":{"self":[{"href":"https:\/\/diegoesteves.in\/estudos\/wp-json\/wp\/v2\/pages\/1125","targetHints":{"allow":["GET"]}}],"collection":[{"href":"https:\/\/diegoesteves.in\/estudos\/wp-json\/wp\/v2\/pages"}],"about":[{"href":"https:\/\/diegoesteves.in\/estudos\/wp-json\/wp\/v2\/types\/page"}],"author":[{"embeddable":true,"href":"https:\/\/diegoesteves.in\/estudos\/wp-json\/wp\/v2\/users\/1"}],"replies":[{"embeddable":true,"href":"https:\/\/diegoesteves.in\/estudos\/wp-json\/wp\/v2\/comments?post=1125"}],"version-history":[{"count":2,"href":"https:\/\/diegoesteves.in\/estudos\/wp-json\/wp\/v2\/pages\/1125\/revisions"}],"predecessor-version":[{"id":1127,"href":"https:\/\/diegoesteves.in\/estudos\/wp-json\/wp\/v2\/pages\/1125\/revisions\/1127"}],"wp:attachment":[{"href":"https:\/\/diegoesteves.in\/estudos\/wp-json\/wp\/v2\/media?parent=1125"}],"curies":[{"name":"wp","href":"https:\/\/api.w.org\/{rel}","templated":true}]}}