{"id":1177,"date":"2019-10-03T23:50:07","date_gmt":"2019-10-03T23:50:07","guid":{"rendered":"https:\/\/diegoesteves.in\/estudos\/?page_id=1177"},"modified":"2019-10-03T23:50:07","modified_gmt":"2019-10-03T23:50:07","slug":"113-03-10-2019","status":"publish","type":"page","link":"https:\/\/diegoesteves.in\/estudos\/113-03-10-2019\/","title":{"rendered":"[113] 03\/10\/2019"},"content":{"rendered":"\n<h2 class=\"wp-block-heading\">Uma retomanda<\/h2>\n\n\n<p><a href=\"https:\/\/diegoesteves.in\/estudos\/112-25-06-2019-03-07-2019\/\"><code>Voltar para nota anterior<\/code><\/a><\/p>\n<p style=\"text-align: justify;\">Precisamente h\u00e1 tr\u00eas meses atr\u00e1s eu publicava a nota 112 que se antecede \u00e0 esta. Neste per\u00edodo defendi minha disserta\u00e7\u00e3o, homologuei e emiti meu diploma. Neste per\u00edodo tamb\u00e9m apresentei a aula-espet\u00e1culo \u201cCaosmologia: sobre a exist\u00eancia, o apreender e o expressar\u201d. Desde julho, j\u00e1 n\u00e3o residindo no apartamento cujo as imagens da parede emolduram este s\u00edtio e, nesta data precisa na qual escrevo, estou em Macei\u00f3, Alagoas, Brasil (e daqui sigo para o estado do Rio de Janeiro, apresentando um trabalho no Encontro Nacional da Associa\u00e7\u00e3o Nacional dos Pesquisadores em Educa\u00e7\u00e3o, em Niter\u00f3i, e depois de conhecer outras cidades neste estado e em S\u00e3o Paulo, vou para Campinas, participar do evento Conex\u00f5es Deleuze e, por fim, provavelmente para Goi\u00e2nia coordenar um resid\u00eancia art\u00edstica, e conhecendo Bras\u00edlia e a Chapada dos Veadeiros).<\/p>\n<p style=\"text-align: justify;\">Esta nota, portanto, \u00e9 um entremeio, um registro de uma transi\u00e7\u00e3o, j\u00e1 h\u00e1 muito iniciada (evidente que muitas coisas ocorreram neste per\u00edodo, e que os humores produzidos n\u00e3o estimularam a escrita e, ademais, parecia necess\u00e1rio um afastamento).<\/p>\n<p style=\"text-align: justify;\">Provavelmente, daqui por diante, se modifiquem os caminhos tal como sistematizados para a disserta\u00e7\u00e3o (ou abolir os caminhos, ou restringir em poucas s\u00e9ries, estas iniciadas ap\u00f3s o fim do mestrado \u2014 ali\u00e1s, pode as s\u00e9ries se remeterem \u00e0 per\u00edodos transcorridos).<\/p>\n<p style=\"text-align: justify;\">Outro destaque importante \u00e9 a aula-espet\u00e1culo e seu respectivo espa\u00e7o articulado com este s\u00edtio e suas salas: <a href=\"http:\/\/diegoesteves.in\/caosmologia\/\">http:\/\/diegoesteves.in\/caosmologia\/<\/a> . A primeira aula foi realizada no dia 02 de agosto, na Universidade Federal do Rio Grande do Sul. A segunda ser\u00e1 apresentada amanh\u00e3, na Escola T\u00e9cnica de Artes Dram\u00e1ticas, junto a Universidade de Alagoas.<\/p>\n<p style=\"text-align: justify;\">Por certo que existem mais coisas a serem ditas, mas n\u00e3o parece que agora se dir\u00e3o.<\/p>\n<p style=\"text-align: right;\"><code>Seguir para a pr\u00f3xima nota<\/code><\/p>","protected":false},"excerpt":{"rendered":"<p>Uma retomanda Voltar para nota anterior Precisamente h\u00e1 tr\u00eas meses atr\u00e1s eu publicava a nota 112 que se antecede \u00e0 esta. Neste per\u00edodo defendi minha disserta\u00e7\u00e3o, homologuei e emiti meu diploma. Neste per\u00edodo tamb\u00e9m apresentei a aula-espet\u00e1culo \u201cCaosmologia: sobre a exist\u00eancia, o apreender e o expressar\u201d. Desde julho, j\u00e1 n\u00e3o residindo no apartamento cujo as [&hellip;]<\/p>\n","protected":false},"author":1,"featured_media":0,"parent":0,"menu_order":0,"comment_status":"closed","ping_status":"closed","template":"","meta":{"footnotes":""},"class_list":["post-1177","page","type-page","status-publish","hentry"],"_links":{"self":[{"href":"https:\/\/diegoesteves.in\/estudos\/wp-json\/wp\/v2\/pages\/1177","targetHints":{"allow":["GET"]}}],"collection":[{"href":"https:\/\/diegoesteves.in\/estudos\/wp-json\/wp\/v2\/pages"}],"about":[{"href":"https:\/\/diegoesteves.in\/estudos\/wp-json\/wp\/v2\/types\/page"}],"author":[{"embeddable":true,"href":"https:\/\/diegoesteves.in\/estudos\/wp-json\/wp\/v2\/users\/1"}],"replies":[{"embeddable":true,"href":"https:\/\/diegoesteves.in\/estudos\/wp-json\/wp\/v2\/comments?post=1177"}],"version-history":[{"count":1,"href":"https:\/\/diegoesteves.in\/estudos\/wp-json\/wp\/v2\/pages\/1177\/revisions"}],"predecessor-version":[{"id":1178,"href":"https:\/\/diegoesteves.in\/estudos\/wp-json\/wp\/v2\/pages\/1177\/revisions\/1178"}],"wp:attachment":[{"href":"https:\/\/diegoesteves.in\/estudos\/wp-json\/wp\/v2\/media?parent=1177"}],"curies":[{"name":"wp","href":"https:\/\/api.w.org\/{rel}","templated":true}]}}