{"id":125,"date":"2018-06-27T18:15:58","date_gmt":"2018-06-27T18:15:58","guid":{"rendered":"https:\/\/diegoesteves.in\/estudos\/?page_id=125"},"modified":"2018-07-17T12:19:26","modified_gmt":"2018-07-17T12:19:26","slug":"12-10-08-20176-15","status":"publish","type":"page","link":"https:\/\/diegoesteves.in\/estudos\/12-10-08-20176-15\/","title":{"rendered":"[12] 10\/08\/2017"},"content":{"rendered":"<p><a href=\"https:\/\/diegoesteves.in\/estudos\/11-10-08-201718\/\"><code>Voltar para nota anterior<\/code><\/a><\/p>\n<p><code>Notas que apontam para esta: <a href=\"https:\/\/diegoesteves.in\/estudos\/6-27-07-2017-23-08-20178-18\/\">[6]<\/a> <a href=\"https:\/\/diegoesteves.in\/estudos\/15-10-08-2017\/\">[15]<\/a><\/code><\/p>\n<p>&nbsp;<\/p>\n<p style=\"text-align: justify;\">Com o corpo, atrav\u00e9s dele e sobre ele: na tentativa de distinguir o corpo do qual trata esse estudo, retornamos sempre, de alguma forma, para a <a href=\"https:\/\/diegoesteves.in\/estudos\/63-07-12-2017\/\">rela\u00e7\u00e3o do ser em devir com os processos de subjetiva\u00e7\u00e3o<\/a>. Um processo que entendemos que se d\u00e1 num jogo: \u201cDion\u00edsio \u00e9 como a tela sobre a qual Apolo borda a bela apar\u00eancia; mas, sob Apolo, \u00e9 Dion\u00edsio quem ruge. A pr\u00f3pria ant\u00edtese ent\u00e3o precisa ser resolvida, \u2018transformada em unidade\u2019\u201d (DELEUZE, 1976, p.8). \u00c9 essa unidade, n\u00e3o fixa, que se busca num Corpo Potencial: equil\u00edbrio como um ir e vir entre Apolo e Dion\u00edsio, <a href=\"https:\/\/diegoesteves.in\/estudos\/24-08-09-20177\/\">n\u00e3o centrado<\/a>, din\u00e2mico; obra aberta, rachada, <a href=\"https:\/\/diegoesteves.in\/estudos\/56-19-10-20173\/\">fr\u00e1gil<\/a>, mas n\u00e3o necessariamente exposta em suas rupturas: um jogo de estilo, produ\u00e7\u00e3o de si, est\u00e9tica, <a href=\"https:\/\/diegoesteves.in\/estudos\/53-19-10-2017\/\">flerte<\/a>, gra\u00e7a, improviso.<\/p>\n<p style=\"text-align: right;\"><a href=\"https:\/\/diegoesteves.in\/estudos\/13-10-08-2017\/\"><code>Seguir para a pr\u00f3xima nota<\/code><\/a><\/p>\n","protected":false},"excerpt":{"rendered":"<p>Voltar para nota anterior Notas que apontam para esta: [6] [15] &nbsp; Com o corpo, atrav\u00e9s dele e sobre ele: na tentativa de distinguir o corpo do qual trata esse estudo, retornamos sempre, de alguma forma, para a rela\u00e7\u00e3o do ser em devir com os processos de subjetiva\u00e7\u00e3o. Um processo que entendemos que se d\u00e1 [&hellip;]<\/p>\n","protected":false},"author":1,"featured_media":0,"parent":0,"menu_order":0,"comment_status":"closed","ping_status":"closed","template":"","meta":{"footnotes":""},"class_list":["post-125","page","type-page","status-publish","hentry"],"_links":{"self":[{"href":"https:\/\/diegoesteves.in\/estudos\/wp-json\/wp\/v2\/pages\/125","targetHints":{"allow":["GET"]}}],"collection":[{"href":"https:\/\/diegoesteves.in\/estudos\/wp-json\/wp\/v2\/pages"}],"about":[{"href":"https:\/\/diegoesteves.in\/estudos\/wp-json\/wp\/v2\/types\/page"}],"author":[{"embeddable":true,"href":"https:\/\/diegoesteves.in\/estudos\/wp-json\/wp\/v2\/users\/1"}],"replies":[{"embeddable":true,"href":"https:\/\/diegoesteves.in\/estudos\/wp-json\/wp\/v2\/comments?post=125"}],"version-history":[{"count":8,"href":"https:\/\/diegoesteves.in\/estudos\/wp-json\/wp\/v2\/pages\/125\/revisions"}],"predecessor-version":[{"id":856,"href":"https:\/\/diegoesteves.in\/estudos\/wp-json\/wp\/v2\/pages\/125\/revisions\/856"}],"wp:attachment":[{"href":"https:\/\/diegoesteves.in\/estudos\/wp-json\/wp\/v2\/media?parent=125"}],"curies":[{"name":"wp","href":"https:\/\/api.w.org\/{rel}","templated":true}]}}