{"id":129,"date":"2018-06-27T18:21:59","date_gmt":"2018-06-27T18:21:59","guid":{"rendered":"https:\/\/diegoesteves.in\/estudos\/?page_id=129"},"modified":"2018-07-17T13:16:06","modified_gmt":"2018-07-17T13:16:06","slug":"14-10-08-20173-18","status":"publish","type":"page","link":"https:\/\/diegoesteves.in\/estudos\/14-10-08-20173-18\/","title":{"rendered":"[14] 10\/08\/2017"},"content":{"rendered":"<p><a href=\"https:\/\/diegoesteves.in\/estudos\/13-10-08-2017\/\"><code>Voltar para nota anterior<\/code><\/a><\/p>\n<p><code>Notas que apontam para esta: <a href=\"https:\/\/diegoesteves.in\/estudos\/3-27-07-2017-23-08-2017\/\">[3]<\/a> <a href=\"https:\/\/diegoesteves.in\/estudos\/17-22-08-20173-7\/\">[17]<\/a> <a href=\"https:\/\/diegoesteves.in\/estudos\/18-22-08-2017-08-09-201719-6\/\">[18]<\/a><\/code><\/p>\n<p>&nbsp;<\/p>\n<p style=\"text-align: justify;\">\u00c9 preciso ent\u00e3o empreender uma jornada<a href=\"#f8\"><sup>[8]<\/sup><\/a>, no que acreditamos ser esse o sentido e o destino da educa\u00e7\u00e3o: os passos, os caminhos, em pausas e retomadas, em linhas retas e tortas, idas e vindas, em estradas, em dan\u00e7as, e sobre o fino fio da vida: \u201cpara descobrir a virtude, \u00e9 preciso penetrar nas pr\u00f3prias ra\u00edzes da vida, nas rea\u00e7\u00f5es bioqu\u00edmicas prim\u00e1rias da energia ou nos primeiros ritmos do tempo; a coragem tem in\u00edcio no segredo de sua efic\u00e1cia, na express\u00e3o incoativa de suas for\u00e7as\u201d. (SERRES, 2004, p.49).<\/p>\n<p style=\"text-align: justify;\">Enquanto os p\u00e9s se encontram firmes com a superf\u00edcie da terra, como um guerreiro, mesmo que se equilibrando em zonas estreitas, as demais superf\u00edcies do corpo dan\u00e7am no encontro com outros corpos, jogam, como um malabarista, fazem aparecer e desaparecer as mat\u00e9rias, como um m\u00e1gico, comp\u00f5em, como um core\u00f3grafo,\u00a0 e fazem rir, como um palha\u00e7o, no jogo da exist\u00eancia:<\/p>\n<blockquote>\n<p style=\"text-align: justify;\">A inoc\u00eancia \u00e9 o jogo da exist\u00eancia, da for\u00e7a e da vontade. A exist\u00eancia afirmada e apreciada, a for\u00e7a n\u00e3o separada, a vontade n\u00e3o desdobrada, essa \u00e9 a primeira aproxima\u00e7\u00e3o da inoc\u00eancia. (&#8230;) Her\u00e1clito \u00e9 aquele para quem a vida \u00e9 radicalmente inocente e justa. Compreende a inoc\u00eancia a partir de um instinto de jogo, faz da exist\u00eancia um fen\u00f4meno est\u00e9tico. (DELEUZE, 1976, p.14).<\/p>\n<\/blockquote>\n<p style=\"text-align: right;\"><a href=\"https:\/\/diegoesteves.in\/estudos\/15-10-08-2017\/\"><code>Seguir para a pr\u00f3xima nota<\/code><\/a><\/p>\n","protected":false},"excerpt":{"rendered":"<p>Voltar para nota anterior Notas que apontam para esta: [3] [17] [18] &nbsp; \u00c9 preciso ent\u00e3o empreender uma jornada[8], no que acreditamos ser esse o sentido e o destino da educa\u00e7\u00e3o: os passos, os caminhos, em pausas e retomadas, em linhas retas e tortas, idas e vindas, em estradas, em dan\u00e7as, e sobre o fino [&hellip;]<\/p>\n","protected":false},"author":1,"featured_media":0,"parent":0,"menu_order":0,"comment_status":"closed","ping_status":"closed","template":"","meta":{"footnotes":""},"class_list":["post-129","page","type-page","status-publish","hentry"],"_links":{"self":[{"href":"https:\/\/diegoesteves.in\/estudos\/wp-json\/wp\/v2\/pages\/129","targetHints":{"allow":["GET"]}}],"collection":[{"href":"https:\/\/diegoesteves.in\/estudos\/wp-json\/wp\/v2\/pages"}],"about":[{"href":"https:\/\/diegoesteves.in\/estudos\/wp-json\/wp\/v2\/types\/page"}],"author":[{"embeddable":true,"href":"https:\/\/diegoesteves.in\/estudos\/wp-json\/wp\/v2\/users\/1"}],"replies":[{"embeddable":true,"href":"https:\/\/diegoesteves.in\/estudos\/wp-json\/wp\/v2\/comments?post=129"}],"version-history":[{"count":7,"href":"https:\/\/diegoesteves.in\/estudos\/wp-json\/wp\/v2\/pages\/129\/revisions"}],"predecessor-version":[{"id":881,"href":"https:\/\/diegoesteves.in\/estudos\/wp-json\/wp\/v2\/pages\/129\/revisions\/881"}],"wp:attachment":[{"href":"https:\/\/diegoesteves.in\/estudos\/wp-json\/wp\/v2\/media?parent=129"}],"curies":[{"name":"wp","href":"https:\/\/api.w.org\/{rel}","templated":true}]}}