{"id":131,"date":"2018-06-27T18:22:38","date_gmt":"2018-06-27T18:22:38","guid":{"rendered":"https:\/\/diegoesteves.in\/estudos\/?page_id=131"},"modified":"2018-07-17T13:17:08","modified_gmt":"2018-07-17T13:17:08","slug":"15-10-08-2017","status":"publish","type":"page","link":"https:\/\/diegoesteves.in\/estudos\/15-10-08-2017\/","title":{"rendered":"[15] 10\/08\/2017"},"content":{"rendered":"<p><code><a href=\"https:\/\/diegoesteves.in\/estudos\/14-10-08-20173-18\/\">Voltar para nota anterior<\/a><\/code><\/p>\n<p><code>Notas que apontam para esta: <\/code><\/p>\n<p>&nbsp;<\/p>\n<p style=\"text-align: justify;\">A distin\u00e7\u00e3o da nossa no\u00e7\u00e3o de corpo ent\u00e3o o divide em dois, sendo o nosso exerc\u00edcio, e nossa \u201chip\u00f3tese\u201d &#8211; a nossa fantasia, a cria\u00e7\u00e3o de um corpo potencial como a resolu\u00e7\u00e3o da \u201cant\u00edtese que precisa ser resolvida\u201d <a href=\"https:\/\/diegoesteves.in\/estudos\/12-10-08-20176-15\/\">entre Dion\u00edsio e Apolo<\/a>, entre cabe\u00e7a e cora\u00e7\u00e3o, entre intelecto e m\u00fasculos, entre teoria e pr\u00e1tica. Mas nossa resolu\u00e7\u00e3o \u00e9 liter\u00e1ria, <a href=\"https:\/\/diegoesteves.in\/estudos\/65-07-12-2017\/\">inventiva, ficcional<\/a>, sem compromisso fixado com qualquer um outro que precise ser salvo de uma condi\u00e7\u00e3o qualquer. Contudo, de maneira alguma menosprezamos a pot\u00eancia deste fazer, justamente esperamos que nele possa ser composto um corpo potencial, mas disso obviamente depende o encontro singular com cada <a href=\"https:\/\/diegoesteves.in\/estudos\/71-24-12-2017\/\">leitor<\/a>. Ego\u00edsta, mas n\u00e3o egoc\u00eantrico, temos com o <a href=\"https:\/\/diegoesteves.in\/estudos\/28-29-09-201729-6\/\">prazer da leitura e escrita<\/a> a potencializa\u00e7\u00e3o do nosso corpo e a <a href=\"https:\/\/diegoesteves.in\/estudos\/30-29-09-20172\/\">f\u00e9 (n\u00e3o num plano teol\u00f3gico, mas num plano de iman\u00eancia)<\/a> dos efeitos que podemos produzir em outros corpos nesses encontros em educa\u00e7\u00e3o, em composi\u00e7\u00e3o, em vida.<\/p>\n<blockquote>\n<p style=\"text-align: justify;\">Um plano de iman\u00eancia n\u00e3o disp\u00f5e de uma dimens\u00e3o suplementar: o processo de composi\u00e7\u00e3o deve ser captado por si mesmo, mediante aquilo que ele d\u00e1, naquilo que ele d\u00e1. \u00c9 um plano de composi\u00e7\u00e3o, e n\u00e3o de organiza\u00e7\u00e3o e de desenvolvimento. (&#8230;) Aqui, o plano s\u00f3 ret\u00e9m movimentos e repousos, cargas din\u00e2micas afetivas: o plano ser\u00e1 percebido como aquilo que ele nos faz perceber, passo a passo. N\u00e3o vivemos, n\u00e3o pensamos, n\u00e3o escrevemos da mesma maneira num e noutro plano. (DELEUZE, 2002, p.133).<\/p>\n<\/blockquote>\n<p style=\"text-align: right;\"><a href=\"https:\/\/diegoesteves.in\/estudos\/16-22-08-2017\/\"><code>Seguir para a pr\u00f3xima nota<\/code><\/a><\/p>\n","protected":false},"excerpt":{"rendered":"<p>Voltar para nota anterior Notas que apontam para esta: &nbsp; A distin\u00e7\u00e3o da nossa no\u00e7\u00e3o de corpo ent\u00e3o o divide em dois, sendo o nosso exerc\u00edcio, e nossa \u201chip\u00f3tese\u201d &#8211; a nossa fantasia, a cria\u00e7\u00e3o de um corpo potencial como a resolu\u00e7\u00e3o da \u201cant\u00edtese que precisa ser resolvida\u201d entre Dion\u00edsio e Apolo, entre cabe\u00e7a e [&hellip;]<\/p>\n","protected":false},"author":1,"featured_media":0,"parent":0,"menu_order":0,"comment_status":"closed","ping_status":"closed","template":"","meta":{"footnotes":""},"class_list":["post-131","page","type-page","status-publish","hentry"],"_links":{"self":[{"href":"https:\/\/diegoesteves.in\/estudos\/wp-json\/wp\/v2\/pages\/131","targetHints":{"allow":["GET"]}}],"collection":[{"href":"https:\/\/diegoesteves.in\/estudos\/wp-json\/wp\/v2\/pages"}],"about":[{"href":"https:\/\/diegoesteves.in\/estudos\/wp-json\/wp\/v2\/types\/page"}],"author":[{"embeddable":true,"href":"https:\/\/diegoesteves.in\/estudos\/wp-json\/wp\/v2\/users\/1"}],"replies":[{"embeddable":true,"href":"https:\/\/diegoesteves.in\/estudos\/wp-json\/wp\/v2\/comments?post=131"}],"version-history":[{"count":10,"href":"https:\/\/diegoesteves.in\/estudos\/wp-json\/wp\/v2\/pages\/131\/revisions"}],"predecessor-version":[{"id":882,"href":"https:\/\/diegoesteves.in\/estudos\/wp-json\/wp\/v2\/pages\/131\/revisions\/882"}],"wp:attachment":[{"href":"https:\/\/diegoesteves.in\/estudos\/wp-json\/wp\/v2\/media?parent=131"}],"curies":[{"name":"wp","href":"https:\/\/api.w.org\/{rel}","templated":true}]}}