{"id":133,"date":"2018-06-27T18:23:50","date_gmt":"2018-06-27T18:23:50","guid":{"rendered":"https:\/\/diegoesteves.in\/estudos\/?page_id=133"},"modified":"2019-07-03T16:00:49","modified_gmt":"2019-07-03T16:00:49","slug":"16-22-08-2017","status":"publish","type":"page","link":"https:\/\/diegoesteves.in\/estudos\/16-22-08-2017\/","title":{"rendered":"[16] 22\/08\/2017"},"content":{"rendered":"<p><a href=\"https:\/\/diegoesteves.in\/estudos\/15-10-08-2017\/\"><code>Voltar para a nota anterior<\/code><\/a><\/p>\n<p><code>Notas que apontam para esta: <a href=\"https:\/\/diegoesteves.in\/estudos\/112-25-06-2019-03-07-2019\/\">[112]<\/a><\/code><\/p>\n<p style=\"text-align: justify;\">IMPROVISO<\/p>\n<p style=\"text-align: justify;\">De in\u00edcio, \u00e9 preciso definir uma ordem dos fatores: o improviso n\u00e3o \u00e9 algo que vem de dentro expressando-se ao fora, mas um complexo jogo entre esse \u201cdentro\u201d (mem\u00f3ria, intelecto e intui\u00e7\u00e3o&#8230;) e as mat\u00e9rias que comp\u00f5e esse \u201cfora\u201d (coisas formadas e mat\u00e9rias informes): uma viagem num mundo de dobras<a href=\"#_ftn1\" name=\"_ftnref1\">[1]<\/a>. O improviso \u00e9 um n\u00e3o fazer do presente um futuro do passado<a href=\"#_ftn2\" name=\"_ftnref2\">[2]<\/a>; viagem por novas paisagens, criadas <a href=\"https:\/\/diegoesteves.in\/estudos\/97-24-04-2018\/\">enquanto se caminha<\/a>; \u00e9 a n\u00e3o-recogni\u00e7\u00e3o: uma composi\u00e7\u00e3o heterog\u00eanea e singular com as for\u00e7as-mat\u00e9rias com as quais se joga num <a href=\"https:\/\/diegoesteves.in\/estudos\/98-01-05-2018\/\">espa\u00e7o<\/a>; cena-aula-vida-texto. Nada esta dado, \u00e9 uma performance para a qual, quanto mais potente for o corpo, maior sua capacidade de perceber as for\u00e7as-mat\u00e9rias e a sua habilidade de inven\u00e7\u00e3o em composi\u00e7\u00e3o<a href=\"#_ftn3\" name=\"_ftnref3\">[3]<\/a>.<\/p>\n<p style=\"text-align: right;\"><a href=\"https:\/\/diegoesteves.in\/estudos\/17-22-08-20173-7\/\"><code>Seguir para a pr\u00f3xima nota<\/code><\/a><\/p>\n<blockquote>\n<p style=\"text-align: justify;\"><a href=\"#_ftnref1\" name=\"_ftn1\">[1]<\/a> \u201cSe o mundo \u00e9 infinitamente cavernoso, se h\u00e1 mundos nos menores corpos, \u00e9 porque h\u00e1 \u2018molabilidade por toda parte na mat\u00e9ria\u2019, o que d\u00e1 testemunho n\u00e3o s\u00f3 da divis\u00e3o infinita das partes mas tamb\u00e9m da progressividade na aquisi\u00e7\u00e3o e na perda de movimento, realizando-se, ao mesmo tempo, a conserva\u00e7\u00e3o da for\u00e7a. A mat\u00e9ria-dobra \u00e9 uma mat\u00e9ria-tempo, cujos fen\u00f4menos s\u00e3o como a descarga cont\u00ednua de uma \u2018infinidade de arcabuzes ao vento\u2019. A\u00ed tamb\u00e9m se adivinha a afinidade da mat\u00e9ria com a vida, uma vez que \u00e9 quase uma concep\u00e7\u00e3o muscular da mat\u00e9ria que p\u00f5e a molabilidade em toda parte. Invocando a propaga\u00e7\u00e3o da luz e a \u2018explos\u00e3o no luminoso\u2019, fazendo dos esp\u00edritos animais uma subst\u00e2ncia el\u00e1stica, inflam\u00e1vel e explosiva\u201d (DELEUZE, 1991, p.8).<\/p>\n<p style=\"text-align: justify;\"><a href=\"#_ftnref2\" name=\"_ftn2\">[2]<\/a> Fala do professor Dr. Walter Kohan durante roda de conversa realizada na UFRGS no dia 11\/07\/2017.<\/p>\n<p style=\"text-align: justify;\"><a href=\"#_ftnref3\" name=\"_ftn3\">[3]<\/a> \u201cEl observador \u2013 como un sociografista \u2013 se instala como un artista que se da cuenta que al moldar la materia es molado por ella incluso cuando esa materia sea \u00e9l mismo. Se trata de entender la relaci\u00f3n de lo que estamos llamando de sociografia como un elemento constitutivo al mismo modo de lo que llamamos de educaci\u00f3n, o sea, un elemento componente de pr\u00e1cticas de escritura que transfieren, a uno mismo y a las relaciones por ende establecidas, una performatividad de la invenci\u00f3n y una producci\u00f3n de inventividad. Se trata de traducir y renovar aspectos de la vida a la manera de producir expressividades que imitan posibilidad de repercusi\u00f3n (AD\u00d3; CORAZZA, 2015, .p.277).<\/p>\n<\/blockquote>\n","protected":false},"excerpt":{"rendered":"<p>Voltar para a nota anterior Notas que apontam para esta: [112] IMPROVISO De in\u00edcio, \u00e9 preciso definir uma ordem dos fatores: o improviso n\u00e3o \u00e9 algo que vem de dentro expressando-se ao fora, mas um complexo jogo entre esse \u201cdentro\u201d (mem\u00f3ria, intelecto e intui\u00e7\u00e3o&#8230;) e as mat\u00e9rias que comp\u00f5e esse \u201cfora\u201d (coisas formadas e mat\u00e9rias [&hellip;]<\/p>\n","protected":false},"author":1,"featured_media":0,"parent":0,"menu_order":0,"comment_status":"closed","ping_status":"closed","template":"","meta":{"footnotes":""},"class_list":["post-133","page","type-page","status-publish","hentry"],"_links":{"self":[{"href":"https:\/\/diegoesteves.in\/estudos\/wp-json\/wp\/v2\/pages\/133","targetHints":{"allow":["GET"]}}],"collection":[{"href":"https:\/\/diegoesteves.in\/estudos\/wp-json\/wp\/v2\/pages"}],"about":[{"href":"https:\/\/diegoesteves.in\/estudos\/wp-json\/wp\/v2\/types\/page"}],"author":[{"embeddable":true,"href":"https:\/\/diegoesteves.in\/estudos\/wp-json\/wp\/v2\/users\/1"}],"replies":[{"embeddable":true,"href":"https:\/\/diegoesteves.in\/estudos\/wp-json\/wp\/v2\/comments?post=133"}],"version-history":[{"count":7,"href":"https:\/\/diegoesteves.in\/estudos\/wp-json\/wp\/v2\/pages\/133\/revisions"}],"predecessor-version":[{"id":1153,"href":"https:\/\/diegoesteves.in\/estudos\/wp-json\/wp\/v2\/pages\/133\/revisions\/1153"}],"wp:attachment":[{"href":"https:\/\/diegoesteves.in\/estudos\/wp-json\/wp\/v2\/media?parent=133"}],"curies":[{"name":"wp","href":"https:\/\/api.w.org\/{rel}","templated":true}]}}