{"id":149,"date":"2018-06-27T18:32:05","date_gmt":"2018-06-27T18:32:05","guid":{"rendered":"https:\/\/diegoesteves.in\/estudos\/?page_id=149"},"modified":"2018-07-17T12:12:48","modified_gmt":"2018-07-17T12:12:48","slug":"24-08-09-20177","status":"publish","type":"page","link":"https:\/\/diegoesteves.in\/estudos\/24-08-09-20177\/","title":{"rendered":"[24] 08\/09\/2017"},"content":{"rendered":"<p><a href=\"https:\/\/diegoesteves.in\/estudos\/23-08-09-201725-6\/\"><code>Voltar para nota anterior<\/code><\/a><\/p>\n<p><code>Notas que apontam para esta:\u00a0<a href=\"https:\/\/diegoesteves.in\/estudos\/7-27-07-2017-23-08-20174-6\/\">[7]<\/a> <a href=\"https:\/\/diegoesteves.in\/estudos\/12-10-08-20176-15\/\">[12]<\/a> <\/code><\/p>\n<p>&nbsp;<\/p>\n<p style=\"text-align: justify;\">Ent\u00e3o \u00e9 preciso se preparar, \u00e9 preciso praticar, treinar: a intui\u00e7\u00e3o<sup>[ ]<\/sup>, a percep\u00e7\u00e3o, o intelecto em sua autocom\u00e9dia. E aqui se constitui o jogo \u201cmenor\u201d: \u00e9 preciso um m\u00e9todo de preparo, de treinamento para melhorar o rendimento do corpo para esse jogo \u201cmaior\u201d<sup>[ ]<\/sup>. Todavia, esse rendimento n\u00e3o visa qualquer vit\u00f3ria, se n\u00e3o o movimento em si: \u00e9 de movimento que se trata, \u00e9 tornar flu\u00eddo o que tende ao est\u00e1tico, \u00e9 por em movimento o que tende ao repouso<a href=\"#_ftn1\" name=\"_ftnref1\">[1]<\/a>: \u00e9 uma economia do corpo, uma economia do jogo, \u00e9 uma dan\u00e7a! Uma jogo-dan\u00e7a que ri [fragmento Battaile e dan\u00e7a que ri], um (des)equil\u00edbrio<sup>[ ]<\/sup>: mover a centralidade do educador-autor-educando.\u00a0 Para que o jogo se d\u00ea, ent\u00e3o, \u00e9 preciso que o jogador saiba dan\u00e7ar, com a afirma\u00e7\u00e3o alegre do jogo:<\/p>\n<blockquote>\n<p style=\"text-align: justify;\">A afirma\u00e7\u00e3o nietzschiana, a afirma\u00e7\u00e3o alegre do jogo do mundo e da inoc\u00eancia do devir, a afirma\u00e7\u00e3o de um mundo de signos sem erro, sem verdade, sem origem, oferecido a uma interpreta\u00e7\u00e3o ativa. Esta afirma\u00e7\u00e3o determina ent\u00e3o o n\u00e3o-centro sem ser como perda do centro. E joga sem seguran\u00e7a. Pois h\u00e1 um jogo seguro: o que se limita \u00e0 substitui\u00e7\u00e3o de pe\u00e7as dadas e existentes, presentes. No caso absoluto, a afirma\u00e7\u00e3o entrega-se tamb\u00e9m \u00e0 indetermina\u00e7\u00e3o gen\u00e9tica, \u00e0 aventura seminal do tra\u00e7o. (DERRIDA, 1971, p. 248).<\/p>\n<\/blockquote>\n<p style=\"text-align: right;\"><a href=\"https:\/\/diegoesteves.in\/estudos\/25-08-09-20172\/\"><code>Seguir para a pr\u00f3xima nota<\/code><\/a><\/p>\n<blockquote>\n<p style=\"text-align: justify;\"><a href=\"#_ftnref1\" name=\"_ftn1\">[1]<\/a> <sup>\u201c<\/sup>Tens\u00e3o do jogo com a hist\u00f3ria, tens\u00e3o tamb\u00e9m do jogo com a presen\u00e7a. A presen\u00e7a de um elemento \u00e9 sempre uma refer\u00eancia significante e substitutiva inscrita num sistema de diferen\u00e7as e o movimento de uma cadeia. O jogo \u00e9 sempre jogo de aus\u00eancia e de presen\u00e7a, mas se o quisermos pensar radicalmente, \u00e9 preciso pensa-lo antes da alternativa da presen\u00e7a e da aus\u00eancia; \u00e9 preciso pensar o ser como presen\u00e7a ou aus\u00eancia a partir da possibilidade do jogo e n\u00e3o inversamente\u201d (DERRIDA, 1971, p. 248).<\/p>\n<\/blockquote>\n","protected":false},"excerpt":{"rendered":"<p>Voltar para nota anterior Notas que apontam para esta:\u00a0[7] [12] &nbsp; Ent\u00e3o \u00e9 preciso se preparar, \u00e9 preciso praticar, treinar: a intui\u00e7\u00e3o[ ], a percep\u00e7\u00e3o, o intelecto em sua autocom\u00e9dia. E aqui se constitui o jogo \u201cmenor\u201d: \u00e9 preciso um m\u00e9todo de preparo, de treinamento para melhorar o rendimento do corpo para esse jogo \u201cmaior\u201d[ [&hellip;]<\/p>\n","protected":false},"author":1,"featured_media":0,"parent":0,"menu_order":0,"comment_status":"closed","ping_status":"closed","template":"","meta":{"footnotes":""},"class_list":["post-149","page","type-page","status-publish","hentry"],"_links":{"self":[{"href":"https:\/\/diegoesteves.in\/estudos\/wp-json\/wp\/v2\/pages\/149","targetHints":{"allow":["GET"]}}],"collection":[{"href":"https:\/\/diegoesteves.in\/estudos\/wp-json\/wp\/v2\/pages"}],"about":[{"href":"https:\/\/diegoesteves.in\/estudos\/wp-json\/wp\/v2\/types\/page"}],"author":[{"embeddable":true,"href":"https:\/\/diegoesteves.in\/estudos\/wp-json\/wp\/v2\/users\/1"}],"replies":[{"embeddable":true,"href":"https:\/\/diegoesteves.in\/estudos\/wp-json\/wp\/v2\/comments?post=149"}],"version-history":[{"count":6,"href":"https:\/\/diegoesteves.in\/estudos\/wp-json\/wp\/v2\/pages\/149\/revisions"}],"predecessor-version":[{"id":853,"href":"https:\/\/diegoesteves.in\/estudos\/wp-json\/wp\/v2\/pages\/149\/revisions\/853"}],"wp:attachment":[{"href":"https:\/\/diegoesteves.in\/estudos\/wp-json\/wp\/v2\/media?parent=149"}],"curies":[{"name":"wp","href":"https:\/\/api.w.org\/{rel}","templated":true}]}}