{"id":162,"date":"2018-06-27T18:40:25","date_gmt":"2018-06-27T18:40:25","guid":{"rendered":"https:\/\/diegoesteves.in\/estudos\/?page_id=162"},"modified":"2018-07-17T12:45:32","modified_gmt":"2018-07-17T12:45:32","slug":"30-29-09-20172","status":"publish","type":"page","link":"https:\/\/diegoesteves.in\/estudos\/30-29-09-20172\/","title":{"rendered":"[30] 29\/09\/2017"},"content":{"rendered":"<p><a href=\"https:\/\/diegoesteves.in\/estudos\/29-29-09-2017\/\"><code>Voltar para nota anterior<\/code><\/a><\/p>\n<p><code>Notas que apontam para esta:\u00a0<a href=\"https:\/\/diegoesteves.in\/estudos\/2-27-07-2017\/\">[2]<\/a> <a href=\"https:\/\/diegoesteves.in\/estudos\/15-10-08-2017\/\">[15]<\/a>\u00a0\u00a0<\/code><\/p>\n<p>&nbsp;<\/p>\n<p style=\"text-align: justify;\">Sobre o sacrif\u00edcio de compor esse texto-disserta\u00e7\u00e3o, com a etimologia da palavra: trabalho sagrado. Assim, com f\u00e9, fazer disso a nossa religi\u00e3o: religar, ainda que n\u00e3o se saiba o que \u2013 e isso tampouco importa, a f\u00e9 no fazer se sobrep\u00f5e ao que foi feito; o feito est\u00e1 passado: nosso presente \u00e9 o fazer. F\u00e9 num plano de iman\u00eancia, nosso plano de composi\u00e7\u00e3o. De compor, de, com, p\u00f4r, e de ser composto. \u00c9 o que est\u00e1 em jogo, \u00e9 a nossa improvisa\u00e7\u00e3o ganhando corpo, <a href=\"https:\/\/diegoesteves.in\/estudos\/11-10-08-201718\/\">corpos<\/a>.<\/p>\n<blockquote>\n<p style=\"text-align: justify;\">N\u00e3o \u00e9 mais poss\u00edvel falar da cita\u00e7\u00e3o por si mesma, mas somente do seu trabalho, do trabalho da cita\u00e7\u00e3o. A no\u00e7\u00e3o de trabalho \u00e9 rica: \u00e9 a pot\u00eancia em a\u00e7\u00e3o, o poder simb\u00f3lico ou m\u00e1gico da palavra, \u00e9 o <em>carmen <\/em>ou a ora\u00e7\u00e3o (os religiosos das ordens contemplativas dizem que seu trabalho \u00e9 a ora\u00e7\u00e3o); \u00e9 o \u201clabor\u201d, segundo o termo favorito de Mallarm\u00e9 para designar seus trabalhos lingu\u00edsticos, ou o <em>labor intus<\/em>, o trabalho que se faz por dentro, de acordo com a etimologia que propunha \u00c9vrard l\u2019Allemand para o labirinto. E o labirinto \u00e9, no texto, uma rede de cita\u00e7\u00f5es em a\u00e7\u00e3o. Tudo isso parece um enigma: o que eu trabalho e me trabalha ao mesmo tempo? O texto, a cita\u00e7\u00e3o (COMPAGNON, 2007, p.44).<\/p>\n<\/blockquote>\n<p style=\"text-align: right;\"><a href=\"https:\/\/diegoesteves.in\/estudos\/31-11-10-201740\/\"><code>Seguir para a pr\u00f3xima nota<\/code><\/a><\/p>\n","protected":false},"excerpt":{"rendered":"<p>Voltar para nota anterior Notas que apontam para esta:\u00a0[2] [15]\u00a0\u00a0 &nbsp; Sobre o sacrif\u00edcio de compor esse texto-disserta\u00e7\u00e3o, com a etimologia da palavra: trabalho sagrado. Assim, com f\u00e9, fazer disso a nossa religi\u00e3o: religar, ainda que n\u00e3o se saiba o que \u2013 e isso tampouco importa, a f\u00e9 no fazer se sobrep\u00f5e ao que foi [&hellip;]<\/p>\n","protected":false},"author":1,"featured_media":0,"parent":0,"menu_order":0,"comment_status":"closed","ping_status":"closed","template":"","meta":{"footnotes":""},"class_list":["post-162","page","type-page","status-publish","hentry"],"_links":{"self":[{"href":"https:\/\/diegoesteves.in\/estudos\/wp-json\/wp\/v2\/pages\/162","targetHints":{"allow":["GET"]}}],"collection":[{"href":"https:\/\/diegoesteves.in\/estudos\/wp-json\/wp\/v2\/pages"}],"about":[{"href":"https:\/\/diegoesteves.in\/estudos\/wp-json\/wp\/v2\/types\/page"}],"author":[{"embeddable":true,"href":"https:\/\/diegoesteves.in\/estudos\/wp-json\/wp\/v2\/users\/1"}],"replies":[{"embeddable":true,"href":"https:\/\/diegoesteves.in\/estudos\/wp-json\/wp\/v2\/comments?post=162"}],"version-history":[{"count":5,"href":"https:\/\/diegoesteves.in\/estudos\/wp-json\/wp\/v2\/pages\/162\/revisions"}],"predecessor-version":[{"id":867,"href":"https:\/\/diegoesteves.in\/estudos\/wp-json\/wp\/v2\/pages\/162\/revisions\/867"}],"wp:attachment":[{"href":"https:\/\/diegoesteves.in\/estudos\/wp-json\/wp\/v2\/media?parent=162"}],"curies":[{"name":"wp","href":"https:\/\/api.w.org\/{rel}","templated":true}]}}