{"id":166,"date":"2018-06-27T18:41:48","date_gmt":"2018-06-27T18:41:48","guid":{"rendered":"https:\/\/diegoesteves.in\/estudos\/?page_id=166"},"modified":"2018-07-11T19:43:11","modified_gmt":"2018-07-11T19:43:11","slug":"32-11-10-2017","status":"publish","type":"page","link":"https:\/\/diegoesteves.in\/estudos\/32-11-10-2017\/","title":{"rendered":"[32] 11\/10\/2017"},"content":{"rendered":"<p><a href=\"https:\/\/diegoesteves.in\/estudos\/31-11-10-201740\/\"><code>Voltar para nota anterior<\/code><\/a><\/p>\n<p><code>Notas que apontam para esta: <a href=\"https:\/\/diegoesteves.in\/estudos\/8-03-08-2017-10-08-201714-6\/\">[8]<\/a><\/code><\/p>\n<p>&nbsp;<\/p>\n<p style=\"text-align: justify;\">Aula que \u00e9 jogo, jogo de composi\u00e7\u00f5es combinativas. Atividade: combinatividade. A\u00e7\u00e3o: movimento em m\u00faltiplas dire\u00e7\u00f5es: n\u00e3o h\u00e1 meta final, tudo \u00e9 meio, tudo \u00e9 espa\u00e7o de experimenta\u00e7\u00e3o medido pela intensidade dos encontros, que n\u00e3o \u00e9 um resultado buscado, ainda que esperado \u2013 uma espera que se faz em movimento, numa aula que \u00e9 jogo, jogo de composi\u00e7\u00f5es combinativas. Atividade: combinatividade. A\u00e7\u00e3o: movimento em m\u00faltiplas dire\u00e7\u00f5es: n\u00e3o h\u00e1 meta final, tudo \u00e9 meio, tudo \u00e9 espa\u00e7o de experimenta\u00e7\u00e3o medido pela intensidade dos encontros, que n\u00e3o \u00e9 um resultado buscado, ainda que esperado \u2013 uma espera que se faz em movimento, numa aula que \u00e9 jogo, jogo de composi\u00e7\u00f5es combinativas. Atividade: combinatividade. A\u00e7\u00e3o: movimento em m\u00faltiplas dire\u00e7\u00f5es: n\u00e3o h\u00e1 meta final, tudo \u00e9 meio, tudo \u00e9 espa\u00e7o de experimenta\u00e7\u00e3o medido pela intensidade dos encontros, que n\u00e3o \u00e9 um resultado buscado, ainda que esperado \u2013 uma espera que se faz em movimento, numa aula que \u00e9 jogo, jogo de composi\u00e7\u00f5es combinativas. [volte para a primeira linha].<\/p>\n<p style=\"text-align: right;\"><a href=\"https:\/\/diegoesteves.in\/estudos\/33-11-10-20173\/\"><code>Seguir para a pr\u00f3xima nota<\/code><\/a><\/p>\n","protected":false},"excerpt":{"rendered":"<p>Voltar para nota anterior Notas que apontam para esta: [8] &nbsp; Aula que \u00e9 jogo, jogo de composi\u00e7\u00f5es combinativas. Atividade: combinatividade. A\u00e7\u00e3o: movimento em m\u00faltiplas dire\u00e7\u00f5es: n\u00e3o h\u00e1 meta final, tudo \u00e9 meio, tudo \u00e9 espa\u00e7o de experimenta\u00e7\u00e3o medido pela intensidade dos encontros, que n\u00e3o \u00e9 um resultado buscado, ainda que esperado \u2013 uma espera [&hellip;]<\/p>\n","protected":false},"author":1,"featured_media":0,"parent":0,"menu_order":0,"comment_status":"closed","ping_status":"closed","template":"","meta":{"footnotes":""},"class_list":["post-166","page","type-page","status-publish","hentry"],"_links":{"self":[{"href":"https:\/\/diegoesteves.in\/estudos\/wp-json\/wp\/v2\/pages\/166","targetHints":{"allow":["GET"]}}],"collection":[{"href":"https:\/\/diegoesteves.in\/estudos\/wp-json\/wp\/v2\/pages"}],"about":[{"href":"https:\/\/diegoesteves.in\/estudos\/wp-json\/wp\/v2\/types\/page"}],"author":[{"embeddable":true,"href":"https:\/\/diegoesteves.in\/estudos\/wp-json\/wp\/v2\/users\/1"}],"replies":[{"embeddable":true,"href":"https:\/\/diegoesteves.in\/estudos\/wp-json\/wp\/v2\/comments?post=166"}],"version-history":[{"count":6,"href":"https:\/\/diegoesteves.in\/estudos\/wp-json\/wp\/v2\/pages\/166\/revisions"}],"predecessor-version":[{"id":731,"href":"https:\/\/diegoesteves.in\/estudos\/wp-json\/wp\/v2\/pages\/166\/revisions\/731"}],"wp:attachment":[{"href":"https:\/\/diegoesteves.in\/estudos\/wp-json\/wp\/v2\/media?parent=166"}],"curies":[{"name":"wp","href":"https:\/\/api.w.org\/{rel}","templated":true}]}}