{"id":168,"date":"2018-06-27T18:42:24","date_gmt":"2018-06-27T18:42:24","guid":{"rendered":"https:\/\/diegoesteves.in\/estudos\/?page_id=168"},"modified":"2018-06-28T20:34:25","modified_gmt":"2018-06-28T20:34:25","slug":"33-11-10-20173","status":"publish","type":"page","link":"https:\/\/diegoesteves.in\/estudos\/33-11-10-20173\/","title":{"rendered":"[33] 11\/10\/2017"},"content":{"rendered":"<p><a href=\"https:\/\/diegoesteves.in\/estudos\/32-11-10-2017\/\"><code>Voltar para nota anterior<\/code><\/a><\/p>\n<p><code>Notas que apontam para esta: <a href=\"https:\/\/diegoesteves.in\/estudos\/3-27-07-2017-23-08-2017\/\">[3]<\/a><\/code><\/p>\n<p style=\"text-align: justify;\">Nota mental para reprodu\u00e7\u00e3o cotidiana: o erro n\u00e3o \u00e9 o errado. Erro \u00e9 uma palavra equivocadamente ressentida inserida num discurso calcado na teleologia. L\u00e1 na frente encontra-se a si mesmo, de novo e de novo. Sempre outro, sempre diferente, mudado, rasurado, errado: um dado, outro dado, varia\u00e7\u00e3o, diferen\u00e7a e repeti\u00e7\u00e3o. Pegue a palavra erro, desvie os dois \u201cr\u201d num movimento centr\u00edpeto e ter\u00e1, nessa recomposi\u00e7\u00e3o, algo como um EGo.<\/p>\n<p style=\"text-align: right;\"><code><a href=\"https:\/\/diegoesteves.in\/estudos\/34-11-10-20176\/\">Seguir para a pr\u00f3xima nota<\/a><\/code><\/p>\n","protected":false},"excerpt":{"rendered":"<p>Voltar para nota anterior Notas que apontam para esta: [3] Nota mental para reprodu\u00e7\u00e3o cotidiana: o erro n\u00e3o \u00e9 o errado. Erro \u00e9 uma palavra equivocadamente ressentida inserida num discurso calcado na teleologia. L\u00e1 na frente encontra-se a si mesmo, de novo e de novo. Sempre outro, sempre diferente, mudado, rasurado, errado: um dado, outro [&hellip;]<\/p>\n","protected":false},"author":1,"featured_media":0,"parent":0,"menu_order":0,"comment_status":"closed","ping_status":"closed","template":"","meta":{"footnotes":""},"class_list":["post-168","page","type-page","status-publish","hentry"],"_links":{"self":[{"href":"https:\/\/diegoesteves.in\/estudos\/wp-json\/wp\/v2\/pages\/168","targetHints":{"allow":["GET"]}}],"collection":[{"href":"https:\/\/diegoesteves.in\/estudos\/wp-json\/wp\/v2\/pages"}],"about":[{"href":"https:\/\/diegoesteves.in\/estudos\/wp-json\/wp\/v2\/types\/page"}],"author":[{"embeddable":true,"href":"https:\/\/diegoesteves.in\/estudos\/wp-json\/wp\/v2\/users\/1"}],"replies":[{"embeddable":true,"href":"https:\/\/diegoesteves.in\/estudos\/wp-json\/wp\/v2\/comments?post=168"}],"version-history":[{"count":4,"href":"https:\/\/diegoesteves.in\/estudos\/wp-json\/wp\/v2\/pages\/168\/revisions"}],"predecessor-version":[{"id":525,"href":"https:\/\/diegoesteves.in\/estudos\/wp-json\/wp\/v2\/pages\/168\/revisions\/525"}],"wp:attachment":[{"href":"https:\/\/diegoesteves.in\/estudos\/wp-json\/wp\/v2\/media?parent=168"}],"curies":[{"name":"wp","href":"https:\/\/api.w.org\/{rel}","templated":true}]}}