{"id":172,"date":"2018-06-27T18:43:22","date_gmt":"2018-06-27T18:43:22","guid":{"rendered":"https:\/\/diegoesteves.in\/estudos\/?page_id=172"},"modified":"2018-06-28T20:34:44","modified_gmt":"2018-06-28T20:34:44","slug":"35-11-10-201740","status":"publish","type":"page","link":"https:\/\/diegoesteves.in\/estudos\/35-11-10-201740\/","title":{"rendered":"[35] 11\/10\/2017"},"content":{"rendered":"<p><a href=\"https:\/\/diegoesteves.in\/estudos\/34-11-10-20176\/\"><code>Voltar para nota anterior<\/code><\/a><\/p>\n<p><code>Notas que apontam para esta: <a href=\"https:\/\/diegoesteves.in\/estudos\/40-12-10-201741\/\">[40]<\/a><\/code><\/p>\n<p style=\"text-align: justify;\">N\u00e3o se busca o que se busca. Buscamos algo de prazer, mas n\u00e3o devemos procur\u00e1-lo. Buscamos a fa\u00edsca quase invis\u00edvel, a ideia, o gozo, a ilumina\u00e7\u00e3o, o toque intensivo e passageiro da pot\u00eancia inominada com v\u00e1rios nomes, um satori: com o infinito, Deus, consci\u00eancia c\u00f3smica, fluxo, n\u00e3o-eu, eu maior&#8230; Qualquer coisa de um encontro outro, que transpasse o cotidiano, a repeti\u00e7\u00e3o enfadonha da recogni\u00e7\u00e3o. O corpo que quer se recompor em encontros alegres. O corpo quer se perpetuar a si mesmo<sup>[ ]<\/sup>. Mas esse corpo n\u00e3o sou eu. N\u00e3o devo buscar, n\u00e3o posso encontrar. A condi\u00e7\u00e3o para tal encontro, sobre o qual n\u00e3o h\u00e1 defini\u00e7\u00f5es definidas, \u00e9 que o eu se dissolva<sup>[ ]<\/sup> no corpo, no corpo-mat\u00e9ria, um corpo inserido no jogo mat\u00e9ria-fluxo. E a\u00ed algo acontece. E passa<sup>[ ]<\/sup>. Querer pegar \u00e9 perder por antecipa\u00e7\u00e3o. E esse texto est\u00e1 a parecer um fragmento de filosofia tao\u00edsta, mas era pra ser educa\u00e7\u00e3o. Estamos tentando n\u00e3o buscar nada. Mas e como \u00e9 dif\u00edcil esse buscar n\u00e3o buscar.<\/p>\n<p style=\"text-align: right;\"><a href=\"https:\/\/diegoesteves.in\/estudos\/36-12-10-2017\/\"><code>Seguir para a pr\u00f3xima nota<\/code><\/a><\/p>\n","protected":false},"excerpt":{"rendered":"<p>Voltar para nota anterior Notas que apontam para esta: [40] N\u00e3o se busca o que se busca. Buscamos algo de prazer, mas n\u00e3o devemos procur\u00e1-lo. Buscamos a fa\u00edsca quase invis\u00edvel, a ideia, o gozo, a ilumina\u00e7\u00e3o, o toque intensivo e passageiro da pot\u00eancia inominada com v\u00e1rios nomes, um satori: com o infinito, Deus, consci\u00eancia c\u00f3smica, [&hellip;]<\/p>\n","protected":false},"author":1,"featured_media":0,"parent":0,"menu_order":0,"comment_status":"closed","ping_status":"closed","template":"","meta":{"footnotes":""},"class_list":["post-172","page","type-page","status-publish","hentry"],"_links":{"self":[{"href":"https:\/\/diegoesteves.in\/estudos\/wp-json\/wp\/v2\/pages\/172","targetHints":{"allow":["GET"]}}],"collection":[{"href":"https:\/\/diegoesteves.in\/estudos\/wp-json\/wp\/v2\/pages"}],"about":[{"href":"https:\/\/diegoesteves.in\/estudos\/wp-json\/wp\/v2\/types\/page"}],"author":[{"embeddable":true,"href":"https:\/\/diegoesteves.in\/estudos\/wp-json\/wp\/v2\/users\/1"}],"replies":[{"embeddable":true,"href":"https:\/\/diegoesteves.in\/estudos\/wp-json\/wp\/v2\/comments?post=172"}],"version-history":[{"count":4,"href":"https:\/\/diegoesteves.in\/estudos\/wp-json\/wp\/v2\/pages\/172\/revisions"}],"predecessor-version":[{"id":527,"href":"https:\/\/diegoesteves.in\/estudos\/wp-json\/wp\/v2\/pages\/172\/revisions\/527"}],"wp:attachment":[{"href":"https:\/\/diegoesteves.in\/estudos\/wp-json\/wp\/v2\/media?parent=172"}],"curies":[{"name":"wp","href":"https:\/\/api.w.org\/{rel}","templated":true}]}}