{"id":174,"date":"2018-06-27T18:44:24","date_gmt":"2018-06-27T18:44:24","guid":{"rendered":"https:\/\/diegoesteves.in\/estudos\/?page_id=174"},"modified":"2018-06-28T20:34:54","modified_gmt":"2018-06-28T20:34:54","slug":"36-12-10-2017","status":"publish","type":"page","link":"https:\/\/diegoesteves.in\/estudos\/36-12-10-2017\/","title":{"rendered":"[36] 12\/10\/2017"},"content":{"rendered":"<p><a href=\"https:\/\/diegoesteves.in\/estudos\/35-11-10-201740\/\"><code>Voltar para nota anterior<\/code><\/a><\/p>\n<p>&nbsp;<\/p>\n<p style=\"text-align: justify;\">N\u00e3o posso iniciar a escrita sem os livros que tenho para ler. Antes, preciso completar a escrita da fr\u00e1gil lista de livros que n\u00e3o d\u00e1 conta do conhecimento necess\u00e1rio para escrever o que precisa ser escrito. Preciso, ap\u00f3s, ou durante, comprar esses livros para l\u00ea-los. Preciso ler, anotar, rabiscar, lembrar de tudo. Preciso ter as ideias, e guarda-las com cuidado, para escrev\u00ea-las no momento certo.\u00a0 Preciso esperar o momento da escrita, o momento em que ela chegar\u00e1, ocupar\u00e1 meu languido corpo, que heroico se agarrou a todas essas informa\u00e7\u00f5es a espera dela, que vem atravessando a hist\u00f3ria e a mim chegar\u00e1, escrevendo e inscrevendo, sob minha autoria, outros textos. E ent\u00e3o existir\u00e1 mais um livro para a lista dos pr\u00f3ximos aspirantes a escritores. E assim vamos acumulando conhecimento, sustentando nossas institui\u00e7\u00f5es e nossos corpos. Instituindo nosso corpo, preparando-o para que a escrita venha, assim que ela se desocupar de outros corpos que tamb\u00e9m precisam dela, a escrita, e por ela tamb\u00e9m aguardam, enquanto se penduram no conhecimento acumulado, para que eles, os quase-escritores, n\u00e3o caiam no erro, n\u00e3o caiam na falha, n\u00e3o caiam na falta, n\u00e3o caiam no esquecimento.\u00a0 Enquanto espero a escrita, aguardo, e escrevo listas, notas de ideias, minhas sensa\u00e7\u00f5es, alegrias e ang\u00fastias, toda uma sorte de coisas que acontecem nessa vida enquanto ela, a escrita, se ocupa de outros. Mas ela deve ter uma lista onde eu, devo ser o pr\u00f3ximo.<\/p>\n<p style=\"text-align: right;\"><a href=\"https:\/\/diegoesteves.in\/estudos\/37-12-10-2017\/\"><code>Seguir para a pr\u00f3xima nota<\/code><\/a><\/p>\n","protected":false},"excerpt":{"rendered":"<p>Voltar para nota anterior &nbsp; N\u00e3o posso iniciar a escrita sem os livros que tenho para ler. Antes, preciso completar a escrita da fr\u00e1gil lista de livros que n\u00e3o d\u00e1 conta do conhecimento necess\u00e1rio para escrever o que precisa ser escrito. Preciso, ap\u00f3s, ou durante, comprar esses livros para l\u00ea-los. Preciso ler, anotar, rabiscar, lembrar [&hellip;]<\/p>\n","protected":false},"author":1,"featured_media":0,"parent":0,"menu_order":0,"comment_status":"closed","ping_status":"closed","template":"","meta":{"footnotes":""},"class_list":["post-174","page","type-page","status-publish","hentry"],"_links":{"self":[{"href":"https:\/\/diegoesteves.in\/estudos\/wp-json\/wp\/v2\/pages\/174","targetHints":{"allow":["GET"]}}],"collection":[{"href":"https:\/\/diegoesteves.in\/estudos\/wp-json\/wp\/v2\/pages"}],"about":[{"href":"https:\/\/diegoesteves.in\/estudos\/wp-json\/wp\/v2\/types\/page"}],"author":[{"embeddable":true,"href":"https:\/\/diegoesteves.in\/estudos\/wp-json\/wp\/v2\/users\/1"}],"replies":[{"embeddable":true,"href":"https:\/\/diegoesteves.in\/estudos\/wp-json\/wp\/v2\/comments?post=174"}],"version-history":[{"count":4,"href":"https:\/\/diegoesteves.in\/estudos\/wp-json\/wp\/v2\/pages\/174\/revisions"}],"predecessor-version":[{"id":528,"href":"https:\/\/diegoesteves.in\/estudos\/wp-json\/wp\/v2\/pages\/174\/revisions\/528"}],"wp:attachment":[{"href":"https:\/\/diegoesteves.in\/estudos\/wp-json\/wp\/v2\/media?parent=174"}],"curies":[{"name":"wp","href":"https:\/\/api.w.org\/{rel}","templated":true}]}}