{"id":176,"date":"2018-06-27T18:44:54","date_gmt":"2018-06-27T18:44:54","guid":{"rendered":"https:\/\/diegoesteves.in\/estudos\/?page_id=176"},"modified":"2018-07-17T18:20:21","modified_gmt":"2018-07-17T18:20:21","slug":"37-12-10-2017","status":"publish","type":"page","link":"https:\/\/diegoesteves.in\/estudos\/37-12-10-2017\/","title":{"rendered":"[37] 12\/10\/2017"},"content":{"rendered":"<p><a href=\"https:\/\/diegoesteves.in\/estudos\/36-12-10-2017\/\"><code>Voltar para nota anterior<\/code><\/a><\/p>\n<p><code>Nota que aponta para esta:\u00a0<a href=\"https:\/\/diegoesteves.in\/estudos\/10-10-08-201740\/\">[10]<\/a> <a href=\"https:\/\/diegoesteves.in\/estudos\/19-29-08-2017-08-09-20175-7\/\">[19]<\/a> <\/code><\/p>\n<p>&nbsp;<\/p>\n<p style=\"text-align: justify;\">Inevitavelmente penso na qualidade do que escrevo, do que estou a escrever. E como algu\u00e9m que escuta uma piada ruim, esbo\u00e7o um riso, e o deixo passar.<\/p>\n<p style=\"text-align: right;\"><a href=\"https:\/\/diegoesteves.in\/estudos\/38-12-10-2017\/\"><code>Seguir para a pr\u00f3xima nota<\/code><\/a><\/p>\n","protected":false},"excerpt":{"rendered":"<p>Voltar para nota anterior Nota que aponta para esta:\u00a0[10] [19] &nbsp; Inevitavelmente penso na qualidade do que escrevo, do que estou a escrever. E como algu\u00e9m que escuta uma piada ruim, esbo\u00e7o um riso, e o deixo passar. Seguir para a pr\u00f3xima nota<\/p>\n","protected":false},"author":1,"featured_media":0,"parent":0,"menu_order":0,"comment_status":"closed","ping_status":"closed","template":"","meta":{"footnotes":""},"class_list":["post-176","page","type-page","status-publish","hentry"],"_links":{"self":[{"href":"https:\/\/diegoesteves.in\/estudos\/wp-json\/wp\/v2\/pages\/176","targetHints":{"allow":["GET"]}}],"collection":[{"href":"https:\/\/diegoesteves.in\/estudos\/wp-json\/wp\/v2\/pages"}],"about":[{"href":"https:\/\/diegoesteves.in\/estudos\/wp-json\/wp\/v2\/types\/page"}],"author":[{"embeddable":true,"href":"https:\/\/diegoesteves.in\/estudos\/wp-json\/wp\/v2\/users\/1"}],"replies":[{"embeddable":true,"href":"https:\/\/diegoesteves.in\/estudos\/wp-json\/wp\/v2\/comments?post=176"}],"version-history":[{"count":6,"href":"https:\/\/diegoesteves.in\/estudos\/wp-json\/wp\/v2\/pages\/176\/revisions"}],"predecessor-version":[{"id":902,"href":"https:\/\/diegoesteves.in\/estudos\/wp-json\/wp\/v2\/pages\/176\/revisions\/902"}],"wp:attachment":[{"href":"https:\/\/diegoesteves.in\/estudos\/wp-json\/wp\/v2\/media?parent=176"}],"curies":[{"name":"wp","href":"https:\/\/api.w.org\/{rel}","templated":true}]}}