{"id":182,"date":"2018-06-27T18:46:49","date_gmt":"2018-06-27T18:46:49","guid":{"rendered":"https:\/\/diegoesteves.in\/estudos\/?page_id=182"},"modified":"2018-07-17T11:44:34","modified_gmt":"2018-07-17T11:44:34","slug":"40-12-10-201741","status":"publish","type":"page","link":"https:\/\/diegoesteves.in\/estudos\/40-12-10-201741\/","title":{"rendered":"[40] 12\/10\/2017"},"content":{"rendered":"<p><a href=\"https:\/\/diegoesteves.in\/estudos\/39-12-10-2017\/\"><code>Voltar para nota anterior<\/code><\/a><\/p>\n<p><code>Notas que apontam para esta: <a href=\"https:\/\/diegoesteves.in\/estudos\/10-10-08-201740\/\">[10]<\/a> <a href=\"https:\/\/diegoesteves.in\/estudos\/41-12-10-2017\/\">[41]<\/a><\/code><\/p>\n<p>&nbsp;<\/p>\n<p style=\"text-align: justify;\">Tenho tomado a escrita num jogo amparado em algo que poderia nominar, mas n\u00e3o vou, como desapego, ironia com minhas pr\u00f3prias hesita\u00e7\u00f5es, cren\u00e7a na transitoriedade da vida, do conhecimento como uma fic\u00e7\u00e3o, da escrita como um exerc\u00edcio laboral, de um labor interno, de um labirinto onde me perco, de jogar com esse eu<a href=\"#f10\"><sup>[10]<\/sup><\/a>, de o jogar para longe, de misturan\u00e7as, dan\u00e7as, grandes e pequenas risadas, doses m\u00ednimas de gozo<a href=\"#f35\"><sup>[35]<\/sup><\/a>, busca disfar\u00e7ada pelo prazer, desvio engajado de uma milit\u00e2ncia, afirma\u00e7\u00e3o de uma pol\u00edtica, uma \u00e9tica e uma po\u00e9tica, uma afirma\u00e7\u00e3o das d\u00favidas, das possibilidades, nas multiplicidades e, apesar de tudo, escrever, ainda escrever. Tenho tornado escrita<a href=\"#f31\"><sup>[31]<\/sup><\/a>.<\/p>\n<p style=\"text-align: right;\"><a href=\"https:\/\/diegoesteves.in\/estudos\/41-12-10-2017\/\"><code>Seguir para a pr\u00f3xima nota<\/code><\/a><\/p>\n","protected":false},"excerpt":{"rendered":"<p>Voltar para nota anterior Notas que apontam para esta: [10] [41] &nbsp; Tenho tomado a escrita num jogo amparado em algo que poderia nominar, mas n\u00e3o vou, como desapego, ironia com minhas pr\u00f3prias hesita\u00e7\u00f5es, cren\u00e7a na transitoriedade da vida, do conhecimento como uma fic\u00e7\u00e3o, da escrita como um exerc\u00edcio laboral, de um labor interno, de [&hellip;]<\/p>\n","protected":false},"author":1,"featured_media":0,"parent":0,"menu_order":0,"comment_status":"closed","ping_status":"closed","template":"","meta":{"footnotes":""},"class_list":["post-182","page","type-page","status-publish","hentry"],"_links":{"self":[{"href":"https:\/\/diegoesteves.in\/estudos\/wp-json\/wp\/v2\/pages\/182","targetHints":{"allow":["GET"]}}],"collection":[{"href":"https:\/\/diegoesteves.in\/estudos\/wp-json\/wp\/v2\/pages"}],"about":[{"href":"https:\/\/diegoesteves.in\/estudos\/wp-json\/wp\/v2\/types\/page"}],"author":[{"embeddable":true,"href":"https:\/\/diegoesteves.in\/estudos\/wp-json\/wp\/v2\/users\/1"}],"replies":[{"embeddable":true,"href":"https:\/\/diegoesteves.in\/estudos\/wp-json\/wp\/v2\/comments?post=182"}],"version-history":[{"count":5,"href":"https:\/\/diegoesteves.in\/estudos\/wp-json\/wp\/v2\/pages\/182\/revisions"}],"predecessor-version":[{"id":839,"href":"https:\/\/diegoesteves.in\/estudos\/wp-json\/wp\/v2\/pages\/182\/revisions\/839"}],"wp:attachment":[{"href":"https:\/\/diegoesteves.in\/estudos\/wp-json\/wp\/v2\/media?parent=182"}],"curies":[{"name":"wp","href":"https:\/\/api.w.org\/{rel}","templated":true}]}}