{"id":184,"date":"2018-06-27T18:47:14","date_gmt":"2018-06-27T18:47:14","guid":{"rendered":"https:\/\/diegoesteves.in\/estudos\/?page_id=184"},"modified":"2018-06-28T20:36:35","modified_gmt":"2018-06-28T20:36:35","slug":"41-12-10-2017","status":"publish","type":"page","link":"https:\/\/diegoesteves.in\/estudos\/41-12-10-2017\/","title":{"rendered":"[41] 12\/10\/2017"},"content":{"rendered":"<p><a href=\"https:\/\/diegoesteves.in\/estudos\/40-12-10-201741\/\"><code>Voltar para nota anterior<\/code><\/a><\/p>\n<p>&nbsp;<\/p>\n<p style=\"text-align: justify;\">Instituir a hesita\u00e7\u00e3o como m\u00e9todo de <a href=\"https:\/\/diegoesteves.in\/estudos\/40-12-10-201741\/\">escrita<\/a>. Uma escrita desviante. E quando parece que falta algo, nada falta, resta um ponto<\/p>\n<p style=\"text-align: right;\"><a href=\"https:\/\/diegoesteves.in\/estudos\/42-12-10-2017\/\"><code>Seguir para a pr\u00f3xima nota<\/code><\/a><\/p>\n","protected":false},"excerpt":{"rendered":"<p>Voltar para nota anterior &nbsp; Instituir a hesita\u00e7\u00e3o como m\u00e9todo de escrita. Uma escrita desviante. E quando parece que falta algo, nada falta, resta um ponto Seguir para a pr\u00f3xima nota<\/p>\n","protected":false},"author":1,"featured_media":0,"parent":0,"menu_order":0,"comment_status":"closed","ping_status":"closed","template":"","meta":{"footnotes":""},"class_list":["post-184","page","type-page","status-publish","hentry"],"_links":{"self":[{"href":"https:\/\/diegoesteves.in\/estudos\/wp-json\/wp\/v2\/pages\/184","targetHints":{"allow":["GET"]}}],"collection":[{"href":"https:\/\/diegoesteves.in\/estudos\/wp-json\/wp\/v2\/pages"}],"about":[{"href":"https:\/\/diegoesteves.in\/estudos\/wp-json\/wp\/v2\/types\/page"}],"author":[{"embeddable":true,"href":"https:\/\/diegoesteves.in\/estudos\/wp-json\/wp\/v2\/users\/1"}],"replies":[{"embeddable":true,"href":"https:\/\/diegoesteves.in\/estudos\/wp-json\/wp\/v2\/comments?post=184"}],"version-history":[{"count":4,"href":"https:\/\/diegoesteves.in\/estudos\/wp-json\/wp\/v2\/pages\/184\/revisions"}],"predecessor-version":[{"id":533,"href":"https:\/\/diegoesteves.in\/estudos\/wp-json\/wp\/v2\/pages\/184\/revisions\/533"}],"wp:attachment":[{"href":"https:\/\/diegoesteves.in\/estudos\/wp-json\/wp\/v2\/media?parent=184"}],"curies":[{"name":"wp","href":"https:\/\/api.w.org\/{rel}","templated":true}]}}