{"id":186,"date":"2018-06-27T18:48:05","date_gmt":"2018-06-27T18:48:05","guid":{"rendered":"https:\/\/diegoesteves.in\/estudos\/?page_id=186"},"modified":"2018-06-28T20:36:41","modified_gmt":"2018-06-28T20:36:41","slug":"42-12-10-2017","status":"publish","type":"page","link":"https:\/\/diegoesteves.in\/estudos\/42-12-10-2017\/","title":{"rendered":"[42] 12\/10\/2017"},"content":{"rendered":"<p><a href=\"https:\/\/diegoesteves.in\/estudos\/41-12-10-2017\/\"><code>Voltar para nota anterior<\/code><\/a><\/p>\n<p>&nbsp;<\/p>\n<p style=\"text-align: justify;\">Escrevo fragmentos que talvez possam dizer que pouco tem a ver com Educa\u00e7\u00e3o. Quem? Que digam! Mas que digam na minha frente! Se a encontrarem&#8230; Estou indo. Este. Ou. Esteve. S plural est\u00e1 por a\u00ed. J\u00e1 estou longe de quem escreve. diego escreves. di esteves. ego escreves. v\u00eas. vais. Estou com fome. Vou comer.<\/p>\n<p style=\"text-align: right;\"><a href=\"https:\/\/diegoesteves.in\/estudos\/43-12-10-20173\/\"><code>Seguir para a pr\u00f3xima nota<\/code><\/a><\/p>\n","protected":false},"excerpt":{"rendered":"<p>Voltar para nota anterior &nbsp; Escrevo fragmentos que talvez possam dizer que pouco tem a ver com Educa\u00e7\u00e3o. Quem? Que digam! Mas que digam na minha frente! Se a encontrarem&#8230; Estou indo. Este. Ou. Esteve. S plural est\u00e1 por a\u00ed. J\u00e1 estou longe de quem escreve. diego escreves. di esteves. ego escreves. v\u00eas. vais. Estou [&hellip;]<\/p>\n","protected":false},"author":1,"featured_media":0,"parent":0,"menu_order":0,"comment_status":"closed","ping_status":"closed","template":"","meta":{"footnotes":""},"class_list":["post-186","page","type-page","status-publish","hentry"],"_links":{"self":[{"href":"https:\/\/diegoesteves.in\/estudos\/wp-json\/wp\/v2\/pages\/186","targetHints":{"allow":["GET"]}}],"collection":[{"href":"https:\/\/diegoesteves.in\/estudos\/wp-json\/wp\/v2\/pages"}],"about":[{"href":"https:\/\/diegoesteves.in\/estudos\/wp-json\/wp\/v2\/types\/page"}],"author":[{"embeddable":true,"href":"https:\/\/diegoesteves.in\/estudos\/wp-json\/wp\/v2\/users\/1"}],"replies":[{"embeddable":true,"href":"https:\/\/diegoesteves.in\/estudos\/wp-json\/wp\/v2\/comments?post=186"}],"version-history":[{"count":3,"href":"https:\/\/diegoesteves.in\/estudos\/wp-json\/wp\/v2\/pages\/186\/revisions"}],"predecessor-version":[{"id":534,"href":"https:\/\/diegoesteves.in\/estudos\/wp-json\/wp\/v2\/pages\/186\/revisions\/534"}],"wp:attachment":[{"href":"https:\/\/diegoesteves.in\/estudos\/wp-json\/wp\/v2\/media?parent=186"}],"curies":[{"name":"wp","href":"https:\/\/api.w.org\/{rel}","templated":true}]}}