{"id":188,"date":"2018-06-27T18:48:38","date_gmt":"2018-06-27T18:48:38","guid":{"rendered":"https:\/\/diegoesteves.in\/estudos\/?page_id=188"},"modified":"2018-06-28T20:36:49","modified_gmt":"2018-06-28T20:36:49","slug":"43-12-10-20173","status":"publish","type":"page","link":"https:\/\/diegoesteves.in\/estudos\/43-12-10-20173\/","title":{"rendered":"[43] 12\/10\/2017"},"content":{"rendered":"<p><a href=\"https:\/\/diegoesteves.in\/estudos\/42-12-10-2017\/\"><code>Voltar para nota anterior<\/code><\/a><\/p>\n<p><code>Notas que apontam para esta: <a href=\"https:\/\/diegoesteves.in\/estudos\/3-27-07-2017-23-08-2017\/\">[3]<\/a><\/code><\/p>\n<p>&nbsp;<\/p>\n<p>Tudo nada importa.<\/p>\n<p>Joga com essas partes.<\/p>\n<p>Joga consigo.<\/p>\n<p>Consigo joga com outros.<\/p>\n<p>Tudo importa, tudo s\u00e3o partes, partes s\u00e3o tudo<sup>[ ]<\/sup>.<\/p>\n<p style=\"text-align: right;\"><a href=\"https:\/\/diegoesteves.in\/estudos\/44-12-10-2017\/\"><code>Seguir para a pr\u00f3xima nota<\/code><\/a><\/p>\n","protected":false},"excerpt":{"rendered":"<p>Voltar para nota anterior Notas que apontam para esta: [3] &nbsp; Tudo nada importa. Joga com essas partes. Joga consigo. Consigo joga com outros. Tudo importa, tudo s\u00e3o partes, partes s\u00e3o tudo[ ]. Seguir para a pr\u00f3xima nota<\/p>\n","protected":false},"author":1,"featured_media":0,"parent":0,"menu_order":0,"comment_status":"closed","ping_status":"closed","template":"","meta":{"footnotes":""},"class_list":["post-188","page","type-page","status-publish","hentry"],"_links":{"self":[{"href":"https:\/\/diegoesteves.in\/estudos\/wp-json\/wp\/v2\/pages\/188","targetHints":{"allow":["GET"]}}],"collection":[{"href":"https:\/\/diegoesteves.in\/estudos\/wp-json\/wp\/v2\/pages"}],"about":[{"href":"https:\/\/diegoesteves.in\/estudos\/wp-json\/wp\/v2\/types\/page"}],"author":[{"embeddable":true,"href":"https:\/\/diegoesteves.in\/estudos\/wp-json\/wp\/v2\/users\/1"}],"replies":[{"embeddable":true,"href":"https:\/\/diegoesteves.in\/estudos\/wp-json\/wp\/v2\/comments?post=188"}],"version-history":[{"count":4,"href":"https:\/\/diegoesteves.in\/estudos\/wp-json\/wp\/v2\/pages\/188\/revisions"}],"predecessor-version":[{"id":535,"href":"https:\/\/diegoesteves.in\/estudos\/wp-json\/wp\/v2\/pages\/188\/revisions\/535"}],"wp:attachment":[{"href":"https:\/\/diegoesteves.in\/estudos\/wp-json\/wp\/v2\/media?parent=188"}],"curies":[{"name":"wp","href":"https:\/\/api.w.org\/{rel}","templated":true}]}}