{"id":190,"date":"2018-06-27T18:49:25","date_gmt":"2018-06-27T18:49:25","guid":{"rendered":"https:\/\/diegoesteves.in\/estudos\/?page_id=190"},"modified":"2018-06-28T20:36:58","modified_gmt":"2018-06-28T20:36:58","slug":"44-12-10-2017","status":"publish","type":"page","link":"https:\/\/diegoesteves.in\/estudos\/44-12-10-2017\/","title":{"rendered":"[44] 12\/10\/2017"},"content":{"rendered":"<p><a href=\"https:\/\/diegoesteves.in\/estudos\/43-12-10-20173\/\"><code>Voltar para nota anterior<\/code><\/a><\/p>\n<p>&nbsp;<\/p>\n<p style=\"text-align: justify;\">Paro a escrita volto para o texto paro o texto volto para a escrita num movimento cont\u00ednuo sem ponto ou v\u00edrgula<\/p>\n<p style=\"text-align: justify;\">Param-me. Voltam-me.<\/p>\n<p style=\"text-align: justify;\">Da \u00faltima ida e volta carrego isso:<\/p>\n<blockquote>\n<p style=\"text-align: justify;\">Suportar, por exemplo, um excesso de coer\u00eancia racional, como a do estilo spinoziano de pensamento, sem deixar de evocar o fant\u00e1stico e o heter\u00f3clito; fazer ruir a sintaxe das ordens ut\u00f3picas com o diapas\u00e3o dessas mesmas ordens; trapacear a l\u00edngua, talvez nos dissesse Roland Barthes. \u00c9 disso que se trata: usar as linguagens para travar di\u00e1logos e o livro \u00e9, ele mesmo, um di\u00e1logo, uma forma de rela\u00e7\u00e3o, nos diz Borges. Em um di\u00e1logo o interlocutor n\u00e3o \u00e9 a soma ou a m\u00e9dia daquilo que diz, mas todos os microefeitos que transluz sua express\u00e3o. (AD\u00d3, 2016, p.12)<\/p>\n<\/blockquote>\n<p style=\"text-align: right;\"><a href=\"https:\/\/diegoesteves.in\/estudos\/45-12-10-20176\/\"><code>Seguir para a pr\u00f3xima nota<\/code><\/a><\/p>\n","protected":false},"excerpt":{"rendered":"<p>Voltar para nota anterior &nbsp; Paro a escrita volto para o texto paro o texto volto para a escrita num movimento cont\u00ednuo sem ponto ou v\u00edrgula Param-me. Voltam-me. Da \u00faltima ida e volta carrego isso: Suportar, por exemplo, um excesso de coer\u00eancia racional, como a do estilo spinoziano de pensamento, sem deixar de evocar o [&hellip;]<\/p>\n","protected":false},"author":1,"featured_media":0,"parent":0,"menu_order":0,"comment_status":"closed","ping_status":"closed","template":"","meta":{"footnotes":""},"class_list":["post-190","page","type-page","status-publish","hentry"],"_links":{"self":[{"href":"https:\/\/diegoesteves.in\/estudos\/wp-json\/wp\/v2\/pages\/190","targetHints":{"allow":["GET"]}}],"collection":[{"href":"https:\/\/diegoesteves.in\/estudos\/wp-json\/wp\/v2\/pages"}],"about":[{"href":"https:\/\/diegoesteves.in\/estudos\/wp-json\/wp\/v2\/types\/page"}],"author":[{"embeddable":true,"href":"https:\/\/diegoesteves.in\/estudos\/wp-json\/wp\/v2\/users\/1"}],"replies":[{"embeddable":true,"href":"https:\/\/diegoesteves.in\/estudos\/wp-json\/wp\/v2\/comments?post=190"}],"version-history":[{"count":3,"href":"https:\/\/diegoesteves.in\/estudos\/wp-json\/wp\/v2\/pages\/190\/revisions"}],"predecessor-version":[{"id":536,"href":"https:\/\/diegoesteves.in\/estudos\/wp-json\/wp\/v2\/pages\/190\/revisions\/536"}],"wp:attachment":[{"href":"https:\/\/diegoesteves.in\/estudos\/wp-json\/wp\/v2\/media?parent=190"}],"curies":[{"name":"wp","href":"https:\/\/api.w.org\/{rel}","templated":true}]}}