{"id":210,"date":"2018-06-27T19:16:21","date_gmt":"2018-06-27T19:16:21","guid":{"rendered":"https:\/\/diegoesteves.in\/estudos\/?page_id=210"},"modified":"2018-06-28T20:39:02","modified_gmt":"2018-06-28T20:39:02","slug":"52-19-10-2017","status":"publish","type":"page","link":"https:\/\/diegoesteves.in\/estudos\/52-19-10-2017\/","title":{"rendered":"[52] 19\/10\/2017"},"content":{"rendered":"<p><a href=\"https:\/\/diegoesteves.in\/estudos\/51-19-10-20175-55-7\/\"><code>Voltar para nota anterior<\/code><\/a><\/p>\n<p>&nbsp;<\/p>\n<p style=\"text-align: justify;\">Esse fragmento se resume a uma cita\u00e7\u00e3o, e \u00e0 afirma\u00e7\u00e3o de um resumo \u00e0 cita\u00e7\u00e3o, o que faz dele algo um pouco maior do que essa cita\u00e7\u00e3o, ou seja, essa frase e uma cita\u00e7\u00e3o, que se comp\u00f5e com os fragmentos anteriores, mas tamb\u00e9m com outros <sup>[linkar os que se referem \u00e0 prontid\u00e3o]<\/sup>. Esse fragmento, portanto, n\u00e3o se resume a uma cita\u00e7\u00e3o. Talvez sejam duas cita\u00e7\u00f5es.<\/p>\n<blockquote>\n<p style=\"text-align: justify;\">Naquela \u00e9poca, minha vida e meu estilo de trabalho estavam sobre forte influ\u00eancia da filosofia tao\u00edsta. Buscava intensificar minha percep\u00e7\u00e3o intuitiva e reconhecer \u201cos padr\u00f5es do tao\u00edsmo\u201d; praticava a arte do <em>wu wei, <\/em>o n\u00e3o agir que vai \u201ccontra o feitio das coisas\u201d, esperando pelo momento certo sem for\u00e7ar nada. A met\u00e1fora de Casta\u00f1eda, do cent\u00edmetro c\u00fabico de chance que desponta de tempos em tempos e \u00e9 apanhado pelo \u201cguerreiro\u201d que leva uma vida disciplinada e que agu\u00e7ou sua intui\u00e7\u00e3o, estava sempre presente em minha mente (CAPRA, 2009. p.75).<\/p>\n<\/blockquote>\n<p style=\"text-align: right;\"><a href=\"https:\/\/diegoesteves.in\/estudos\/53-19-10-2017\/\"><code>Seguir para a pr\u00f3xima nota<\/code><\/a><\/p>\n","protected":false},"excerpt":{"rendered":"<p>Voltar para nota anterior &nbsp; Esse fragmento se resume a uma cita\u00e7\u00e3o, e \u00e0 afirma\u00e7\u00e3o de um resumo \u00e0 cita\u00e7\u00e3o, o que faz dele algo um pouco maior do que essa cita\u00e7\u00e3o, ou seja, essa frase e uma cita\u00e7\u00e3o, que se comp\u00f5e com os fragmentos anteriores, mas tamb\u00e9m com outros [linkar os que se referem [&hellip;]<\/p>\n","protected":false},"author":1,"featured_media":0,"parent":0,"menu_order":0,"comment_status":"closed","ping_status":"closed","template":"","meta":{"footnotes":""},"class_list":["post-210","page","type-page","status-publish","hentry"],"_links":{"self":[{"href":"https:\/\/diegoesteves.in\/estudos\/wp-json\/wp\/v2\/pages\/210","targetHints":{"allow":["GET"]}}],"collection":[{"href":"https:\/\/diegoesteves.in\/estudos\/wp-json\/wp\/v2\/pages"}],"about":[{"href":"https:\/\/diegoesteves.in\/estudos\/wp-json\/wp\/v2\/types\/page"}],"author":[{"embeddable":true,"href":"https:\/\/diegoesteves.in\/estudos\/wp-json\/wp\/v2\/users\/1"}],"replies":[{"embeddable":true,"href":"https:\/\/diegoesteves.in\/estudos\/wp-json\/wp\/v2\/comments?post=210"}],"version-history":[{"count":5,"href":"https:\/\/diegoesteves.in\/estudos\/wp-json\/wp\/v2\/pages\/210\/revisions"}],"predecessor-version":[{"id":544,"href":"https:\/\/diegoesteves.in\/estudos\/wp-json\/wp\/v2\/pages\/210\/revisions\/544"}],"wp:attachment":[{"href":"https:\/\/diegoesteves.in\/estudos\/wp-json\/wp\/v2\/media?parent=210"}],"curies":[{"name":"wp","href":"https:\/\/api.w.org\/{rel}","templated":true}]}}