{"id":218,"date":"2018-06-27T19:21:11","date_gmt":"2018-06-27T19:21:11","guid":{"rendered":"https:\/\/diegoesteves.in\/estudos\/?page_id=218"},"modified":"2018-07-17T12:15:18","modified_gmt":"2018-07-17T12:15:18","slug":"56-19-10-20173","status":"publish","type":"page","link":"https:\/\/diegoesteves.in\/estudos\/56-19-10-20173\/","title":{"rendered":"[56] 19\/10\/2017"},"content":{"rendered":"<p><a href=\"https:\/\/diegoesteves.in\/estudos\/55-19-10-2017-3-5\/\"><code>Voltar para nota anterior<\/code><\/a><\/p>\n<p><code>Notas que apontam para esta:\u00a0<a href=\"https:\/\/diegoesteves.in\/estudos\/3-27-07-2017-23-08-2017\/\">[3]<\/a> <a href=\"https:\/\/diegoesteves.in\/estudos\/12-10-08-20176-15\/\">[12]<\/a> <\/code><\/p>\n<p>&nbsp;<\/p>\n<p style=\"text-align: justify;\">Entrada \u00e9 sa\u00edda, morte \u00e9 vida: recome\u00e7os, sempre come\u00e7os. Reafirmar a viagem sem partida nem chegada. Retornar ao labirinto<sup>[ ]<\/sup>, sempre ele, sempre o labor interno. O labirinto como a dobra do fora.<\/p>\n<blockquote>\n<p style=\"text-align: justify;\">E o exterior perpetuamente recome\u00e7ado da morte se levado para a luz pelo esquecimento essencial \u00e0 linguagem jamais estabelece o limite a partir do qual se delinearia finalmente a verdade. Eles logo se revertem um no outro; a origem tem a transpar\u00eancia do que n\u00e3o tem fim, a morte abre infinitamente a repeti\u00e7\u00e3o do come\u00e7o. E o que \u00e9 a linguagem (n\u00e3o o que ela quer dizer, na a forma pela qual o diz), o que ela \u00e9 em seu ser \u00e9 essa voz t\u00e3o fina, esse recuo t\u00e3o impercept\u00edvel, essa fraqueza no cora\u00e7\u00e3o e em torno de qualquer coisa, de qualquer rosto, que banha com uma mesma claridade neutra \u2013 dia e noite ao mesmo tempo \u2013 o esfor\u00e7o tardio da origem, a eros\u00e3o matinal da morte. (FOUCAULT, 2001, p.242).<\/p>\n<\/blockquote>\n<p style=\"text-align: justify;\">Em torno do nosso rosto uma fraqueza, uma fraqueza no cora\u00e7\u00e3o. Uma fraqueza que no seu limite se torna for\u00e7a, como a \u00e1gua fr\u00e1gil que tudo envolve e ultrapassa. Fazer dessa fraqueza uma pot\u00eancia; pot\u00eancia do desaparecimento e da reapari\u00e7\u00e3o, sem nunca deixar de ter existido.<\/p>\n<blockquote>\n<p style=\"text-align: justify;\">Mas se a linguagem se mostra como transpar\u00eancia rec\u00edproca da origem e da morte, n\u00e3o h\u00e1 uma exist\u00eancia que, pela simples afirma\u00e7\u00e3o do \u201cEu falo\u201d, n\u00e3o receba a promessa de sua pr\u00f3pria desapari\u00e7\u00e3o, de sua futura apari\u00e7\u00e3o. (FOUCAULT, 201, p.242).<\/p>\n<\/blockquote>\n<p style=\"text-align: right;\"><a href=\"https:\/\/diegoesteves.in\/estudos\/57-31-10-2017\/\"><code>Seguir para a pr\u00f3xima nota<\/code><\/a><\/p>\n","protected":false},"excerpt":{"rendered":"<p>Voltar para nota anterior Notas que apontam para esta:\u00a0[3] [12] &nbsp; Entrada \u00e9 sa\u00edda, morte \u00e9 vida: recome\u00e7os, sempre come\u00e7os. Reafirmar a viagem sem partida nem chegada. Retornar ao labirinto[ ], sempre ele, sempre o labor interno. O labirinto como a dobra do fora. E o exterior perpetuamente recome\u00e7ado da morte se levado para a [&hellip;]<\/p>\n","protected":false},"author":1,"featured_media":0,"parent":0,"menu_order":0,"comment_status":"closed","ping_status":"closed","template":"","meta":{"footnotes":""},"class_list":["post-218","page","type-page","status-publish","hentry"],"_links":{"self":[{"href":"https:\/\/diegoesteves.in\/estudos\/wp-json\/wp\/v2\/pages\/218","targetHints":{"allow":["GET"]}}],"collection":[{"href":"https:\/\/diegoesteves.in\/estudos\/wp-json\/wp\/v2\/pages"}],"about":[{"href":"https:\/\/diegoesteves.in\/estudos\/wp-json\/wp\/v2\/types\/page"}],"author":[{"embeddable":true,"href":"https:\/\/diegoesteves.in\/estudos\/wp-json\/wp\/v2\/users\/1"}],"replies":[{"embeddable":true,"href":"https:\/\/diegoesteves.in\/estudos\/wp-json\/wp\/v2\/comments?post=218"}],"version-history":[{"count":7,"href":"https:\/\/diegoesteves.in\/estudos\/wp-json\/wp\/v2\/pages\/218\/revisions"}],"predecessor-version":[{"id":855,"href":"https:\/\/diegoesteves.in\/estudos\/wp-json\/wp\/v2\/pages\/218\/revisions\/855"}],"wp:attachment":[{"href":"https:\/\/diegoesteves.in\/estudos\/wp-json\/wp\/v2\/media?parent=218"}],"curies":[{"name":"wp","href":"https:\/\/api.w.org\/{rel}","templated":true}]}}