{"id":229,"date":"2018-06-27T19:24:53","date_gmt":"2018-06-27T19:24:53","guid":{"rendered":"https:\/\/diegoesteves.in\/estudos\/?page_id=229"},"modified":"2018-06-28T20:41:16","modified_gmt":"2018-06-28T20:41:16","slug":"61-18-11-2017","status":"publish","type":"page","link":"https:\/\/diegoesteves.in\/estudos\/61-18-11-2017\/","title":{"rendered":"[61] 18\/11\/2017"},"content":{"rendered":"<p><a href=\"https:\/\/diegoesteves.in\/estudos\/60-18-11-2017\/\"><code>Voltar para nota anterior<\/code><\/a><\/p>\n<p>&nbsp;<\/p>\n<p style=\"text-align: justify;\">&#8211; Tenho a impress\u00e3o de que j\u00e1 passei por isso antes, e tantas outras vezes, que me repito e volto a repetir.<\/p>\n<p style=\"text-align: justify;\">&#8211; Desde quando sente isso?<\/p>\n<p style=\"text-align: justify;\">&#8211; N\u00e3o sei quando iniciou. Sempre que lembro da vez anterior, ela j\u00e1 \u00e9 uma repeti\u00e7\u00e3o, n\u00e3o sei quando foi a primeira. Talvez precise parar e come\u00e7ar algo do zero.<\/p>\n<p style=\"text-align: justify;\">&#8211; Talvez.<\/p>\n<p style=\"text-align: justify;\">&#8211; Mas n\u00e3o sei no que me basear, come\u00e7ar de novo parece algo t\u00e3o vazio, incerto. Ainda que se diga, n\u00e3o se pode come\u00e7ar do zero, precisa-se de pelo menos um. E repeti-lo.<\/p>\n<p style=\"text-align: justify;\">&#8211; Talvez.<\/p>\n<p style=\"text-align: justify;\">&#8211; Voc\u00ea ficar se repetindo n\u00e3o parece me ajudar.<\/p>\n<p style=\"text-align: justify;\">&#8211; Talvez. Mas n\u00e3o sei o que possa dizer para te ajudar. Me parece que o caminho \u00e9 sempre individual, e apontar qualquer dire\u00e7\u00e3o n\u00e3o teria sentido, seria a minha dire\u00e7\u00e3o.<\/p>\n<p style=\"text-align: justify;\">&#8211; &#8230;<\/p>\n<p style=\"text-align: justify;\">&#8211; N\u00e3o vai dizer mais nada?<\/p>\n<p style=\"text-align: justify;\">&#8211; Talvez. Estou pensando se penso algo diferente, mas parece que tudo j\u00e1 foi dito. Que o seu caminho tamb\u00e9m j\u00e1 foi meu caminho e de tantos outros. Ao mesmo tempo \u00e9 tudo diferente. Sempre chega um momento em que sinto que preciso parar. Mas \u00e9 claro que o zero n\u00e3o existe como possibilidade de retorno. Ainda assim, sinto que preciso desse estado zerado.<\/p>\n<p style=\"text-align: justify;\">&#8211; Sempre podemos parar. O tempo segue. Nunca podemos parar.<\/p>\n<p style=\"text-align: justify;\">&#8211; Quero parar por aqui.<\/p>\n<p style=\"text-align: right;\"><a href=\"https:\/\/diegoesteves.in\/estudos\/62-2\/\"><code>Seguir para a pr\u00f3xima nota<\/code><\/a><\/p>\n","protected":false},"excerpt":{"rendered":"<p>Voltar para nota anterior &nbsp; &#8211; Tenho a impress\u00e3o de que j\u00e1 passei por isso antes, e tantas outras vezes, que me repito e volto a repetir. &#8211; Desde quando sente isso? &#8211; N\u00e3o sei quando iniciou. Sempre que lembro da vez anterior, ela j\u00e1 \u00e9 uma repeti\u00e7\u00e3o, n\u00e3o sei quando foi a primeira. Talvez [&hellip;]<\/p>\n","protected":false},"author":1,"featured_media":0,"parent":0,"menu_order":0,"comment_status":"closed","ping_status":"closed","template":"","meta":{"footnotes":""},"class_list":["post-229","page","type-page","status-publish","hentry"],"_links":{"self":[{"href":"https:\/\/diegoesteves.in\/estudos\/wp-json\/wp\/v2\/pages\/229","targetHints":{"allow":["GET"]}}],"collection":[{"href":"https:\/\/diegoesteves.in\/estudos\/wp-json\/wp\/v2\/pages"}],"about":[{"href":"https:\/\/diegoesteves.in\/estudos\/wp-json\/wp\/v2\/types\/page"}],"author":[{"embeddable":true,"href":"https:\/\/diegoesteves.in\/estudos\/wp-json\/wp\/v2\/users\/1"}],"replies":[{"embeddable":true,"href":"https:\/\/diegoesteves.in\/estudos\/wp-json\/wp\/v2\/comments?post=229"}],"version-history":[{"count":5,"href":"https:\/\/diegoesteves.in\/estudos\/wp-json\/wp\/v2\/pages\/229\/revisions"}],"predecessor-version":[{"id":553,"href":"https:\/\/diegoesteves.in\/estudos\/wp-json\/wp\/v2\/pages\/229\/revisions\/553"}],"wp:attachment":[{"href":"https:\/\/diegoesteves.in\/estudos\/wp-json\/wp\/v2\/media?parent=229"}],"curies":[{"name":"wp","href":"https:\/\/api.w.org\/{rel}","templated":true}]}}