{"id":277,"date":"2018-06-27T20:12:50","date_gmt":"2018-06-27T20:12:50","guid":{"rendered":"https:\/\/diegoesteves.in\/estudos\/?page_id=277"},"modified":"2018-06-28T21:35:36","modified_gmt":"2018-06-28T21:35:36","slug":"82-30-01-2018","status":"publish","type":"page","link":"https:\/\/diegoesteves.in\/estudos\/82-30-01-2018\/","title":{"rendered":"[82] 30\/01\/2018"},"content":{"rendered":"<p><a href=\"https:\/\/diegoesteves.in\/estudos\/81-30-01-2018\/\"><code>Voltar para nota anterior<\/code><\/a><\/p>\n<p>&nbsp;<\/p>\n<p style=\"text-align: justify;\">\u00c9 o espa\u00e7o, o espa\u00e7o do fora. \u00c9 o caos. Mas este espa\u00e7o nos convoca, nos puxa, tal qual a for\u00e7a de um buraco negro: somos conduzidos pelo nosso n\u00e3o-saber e por nossa necessidade de explorar; mais do que isso, antes mesmo de um ato consciente: \u00e9 o espa\u00e7o que nos convoca, que nos solicita, ele possui mais for\u00e7a de atra\u00e7\u00e3o do que julgamos ter nosso desejo de conhecer. De toda forma, a estranheza desse desconhecido tem um ar de intimidade \u2013 talvez porque este fora nos habite, porque em n\u00f3s h\u00e1 muito de desconhecido, em cada recanto \u00edntimos do nosso ser que, sem embargo, n\u00e3o \u00e9 nosso, sem deixar de ser.<\/p>\n<blockquote>\n<p style=\"text-align: justify;\">Todo o espa\u00e7o do lado de dentro est\u00e1 topologicamente em contato com o lado de fora, independentemente das dist\u00e2ncias e sobre os limites de um \u201cvivente\u201d; e esta topologia carnal ou vital, longe de ser explicado pelo espa\u00e7o, libera um tempo que condensa o passado do lado de dentro, faz acontecer o futuro do lado de fora, e os confronta do limite do presente. [&#8230;] Pensar \u00e9 se alojar no estrato no presente que serve de limite: o que \u00e9 que posso ver e o que posso dizer hoje? Mas isso \u00e9 pensar o passado tal como se condensa no dentro, na rela\u00e7\u00e3o consigo (h\u00e1 um grego em mim, ou um crist\u00e3o&#8230;). Pensar o passado contra o presente, resistir ao presente, n\u00e3o para um retorno, mas \u201cem favor, espero, de um tempo que vir\u00e1\u201d (Nietzsche), isto \u00e9, tornando o passado ativo e presente fora, para que surja enfim algo novo, para que pensar, sempre, suceda ao pensamento. O pensamento pensa sua pr\u00f3pria hist\u00f3ria (passado), mas para se libertar do que ele pensa (presente) e poder, enfim, \u201cpensar de outra forma\u201d (futuro). \u00c9 o que Blanchot chamava \u201ca paix\u00e3o do lado de fora\u201d, uma for\u00e7a que s\u00f3 tende em dire\u00e7\u00e3o ao fora porque o pr\u00f3prio fora tornou-se a \u201cintimidade\u201d, a \u201cintrus\u00e3o\u201d. (DELEUZE, 2006a, p.265).<\/p>\n<\/blockquote>\n<p style=\"text-align: right;\"><a href=\"https:\/\/diegoesteves.in\/estudos\/83-30-01-2018\/\"><code>Seguir para a pr\u00f3xima nota<\/code><\/a><\/p>\n","protected":false},"excerpt":{"rendered":"<p>Voltar para nota anterior &nbsp; \u00c9 o espa\u00e7o, o espa\u00e7o do fora. \u00c9 o caos. Mas este espa\u00e7o nos convoca, nos puxa, tal qual a for\u00e7a de um buraco negro: somos conduzidos pelo nosso n\u00e3o-saber e por nossa necessidade de explorar; mais do que isso, antes mesmo de um ato consciente: \u00e9 o espa\u00e7o que [&hellip;]<\/p>\n","protected":false},"author":1,"featured_media":0,"parent":0,"menu_order":0,"comment_status":"closed","ping_status":"closed","template":"","meta":{"footnotes":""},"class_list":["post-277","page","type-page","status-publish","hentry"],"_links":{"self":[{"href":"https:\/\/diegoesteves.in\/estudos\/wp-json\/wp\/v2\/pages\/277","targetHints":{"allow":["GET"]}}],"collection":[{"href":"https:\/\/diegoesteves.in\/estudos\/wp-json\/wp\/v2\/pages"}],"about":[{"href":"https:\/\/diegoesteves.in\/estudos\/wp-json\/wp\/v2\/types\/page"}],"author":[{"embeddable":true,"href":"https:\/\/diegoesteves.in\/estudos\/wp-json\/wp\/v2\/users\/1"}],"replies":[{"embeddable":true,"href":"https:\/\/diegoesteves.in\/estudos\/wp-json\/wp\/v2\/comments?post=277"}],"version-history":[{"count":2,"href":"https:\/\/diegoesteves.in\/estudos\/wp-json\/wp\/v2\/pages\/277\/revisions"}],"predecessor-version":[{"id":581,"href":"https:\/\/diegoesteves.in\/estudos\/wp-json\/wp\/v2\/pages\/277\/revisions\/581"}],"wp:attachment":[{"href":"https:\/\/diegoesteves.in\/estudos\/wp-json\/wp\/v2\/media?parent=277"}],"curies":[{"name":"wp","href":"https:\/\/api.w.org\/{rel}","templated":true}]}}