{"id":279,"date":"2018-06-27T20:13:36","date_gmt":"2018-06-27T20:13:36","guid":{"rendered":"https:\/\/diegoesteves.in\/estudos\/?page_id=279"},"modified":"2018-06-28T21:36:42","modified_gmt":"2018-06-28T21:36:42","slug":"83-30-01-2018","status":"publish","type":"page","link":"https:\/\/diegoesteves.in\/estudos\/83-30-01-2018\/","title":{"rendered":"[83] 30\/01\/2018"},"content":{"rendered":"<p><code><a href=\"https:\/\/diegoesteves.in\/estudos\/82-30-01-2018\/\">Voltar para nota anterior<\/a><\/code><\/p>\n<p>&nbsp;<\/p>\n<p style=\"text-align: justify;\">Marco me levou \u00e0s suas cidades<a href=\"#_ftn1\" name=\"_ftnref1\">[1]<\/a>, e ao lado de Khan olheis seus gestos, os objetos que trazia consigo com os quais ilustrava o que viu, sem se usurpar ao direito \u00e0 fala, das caretas e saltos.<\/p>\n<p style=\"text-align: justify;\">Curioso seria se eu nada visse ao que Marco Polo nos mostrava, e mais curioso seria se eu visse o mesmo que Khan e que o pr\u00f3prio narrador via enquanto narrava. E ainda mais curioso \u00e9 o que devo admitir: apesar da for\u00e7a e da maestria com a qual Marco nos conta suas hist\u00f3rias (sobre a escrita de Calvino) n\u00e3o s\u00e3o as cidades que se erguem em meus pensamentos; apesar de sua presen\u00e7a imponente, elas aparecem como um espa\u00e7o (com toda sua topologia particular e incerta), como ambiente e mesmo com um cen\u00e1rio (quase um pano de fundo, ainda que repleto de s\u00edmbolos) sobre o qual assisto curioso a encontros, rela\u00e7\u00f5es e signific\u00e2ncias ao infinito &#8211; a cada vez que olhava a mesma cidade, e sobretudo em cada nova cidade, via outras rela\u00e7\u00f5es coisas-pessoas-lugares. Onde haviam cidades invis\u00edveis eu via rela\u00e7\u00f5es invis\u00edveis.<\/p>\n<p style=\"text-align: right;\"><a href=\"https:\/\/diegoesteves.in\/estudos\/84-05-02-2018\/\"><code>Seguir para a pr\u00f3xima nota<\/code><\/a><\/p>\n<blockquote>\n<p style=\"text-align: justify;\"><a href=\"#_ftnref1\" name=\"_ftn1\">[1]<\/a> Acerca do livro Cidades Invis\u00edveis, de \u00cdtalo Calvino.<\/p>\n<\/blockquote>\n","protected":false},"excerpt":{"rendered":"<p>Voltar para nota anterior &nbsp; Marco me levou \u00e0s suas cidades[1], e ao lado de Khan olheis seus gestos, os objetos que trazia consigo com os quais ilustrava o que viu, sem se usurpar ao direito \u00e0 fala, das caretas e saltos. Curioso seria se eu nada visse ao que Marco Polo nos mostrava, e [&hellip;]<\/p>\n","protected":false},"author":1,"featured_media":0,"parent":0,"menu_order":0,"comment_status":"closed","ping_status":"closed","template":"","meta":{"footnotes":""},"class_list":["post-279","page","type-page","status-publish","hentry"],"_links":{"self":[{"href":"https:\/\/diegoesteves.in\/estudos\/wp-json\/wp\/v2\/pages\/279","targetHints":{"allow":["GET"]}}],"collection":[{"href":"https:\/\/diegoesteves.in\/estudos\/wp-json\/wp\/v2\/pages"}],"about":[{"href":"https:\/\/diegoesteves.in\/estudos\/wp-json\/wp\/v2\/types\/page"}],"author":[{"embeddable":true,"href":"https:\/\/diegoesteves.in\/estudos\/wp-json\/wp\/v2\/users\/1"}],"replies":[{"embeddable":true,"href":"https:\/\/diegoesteves.in\/estudos\/wp-json\/wp\/v2\/comments?post=279"}],"version-history":[{"count":3,"href":"https:\/\/diegoesteves.in\/estudos\/wp-json\/wp\/v2\/pages\/279\/revisions"}],"predecessor-version":[{"id":583,"href":"https:\/\/diegoesteves.in\/estudos\/wp-json\/wp\/v2\/pages\/279\/revisions\/583"}],"wp:attachment":[{"href":"https:\/\/diegoesteves.in\/estudos\/wp-json\/wp\/v2\/media?parent=279"}],"curies":[{"name":"wp","href":"https:\/\/api.w.org\/{rel}","templated":true}]}}