{"id":285,"date":"2018-06-27T20:17:42","date_gmt":"2018-06-27T20:17:42","guid":{"rendered":"https:\/\/diegoesteves.in\/estudos\/?page_id=285"},"modified":"2018-06-28T21:40:31","modified_gmt":"2018-06-28T21:40:31","slug":"86-05-02-2018","status":"publish","type":"page","link":"https:\/\/diegoesteves.in\/estudos\/86-05-02-2018\/","title":{"rendered":"[86] 05\/02\/2018"},"content":{"rendered":"<p><a href=\"https:\/\/diegoesteves.in\/estudos\/85-05-02-2018\/\"><code>Voltar para nota anterior<\/code><\/a><\/p>\n<p>&nbsp;<\/p>\n<p style=\"text-align: justify;\">O Corpo Potencial como este que faz de si boas composi\u00e7\u00f5es inserindo-se numa narrativa que cria uma realidade a partir de uma apropria\u00e7\u00e3o do mundo. Ele \u00e9 um bom contador de est\u00f3rias, que por sua vez cria hist\u00f3rias &#8211; a verdade (que aqui nada mais pode ser do que uma fic\u00e7\u00e3o[inserir link]) como capacidade de criar realidade. E ele \u00e9 sempre um bom improvisador, pois tem que esquecer [link p esquecimento em Foucault] (ao menos provisoriamente) a est\u00f3ria anterior para que uma nova se d\u00ea. \u00c9 um bom jogador e um bom compositor: joga e \u00e9 jogado, tensiona e relaxa, corre, recorre, escorre e espera: resiste e insiste, ri, chora, dan\u00e7a, combate e comp\u00f5e.<\/p>\n<blockquote>\n<p style=\"text-align: justify;\">Desde o olhar puro lan\u00e7ado \u00e0s coisas at\u00e9 esses estados, o esp\u00edrito n\u00e3o fez mais que aumentar as suas fun\u00e7\u00f5es, criando seres consoante os problemas que toda a sensa\u00e7\u00e3o lhe prop\u00f5e e que ele resolve com maior ou menor m\u00e1-vontade, conforme lhe exigem uma maior ou menor produ\u00e7\u00e3o de tais seres. Verificamos que tratamos agora da pr\u00f3pria <em>pr\u00e1tica <\/em>do pensamento. Pensar consiste, durante a maior parte do tempo que dedicamos ao pensamento, em vaguear por entre motivos em rela\u00e7\u00e3o aos quais sabemos, antes de mais nada, que os conhecemos <em>mais ou menos bem.<\/em> (VAL\u00c8RY, 1979, p.31).<\/p>\n<\/blockquote>\n<p style=\"text-align: justify;\">Val\u00e8ry encontra em Da Vinci qualidades que por n\u00f3s pode ser apropriada. Ele afirma que \u201cum Leonadro da Vinci pode existir no nosso esp\u00edrito\u201d (p.35). De fato, para a nossa pesquisa, Da Vinci poderia ser considerado dotado de um Corpo Potencial. Assim, cabe imaginar e estudar esse esp\u00edrito em seu jogo-inventivo-compositivo com o mundo. Tal como segue Val\u00e8ry (1979, p.35):<\/p>\n<blockquote>\n<p style=\"text-align: justify;\">Nesse esp\u00edrito <em>simb\u00f3lico<\/em> conserva-se a mais vasta cole\u00e7\u00e3o de formas, um tesouro sempre transparente das atitudes da natureza, um poder sempre iminente e crescente segundo a extens\u00e3o do seu dom\u00ednio. Um ror de seres, de lembran\u00e7as poss\u00edveis, a for\u00e7a de reconhecer na extens\u00e3o do mundo um n\u00famero extraordin\u00e1rio de coisas distintas e de as organizar de milhentas maneiras, eis o que constitui esse poder. \u00c9 o senhor das imagens, das anatomias, das m\u00e1quinas. Sabe a composi\u00e7\u00e3o de um sorriso; pode coloc\u00e1-lo na fachada dum edif\u00edcio, nos meandros dum jardim; desgrenha e arrepia os fios de \u00e1gua, as l\u00ednguas de fogo. [&#8230;] Como se as varia\u00e7\u00f5es das coisas lhe parecessem demasiado lentas, na sua serenidade, adora as batalhas, as tempestades, o dil\u00favio.<\/p>\n<\/blockquote>\n<p style=\"text-align: right;\"><code><a href=\"https:\/\/diegoesteves.in\/estudos\/87-14-02-2018\/\">Seguir para a pr\u00f3xima nota<\/a><\/code><\/p>\n","protected":false},"excerpt":{"rendered":"<p>Voltar para nota anterior &nbsp; O Corpo Potencial como este que faz de si boas composi\u00e7\u00f5es inserindo-se numa narrativa que cria uma realidade a partir de uma apropria\u00e7\u00e3o do mundo. Ele \u00e9 um bom contador de est\u00f3rias, que por sua vez cria hist\u00f3rias &#8211; a verdade (que aqui nada mais pode ser do que uma [&hellip;]<\/p>\n","protected":false},"author":1,"featured_media":0,"parent":0,"menu_order":0,"comment_status":"closed","ping_status":"closed","template":"","meta":{"footnotes":""},"class_list":["post-285","page","type-page","status-publish","hentry"],"_links":{"self":[{"href":"https:\/\/diegoesteves.in\/estudos\/wp-json\/wp\/v2\/pages\/285","targetHints":{"allow":["GET"]}}],"collection":[{"href":"https:\/\/diegoesteves.in\/estudos\/wp-json\/wp\/v2\/pages"}],"about":[{"href":"https:\/\/diegoesteves.in\/estudos\/wp-json\/wp\/v2\/types\/page"}],"author":[{"embeddable":true,"href":"https:\/\/diegoesteves.in\/estudos\/wp-json\/wp\/v2\/users\/1"}],"replies":[{"embeddable":true,"href":"https:\/\/diegoesteves.in\/estudos\/wp-json\/wp\/v2\/comments?post=285"}],"version-history":[{"count":3,"href":"https:\/\/diegoesteves.in\/estudos\/wp-json\/wp\/v2\/pages\/285\/revisions"}],"predecessor-version":[{"id":588,"href":"https:\/\/diegoesteves.in\/estudos\/wp-json\/wp\/v2\/pages\/285\/revisions\/588"}],"wp:attachment":[{"href":"https:\/\/diegoesteves.in\/estudos\/wp-json\/wp\/v2\/media?parent=285"}],"curies":[{"name":"wp","href":"https:\/\/api.w.org\/{rel}","templated":true}]}}