{"id":287,"date":"2018-06-27T20:18:26","date_gmt":"2018-06-27T20:18:26","guid":{"rendered":"https:\/\/diegoesteves.in\/estudos\/?page_id=287"},"modified":"2018-06-28T21:42:05","modified_gmt":"2018-06-28T21:42:05","slug":"87-14-02-2018","status":"publish","type":"page","link":"https:\/\/diegoesteves.in\/estudos\/87-14-02-2018\/","title":{"rendered":"[87] 14\/02\/2018"},"content":{"rendered":"<p><a href=\"https:\/\/diegoesteves.in\/estudos\/86-05-02-2018\/\"><code>Voltar para nota anterior<\/code><\/a><\/p>\n<p>&nbsp;<\/p>\n<p style=\"text-align: justify;\">A parede em sua frente \u00e9 de cimento manchado pelo tempo. Ele se d\u00e1 conta de que est\u00e1 a pensar sobre as coisas e come\u00e7a a pensar sobre o que os pensamentos pensam. Repara ao lado direito que uma menina vomita ao lado de uma amiga que observa o l\u00edquido que jorra de seu es\u00f4fago (mas ela s\u00f3 v\u00ea uma garganta). Ele atualiza seus pensamentos, pois quando olhou aquela imagem ao chegar viu duas meninas procurando algo pelo ch\u00e3o. Agora sabe o que de fato \u00e9: \u00eamese. Se fosse dia seria mais f\u00e1cil enxergar as coisas que est\u00e3o ali. As sombras nos possibilitam ver ao lado de dentro. Do lado esquerdo um homem se inclina para fora da janela, parece ansioso \u00e0 calcular o tamanho do tempo do engarrafamento. Mas o tempo n\u00e3o tem tamanho, tem dura\u00e7\u00e3o. Tem ritmo. Toca mais uma marchinha de carnaval. Numa diagonal acima percebe outro avi\u00e3o que sobrevoa Olinda e faz uma manobra de descida. Aterra seu pensamento para o l\u00edquido que segue a escorrer. O l\u00edquido leva-o at\u00e9 o mar, atravessando a avenida ao lado direito &#8211; lado este que n\u00e3o est\u00e1 engarrafado.<\/p>\n<p style=\"text-align: justify;\">Outras pessoas chegam e saem da parede cinza. O cheiro j\u00e1 forte aumenta. Caminham, dan\u00e7am, gritam pessoas. Algumas inclusive choram, pois mesmo na mais intensa euforia, ainda que por vezes mascarada, a tristeza faz parte desta festa. Ele sente fome. Quer voltar e dan\u00e7ar. Sacode seu quadril, seca, e segue a caminhar. Ela dan\u00e7a com gosto de v\u00f4mito e al\u00edvio. Ele segue no engarrafamento. E algu\u00e9m aterrissa e outros voam. Assim s\u00e3o os pensamentos e tantas outras coisas.<\/p>\n<p style=\"text-align: right;\"><code><a href=\"https:\/\/diegoesteves.in\/estudos\/88-15-02-2018\/\">Seguir para a pr\u00f3xima nota<\/a><\/code><\/p>\n","protected":false},"excerpt":{"rendered":"<p>Voltar para nota anterior &nbsp; A parede em sua frente \u00e9 de cimento manchado pelo tempo. Ele se d\u00e1 conta de que est\u00e1 a pensar sobre as coisas e come\u00e7a a pensar sobre o que os pensamentos pensam. Repara ao lado direito que uma menina vomita ao lado de uma amiga que observa o l\u00edquido [&hellip;]<\/p>\n","protected":false},"author":1,"featured_media":0,"parent":0,"menu_order":0,"comment_status":"closed","ping_status":"closed","template":"","meta":{"footnotes":""},"class_list":["post-287","page","type-page","status-publish","hentry"],"_links":{"self":[{"href":"https:\/\/diegoesteves.in\/estudos\/wp-json\/wp\/v2\/pages\/287","targetHints":{"allow":["GET"]}}],"collection":[{"href":"https:\/\/diegoesteves.in\/estudos\/wp-json\/wp\/v2\/pages"}],"about":[{"href":"https:\/\/diegoesteves.in\/estudos\/wp-json\/wp\/v2\/types\/page"}],"author":[{"embeddable":true,"href":"https:\/\/diegoesteves.in\/estudos\/wp-json\/wp\/v2\/users\/1"}],"replies":[{"embeddable":true,"href":"https:\/\/diegoesteves.in\/estudos\/wp-json\/wp\/v2\/comments?post=287"}],"version-history":[{"count":4,"href":"https:\/\/diegoesteves.in\/estudos\/wp-json\/wp\/v2\/pages\/287\/revisions"}],"predecessor-version":[{"id":591,"href":"https:\/\/diegoesteves.in\/estudos\/wp-json\/wp\/v2\/pages\/287\/revisions\/591"}],"wp:attachment":[{"href":"https:\/\/diegoesteves.in\/estudos\/wp-json\/wp\/v2\/media?parent=287"}],"curies":[{"name":"wp","href":"https:\/\/api.w.org\/{rel}","templated":true}]}}