{"id":291,"date":"2018-06-27T20:19:39","date_gmt":"2018-06-27T20:19:39","guid":{"rendered":"https:\/\/diegoesteves.in\/estudos\/?page_id=291"},"modified":"2018-06-28T21:44:08","modified_gmt":"2018-06-28T21:44:08","slug":"89-16-02-2018","status":"publish","type":"page","link":"https:\/\/diegoesteves.in\/estudos\/89-16-02-2018\/","title":{"rendered":"[89] 16\/02\/2018"},"content":{"rendered":"<p><a href=\"https:\/\/diegoesteves.in\/estudos\/88-15-02-2018\/\"><code>Voltar para nota anterior<\/code><\/a><\/p>\n<p>&nbsp;<\/p>\n<p style=\"text-align: justify;\">N\u00f3s Homens. Preocupados com nossos contracheques e contratempos. N\u00f3s Homens, cheios de raz\u00e3o e de vazios. N\u00f3s Homens, n\u00f3s homens. Cheios de f\u00e9 e de n\u00f3s que apertam nossa garganta. Cheios de eus e pouco de n\u00f3s. T\u00e3o cheios de si que em si mais nada n\u00e3o cabe. Que d\u00f3.<\/p>\n<p style=\"text-align: justify;\">Esse Homem natimorto, que assim o seja. Que a raz\u00e3o de vaz\u00e3o a intui\u00e7\u00e3o e aos sentimentos. Que o homem seja apenas um homem, e tudo isso. Que a crian\u00e7a seja crian\u00e7a. Que a mulher seja mulher. Que os animais n\u00e3o sejam subjugados pelo homem, nem pela mulher, nem pela crian\u00e7a.<\/p>\n<p style=\"text-align: justify;\">Somos todos seres que rastejam pela terra, e vamos de algum lugar para lugar algum.<\/p>\n<p style=\"text-align: right;\"><a href=\"https:\/\/diegoesteves.in\/estudos\/90-19-02-2018\/\"><code>Seguir para a pr\u00f3xima nota<\/code><\/a><\/p>\n","protected":false},"excerpt":{"rendered":"<p>Voltar para nota anterior &nbsp; N\u00f3s Homens. Preocupados com nossos contracheques e contratempos. N\u00f3s Homens, cheios de raz\u00e3o e de vazios. N\u00f3s Homens, n\u00f3s homens. Cheios de f\u00e9 e de n\u00f3s que apertam nossa garganta. Cheios de eus e pouco de n\u00f3s. T\u00e3o cheios de si que em si mais nada n\u00e3o cabe. Que d\u00f3. [&hellip;]<\/p>\n","protected":false},"author":1,"featured_media":0,"parent":0,"menu_order":0,"comment_status":"closed","ping_status":"closed","template":"","meta":{"footnotes":""},"class_list":["post-291","page","type-page","status-publish","hentry"],"_links":{"self":[{"href":"https:\/\/diegoesteves.in\/estudos\/wp-json\/wp\/v2\/pages\/291","targetHints":{"allow":["GET"]}}],"collection":[{"href":"https:\/\/diegoesteves.in\/estudos\/wp-json\/wp\/v2\/pages"}],"about":[{"href":"https:\/\/diegoesteves.in\/estudos\/wp-json\/wp\/v2\/types\/page"}],"author":[{"embeddable":true,"href":"https:\/\/diegoesteves.in\/estudos\/wp-json\/wp\/v2\/users\/1"}],"replies":[{"embeddable":true,"href":"https:\/\/diegoesteves.in\/estudos\/wp-json\/wp\/v2\/comments?post=291"}],"version-history":[{"count":2,"href":"https:\/\/diegoesteves.in\/estudos\/wp-json\/wp\/v2\/pages\/291\/revisions"}],"predecessor-version":[{"id":594,"href":"https:\/\/diegoesteves.in\/estudos\/wp-json\/wp\/v2\/pages\/291\/revisions\/594"}],"wp:attachment":[{"href":"https:\/\/diegoesteves.in\/estudos\/wp-json\/wp\/v2\/media?parent=291"}],"curies":[{"name":"wp","href":"https:\/\/api.w.org\/{rel}","templated":true}]}}