{"id":293,"date":"2018-06-27T20:20:10","date_gmt":"2018-06-27T20:20:10","guid":{"rendered":"https:\/\/diegoesteves.in\/estudos\/?page_id=293"},"modified":"2018-06-28T21:46:17","modified_gmt":"2018-06-28T21:46:17","slug":"90-19-02-2018","status":"publish","type":"page","link":"https:\/\/diegoesteves.in\/estudos\/90-19-02-2018\/","title":{"rendered":"[90] 19\/02\/2018"},"content":{"rendered":"<p><a href=\"https:\/\/diegoesteves.in\/estudos\/89-16-02-2018\/\"><code>Voltar para nota anterior<\/code><\/a><\/p>\n<p>&nbsp;<\/p>\n<p style=\"text-align: justify;\">Ele se agachou entre as pequenas pedras, desviando das medianas que ao for\u00e7ar seus tornozelos o desequilibravam. Com as m\u00e3os em forma de concha arrecadou um tanto de \u00e1gua que com cuidado conduziu at\u00e9 seus l\u00e1bios, sem evitar que um pouco do l\u00edquido se perdesse no caminho.<\/p>\n<p style=\"text-align: justify;\">&#8211; Dizem que este \u00e9 um rio de \u00e1gua doce &#8211; afirmou em tom eloquente- mas em verdade poder\u00e3o perceber, se n\u00e3o estiverem por demais persuadidos por essas palavras, de que se trata de uma \u00e1gua que leva o gosto de sua boca, e nada mais. As fontes de \u00e1gua doce s\u00e3o desta forma chamadas em rela\u00e7\u00e3o \u00e0s outras, essas sim de \u00e1guas salgadas. Acontece que as classifica\u00e7\u00f5es e seus clasificadores n\u00e3o se contentam na diferen\u00e7a em si e precisam de um outro que, mesmo sendo, por assim dizer, neutro, neste caso por suas aus\u00eancia de gosto, passam a ser seu oposto. E assim uma subst\u00e2ncia recebe uma qualidade que n\u00e3o tem, pois deste modo se faz necess\u00e1rio para dar sentido \u00e0s demais coisas neste Grande Classificat\u00f3rio.<\/p>\n<p style=\"text-align: justify;\">Convicto de suas palavras, fitou as \u00e1rvores rasteiras que se posicionavam logo a frente, onde as pequenas e m\u00e9dias pedras cediam espa\u00e7o para as maiores. Atr\u00e1s dessas, outras \u00e1rvores de porte mais elevado e acima as primeiras estrelas a projetarem sua luz.<\/p>\n<p style=\"text-align: justify;\">&#8211; Ent\u00e3o, meus caros e minhas caras &#8211; seguiu Jo\u00e3o em sua fala- atentem para o que em voc\u00eas \u00e9 de voc\u00eas e sempre de voc\u00eas, mesmo que de tantos outros. Percebam que a forma como se expressam\u00a0 as qualidades neste espa\u00e7o ao qual egoc\u00eantricamente chamamos de &#8220;meu corpo&#8221; \u00e9 t\u00e3o \u00fanica quanto s\u00e3o todas as outras reapari\u00e7\u00f5es destas mesmas mat\u00e9rias em outros espa\u00e7os. N\u00e3o se restrinjam em compara\u00e7\u00f5es entre si, mas se expandam no estudo de seu pr\u00f3prio corpo, hoje, ontem e amanh\u00e3.<\/p>\n<p style=\"text-align: justify;\">Permaneceu em sil\u00eancio por alguns instantes antes de seguir caminhando sozinho entre as pedras.<\/p>\n<p style=\"text-align: justify;\">Algu\u00e9m que n\u00e3o percebesse a mat\u00e9ria m\u00f3vel sobre a qual ele transitava diria que seu andar\u00a0 em ziguezague era uma dan\u00e7a. Quem visse ali pedras entenderia o que h\u00e1 como desequil\u00edbrios. O que vemos dita o que percebemos.<\/p>\n<p style=\"text-align: justify;\">Na cidade Jo\u00e3o pede sobras de comida nos restaurantes e dinheiros aos transeuntes. \u00c9 visto como um louco, pois contam que ele profere ensinamentos \u00e0s \u00e1rvores e \u00e0s pedras. Ningu\u00e9m nunca participou de nenhuma de suas cerim\u00f4nias. De qualquer maneira, mesmo que ouvissem suas palavras n\u00e3o encontrariam ali nenhum conhecimento digno de aten\u00e7\u00e3o, pois quem professaria palavras \u00e0s plantas e pedras sen\u00e3o um insano?<\/p>\n<p style=\"text-align: justify;\">Jo\u00e3o repete sua cerim\u00f4nia sempre ao sol se p\u00f4r, \u00e0 beira do rio, enquanto as pessoas da cidade est\u00e3o ocupadas em suas mais diversas edifica\u00e7\u00f5es sagradas.<\/p>\n<p style=\"text-align: right;\"><code><a href=\"https:\/\/diegoesteves.in\/estudos\/91-22-02-2018\/\">Seguir para a pr\u00f3xima nota<\/a><\/code><\/p>\n","protected":false},"excerpt":{"rendered":"<p>Voltar para nota anterior &nbsp; Ele se agachou entre as pequenas pedras, desviando das medianas que ao for\u00e7ar seus tornozelos o desequilibravam. Com as m\u00e3os em forma de concha arrecadou um tanto de \u00e1gua que com cuidado conduziu at\u00e9 seus l\u00e1bios, sem evitar que um pouco do l\u00edquido se perdesse no caminho. &#8211; Dizem que [&hellip;]<\/p>\n","protected":false},"author":1,"featured_media":0,"parent":0,"menu_order":0,"comment_status":"closed","ping_status":"closed","template":"","meta":{"footnotes":""},"class_list":["post-293","page","type-page","status-publish","hentry"],"_links":{"self":[{"href":"https:\/\/diegoesteves.in\/estudos\/wp-json\/wp\/v2\/pages\/293","targetHints":{"allow":["GET"]}}],"collection":[{"href":"https:\/\/diegoesteves.in\/estudos\/wp-json\/wp\/v2\/pages"}],"about":[{"href":"https:\/\/diegoesteves.in\/estudos\/wp-json\/wp\/v2\/types\/page"}],"author":[{"embeddable":true,"href":"https:\/\/diegoesteves.in\/estudos\/wp-json\/wp\/v2\/users\/1"}],"replies":[{"embeddable":true,"href":"https:\/\/diegoesteves.in\/estudos\/wp-json\/wp\/v2\/comments?post=293"}],"version-history":[{"count":2,"href":"https:\/\/diegoesteves.in\/estudos\/wp-json\/wp\/v2\/pages\/293\/revisions"}],"predecessor-version":[{"id":596,"href":"https:\/\/diegoesteves.in\/estudos\/wp-json\/wp\/v2\/pages\/293\/revisions\/596"}],"wp:attachment":[{"href":"https:\/\/diegoesteves.in\/estudos\/wp-json\/wp\/v2\/media?parent=293"}],"curies":[{"name":"wp","href":"https:\/\/api.w.org\/{rel}","templated":true}]}}