{"id":295,"date":"2018-06-27T20:20:37","date_gmt":"2018-06-27T20:20:37","guid":{"rendered":"https:\/\/diegoesteves.in\/estudos\/?page_id=295"},"modified":"2018-06-28T21:47:22","modified_gmt":"2018-06-28T21:47:22","slug":"91-22-02-2018","status":"publish","type":"page","link":"https:\/\/diegoesteves.in\/estudos\/91-22-02-2018\/","title":{"rendered":"[91] 22\/02\/2018"},"content":{"rendered":"<p><a href=\"https:\/\/diegoesteves.in\/estudos\/90-19-02-2018\/\"><code>Voltar para nota anterior<\/code><\/a><\/p>\n<p>&nbsp;<\/p>\n<p style=\"text-align: justify;\">Outrora fosse o tempo mais lento que agora. Pedala pelo meio e mira a meta, vaaaai Robinho! Dona Augusta segue, a rua. Um, dois, tr\u00eas, tente de novo outra vez. Ledo engano. Leve pranto. Dona Augusta segue, a mulher. Eeeeeita coisa louca de ser. Veja s\u00f3 que canto lindo de se ouvir. Pronto, pintada a emo\u00e7\u00e3o, eis que pulsa um cora\u00e7\u00e3o, sabe-se l\u00e1 por que. Outrora fosse a hora mais leve que agora. Ai que se embora eu fosse, embora o doce, do salgado que a vida me d\u00e1.<\/p>\n<p style=\"text-align: right;\"><a href=\"https:\/\/diegoesteves.in\/estudos\/92-04-03-2018\/\"><code>Seguir para a pr\u00f3xima nota<\/code><\/a><\/p>\n","protected":false},"excerpt":{"rendered":"<p>Voltar para nota anterior &nbsp; Outrora fosse o tempo mais lento que agora. Pedala pelo meio e mira a meta, vaaaai Robinho! Dona Augusta segue, a rua. Um, dois, tr\u00eas, tente de novo outra vez. Ledo engano. Leve pranto. Dona Augusta segue, a mulher. Eeeeeita coisa louca de ser. Veja s\u00f3 que canto lindo de [&hellip;]<\/p>\n","protected":false},"author":1,"featured_media":0,"parent":0,"menu_order":0,"comment_status":"closed","ping_status":"closed","template":"","meta":{"footnotes":""},"class_list":["post-295","page","type-page","status-publish","hentry"],"_links":{"self":[{"href":"https:\/\/diegoesteves.in\/estudos\/wp-json\/wp\/v2\/pages\/295","targetHints":{"allow":["GET"]}}],"collection":[{"href":"https:\/\/diegoesteves.in\/estudos\/wp-json\/wp\/v2\/pages"}],"about":[{"href":"https:\/\/diegoesteves.in\/estudos\/wp-json\/wp\/v2\/types\/page"}],"author":[{"embeddable":true,"href":"https:\/\/diegoesteves.in\/estudos\/wp-json\/wp\/v2\/users\/1"}],"replies":[{"embeddable":true,"href":"https:\/\/diegoesteves.in\/estudos\/wp-json\/wp\/v2\/comments?post=295"}],"version-history":[{"count":3,"href":"https:\/\/diegoesteves.in\/estudos\/wp-json\/wp\/v2\/pages\/295\/revisions"}],"predecessor-version":[{"id":598,"href":"https:\/\/diegoesteves.in\/estudos\/wp-json\/wp\/v2\/pages\/295\/revisions\/598"}],"wp:attachment":[{"href":"https:\/\/diegoesteves.in\/estudos\/wp-json\/wp\/v2\/media?parent=295"}],"curies":[{"name":"wp","href":"https:\/\/api.w.org\/{rel}","templated":true}]}}