{"id":297,"date":"2018-06-27T20:21:42","date_gmt":"2018-06-27T20:21:42","guid":{"rendered":"https:\/\/diegoesteves.in\/estudos\/?page_id=297"},"modified":"2018-07-19T11:46:00","modified_gmt":"2018-07-19T11:46:00","slug":"92-04-03-2018","status":"publish","type":"page","link":"https:\/\/diegoesteves.in\/estudos\/92-04-03-2018\/","title":{"rendered":"[92] 04\/03\/2018"},"content":{"rendered":"<p><a href=\"https:\/\/diegoesteves.in\/estudos\/91-22-02-2018\/\"><code>Voltar para a nota anterior<\/code><\/a><\/p>\n<p>&nbsp;<\/p>\n<p style=\"text-align: justify;\">Lido<a href=\"#_ftn1\" name=\"_ftnref1\">[1]<\/a>.<\/p>\n<p style=\"text-align: justify;\">Bem escrito e operando bem com os conceitos (tanto que teria que reler algumas vezes pra entender algumas partes que me passaram).<\/p>\n<p style=\"text-align: justify;\">Me veio uma quest\u00e3o com rela\u00e7\u00e3o ao desdobramento dos pr\u00f3ximos ensaios &#8211; quanto a forma, que carrega consigo o conte\u00fado. \u00c9 tamb\u00e9m, de alguma forma (novamente ela), uma quest\u00e3o de autoria: se tu fosse um fil\u00f3sofo na esteira p\u00f3s-estruturalista provavelmente escreveria toda uma disserta\u00e7\u00e3o nessa linha (linha de pensamento, linha de escrita). Est\u00e1 bem. Mas voc\u00ea n\u00e3o \u00e9 fil\u00f3sofo. Todavia, pode vir a ser um professor universit\u00e1rio a se propor (e propor aos estudantes) esse modo de pesquisar e escrever. Est\u00e1 muito bem.<\/p>\n<p style=\"text-align: justify;\">Agora, quem escreve aqui \u00e9 um artista que, ciente de seus anseios pessoais (e da poss\u00edvel inapropriedade deles), pergunta: vai (e como vai, se por um acaso for) por &#8220;em pr\u00e1tica&#8221; as quest\u00f5es sobre as quais (e com as quais) fala? Seriam ent\u00e3o experimentos mais para a literatura do que para a filosofia. Mas me pergunto se a psicologia, com todo o seu arcabou\u00e7o fabulat\u00f3rio (inventei isso agora, me soou inteligente) n\u00e3o estaria em caminhos cruzados com ambas.<\/p>\n<p style=\"text-align: justify;\">\u00c9 prov\u00e1vel que tu j\u00e1 estejas pensando nessas quest\u00f5es e nesses experimentos, ensaios, etc; o meu ponto est\u00e1 mais em rela\u00e7\u00e3o \u00e0 ordem dos fatores que, aqui, alteram o produto: minha leitura seria mais vivaz com esses experimentos atravessados no texto, fissurando-o. Em alguns momentos existe ali uma fagulha, n\u00e3o com for\u00e7a suficiente para queimar um pouco do texto filos\u00f3fico. Gosto de ler Foucault e Deleuze, mas eles muitas vezes nos cansam; a\u00ed largamos e pegamos um Calvino, Borges, ou qualquer outro. Mas e no fim (que nunca termina) n\u00e3o s\u00e3o as mesmas quest\u00f5es?<\/p>\n<p style=\"text-align: justify;\">Talvez em Nietzsche encontro um pouco mais de loucura, arte, zombaria at\u00e9&#8230; Ser\u00e1 que \u00e9 porque ele havia se afastado da universidade)? Do tipo: estou vagando e a escrita me pertence, e eu a ela. Ser\u00e1 que n\u00f3s (estou nos incluindo no grupo com Deleuze e Foucault, mas n\u00e3o espalha) n\u00e3o carregamos a escrita com o peso da academia? E nem quero parecer rom\u00e2ntico (embora seja com certa frequ\u00eancia). A quest\u00e3o me parece a de p\u00f4r-se em risco, jogando na escrita o jogo do qual se fala ao escrever; assim, jogando-se na escrita o jogo que joga-se ao escrever (e n\u00e3o seria escrever-se?).<\/p>\n<p>&nbsp;<\/p>\n<p>\u00c9 o tipo de papo que cai bem com uma cerveja. \ud83d\ude42<\/p>\n<p style=\"text-align: right;\"><code><a href=\"https:\/\/diegoesteves.in\/estudos\/93-02-04-2018\/\">Seguir para a pr\u00f3xima nota<\/a><\/code><\/p>\n<blockquote>\n<p style=\"text-align: justify;\"><a href=\"#_ftnref1\" name=\"_ftn1\">[1]<\/a> E-mail enviado a Mauricio Esteves, irm\u00e3o, mestrando no Programa de P\u00f3s-Gradua\u00e7\u00e3o em Psicologia Social e Institucional da UFRGS, cuja disserta\u00e7\u00e3o versa sobre o tema da autoria.<\/p>\n<\/blockquote>\n","protected":false},"excerpt":{"rendered":"<p>Voltar para a nota anterior &nbsp; Lido[1]. Bem escrito e operando bem com os conceitos (tanto que teria que reler algumas vezes pra entender algumas partes que me passaram). Me veio uma quest\u00e3o com rela\u00e7\u00e3o ao desdobramento dos pr\u00f3ximos ensaios &#8211; quanto a forma, que carrega consigo o conte\u00fado. \u00c9 tamb\u00e9m, de alguma forma (novamente [&hellip;]<\/p>\n","protected":false},"author":1,"featured_media":0,"parent":0,"menu_order":0,"comment_status":"closed","ping_status":"closed","template":"","meta":{"footnotes":""},"class_list":["post-297","page","type-page","status-publish","hentry"],"_links":{"self":[{"href":"https:\/\/diegoesteves.in\/estudos\/wp-json\/wp\/v2\/pages\/297","targetHints":{"allow":["GET"]}}],"collection":[{"href":"https:\/\/diegoesteves.in\/estudos\/wp-json\/wp\/v2\/pages"}],"about":[{"href":"https:\/\/diegoesteves.in\/estudos\/wp-json\/wp\/v2\/types\/page"}],"author":[{"embeddable":true,"href":"https:\/\/diegoesteves.in\/estudos\/wp-json\/wp\/v2\/users\/1"}],"replies":[{"embeddable":true,"href":"https:\/\/diegoesteves.in\/estudos\/wp-json\/wp\/v2\/comments?post=297"}],"version-history":[{"count":5,"href":"https:\/\/diegoesteves.in\/estudos\/wp-json\/wp\/v2\/pages\/297\/revisions"}],"predecessor-version":[{"id":920,"href":"https:\/\/diegoesteves.in\/estudos\/wp-json\/wp\/v2\/pages\/297\/revisions\/920"}],"wp:attachment":[{"href":"https:\/\/diegoesteves.in\/estudos\/wp-json\/wp\/v2\/media?parent=297"}],"curies":[{"name":"wp","href":"https:\/\/api.w.org\/{rel}","templated":true}]}}