{"id":307,"date":"2018-06-27T20:27:55","date_gmt":"2018-06-27T20:27:55","guid":{"rendered":"https:\/\/diegoesteves.in\/estudos\/?page_id=307"},"modified":"2018-06-28T21:54:06","modified_gmt":"2018-06-28T21:54:06","slug":"96-20-04-2018","status":"publish","type":"page","link":"https:\/\/diegoesteves.in\/estudos\/96-20-04-2018\/","title":{"rendered":"[96] 20\/04\/2018"},"content":{"rendered":"<p><a href=\"https:\/\/diegoesteves.in\/estudos\/95-18-04-2018\/\"><code>Voltar para nota anterior<\/code><\/a><\/p>\n<p>&nbsp;<\/p>\n<p style=\"text-align: justify;\">Preciso confessar uma coisa (para mim mesmo, e voc\u00eas s\u00e3o testemunhas): sou como aqueles corredores entusiasmados que, ao enxergar a linha de chegada, projetam seu peito a frente, em postura vigorosa, sem mensurar as for\u00e7as das pernas que, j\u00e1 cansadas do longo percurso, titubeiam e, incapazes da mesma determina\u00e7\u00e3o e vontade da cabe\u00e7a, levam todo o corpo em queda ao solo. A essa imagem \u00e9 preciso acrescentar que: 1- esse n\u00e3o \u00e9 o primeiro tombo; 2- n\u00e3o sei o que essa linha de chegada pode significar e qual a dist\u00e2ncia que estou de fato dela (uma vez que ela parece avan\u00e7ar junto com os meus passos); 3-provavelmente, enquanto se est\u00e1 a ler essas linhas, eu j\u00e1 levantei e estou a correr novamente; 4- que talvez eu esteja a pensar demais, quando parece que o que importa (para quem?) \u00e9 a corrida; 5- (com cara de conclus\u00e3o) pensar \u00e9 resistir; 6- (em tom prof\u00e9tico) \u00e9 preciso variar, experimentar, e encontrar seus pr\u00f3prios ritmos; 7- (em tom sobre tom) mas que diabos eu t\u00f4 pensando mesmo (e fazendo)?<\/p>\n<p style=\"text-align: right;\"><code><a href=\"https:\/\/diegoesteves.in\/estudos\/97-24-04-2018\/\">Seguir para a pr\u00f3xima nota<\/a><\/code><\/p>\n","protected":false},"excerpt":{"rendered":"<p>Voltar para nota anterior &nbsp; Preciso confessar uma coisa (para mim mesmo, e voc\u00eas s\u00e3o testemunhas): sou como aqueles corredores entusiasmados que, ao enxergar a linha de chegada, projetam seu peito a frente, em postura vigorosa, sem mensurar as for\u00e7as das pernas que, j\u00e1 cansadas do longo percurso, titubeiam e, incapazes da mesma determina\u00e7\u00e3o e [&hellip;]<\/p>\n","protected":false},"author":1,"featured_media":0,"parent":0,"menu_order":0,"comment_status":"closed","ping_status":"closed","template":"","meta":{"footnotes":""},"class_list":["post-307","page","type-page","status-publish","hentry"],"_links":{"self":[{"href":"https:\/\/diegoesteves.in\/estudos\/wp-json\/wp\/v2\/pages\/307","targetHints":{"allow":["GET"]}}],"collection":[{"href":"https:\/\/diegoesteves.in\/estudos\/wp-json\/wp\/v2\/pages"}],"about":[{"href":"https:\/\/diegoesteves.in\/estudos\/wp-json\/wp\/v2\/types\/page"}],"author":[{"embeddable":true,"href":"https:\/\/diegoesteves.in\/estudos\/wp-json\/wp\/v2\/users\/1"}],"replies":[{"embeddable":true,"href":"https:\/\/diegoesteves.in\/estudos\/wp-json\/wp\/v2\/comments?post=307"}],"version-history":[{"count":2,"href":"https:\/\/diegoesteves.in\/estudos\/wp-json\/wp\/v2\/pages\/307\/revisions"}],"predecessor-version":[{"id":606,"href":"https:\/\/diegoesteves.in\/estudos\/wp-json\/wp\/v2\/pages\/307\/revisions\/606"}],"wp:attachment":[{"href":"https:\/\/diegoesteves.in\/estudos\/wp-json\/wp\/v2\/media?parent=307"}],"curies":[{"name":"wp","href":"https:\/\/api.w.org\/{rel}","templated":true}]}}