{"id":670,"date":"2018-06-29T22:17:53","date_gmt":"2018-06-29T22:17:53","guid":{"rendered":"https:\/\/diegoesteves.in\/estudos\/?page_id=670"},"modified":"2019-07-12T02:24:26","modified_gmt":"2019-07-12T02:24:26","slug":"nos-compomos-em-espacos-corpos-e-coisas","status":"publish","type":"page","link":"https:\/\/diegoesteves.in\/estudos\/nos-compomos-em-espacos-corpos-e-coisas\/","title":{"rendered":"NOS COMPOMOS EM ESPA\u00c7OS, CORPOS E COISAS"},"content":{"rendered":"<p style=\"text-align: justify;\">\u00a0\u00a0\u00a0\u00a0\u00a0\u00a0\u00a0 \u00c9 este complexo jogo que parece interessar a este estudo: como nos compomos e como fazer deste processo a constitui\u00e7\u00e3o de espa\u00e7os (e corpos e coisas) potenciais; espa\u00e7os esses que criem condi\u00e7\u00f5es de possibilidade para que a cria\u00e7\u00e3o aconte\u00e7a.<\/p>\n<blockquote>\n<p style=\"text-align: justify;\">Entendo e tomo o corpo (e suas manifesta\u00e7\u00f5es) como um lugar de passagem, como o lugar de acontecimento, que afeta e \u00e9 afetado. Com isso, tento me colocar nos contextos onde atuo receptivo a todas as for\u00e7as que agem sobre ele, respondendo e atuando no sentido da potencializa\u00e7\u00e3o \u2013 n\u00e3o do bom ou ruim, de certo ou errado, mas da pot\u00eancia, uma \u00e9tica da pot\u00eancia. O que demanda entender os processos, os mecanismos, aceitar o que precisa ser aceito e se engajar em a\u00e7\u00f5es concretas, como projetos de vida. O corpo \u00e9 um lugar de combate, com toda a for\u00e7a necess\u00e1ria para se movimentar, carregando essa mat\u00e9ria que tende ao repouso, \u00e0 estagna\u00e7\u00e3o. A identidade \u00e9 mais uma representa\u00e7\u00e3o desta tend\u00eancia \u00e0 estagna\u00e7\u00e3o.<a href=\"#_ftn1\" name=\"_ftnref1\">[1]<\/a><\/p>\n<\/blockquote>\n<p style=\"text-align: justify;\">\u00a0\u00a0\u00a0\u00a0\u00a0 Podemos considerar que o sujeito desta pesquisa, t\u00e3o sujeito \u00e0 pesquisa que est\u00e1, se perde no tempo, nos atos, nos feitos. Assumidamente, por coragem, ou por artif\u00edcio que mascara sua incapacidade de efetivo posicionamento l\u00f3gico, se apresenta n\u00e3o como indiv\u00edduo, mas m\u00faltiplo, div\u00edduo; que se constitui dos discursos que o atravessam, da mat\u00e9ria em movimento que o comp\u00f5e e que, via escrita, inevitavelmente polif\u00f4nica (mesmo que por vezes constitu\u00edda de uma mesma voz, mas que se torna outra ao se perder no tempo e retornar), intenta inscrever-se num ato po\u00e9tico: texto que se comp\u00f5e numa agon\u00edstica, ainda que insista em rir (h\u00e1 uma fina dist\u00e2ncia entre dor e prazer e, onde parece que mais nos constitu\u00edmos como humanos, encontramos o riso e a l\u00e1grima).<\/p>\n<blockquote>\n<p style=\"text-align: justify;\">Compor um jogo-texto-disserta\u00e7\u00e3o pensando um jogo-aula; movimentos que ora parecem uma dan\u00e7a, ora um combate: o educador-jogador, o artista-pesquisador, o escritor-improvisador, metamorfoseia-se em malabarista que joga com as mat\u00e9rias-for\u00e7as, e que tamb\u00e9m \u00e9 jogado, que se desfaz das armas, guerreiro, se desfaz sujeito.<a href=\"#_ftn2\" name=\"_ftnref2\">[2]<\/a><\/p>\n<\/blockquote>\n<blockquote>\n<p style=\"text-align: justify;\"><a href=\"#_ftnref1\" name=\"_ftn1\">[1]<\/a> <a href=\"http:\/\/diegoesteves.in\/escritos\/2013\/05\/04\/um-eu-de-mim-mesmo-um-blog-para-transgredir-a-identidade\/\">Texto de 04 de maio de 2013.<\/a><\/p>\n<p style=\"text-align: justify;\"><a href=\"#_ftnref2\" name=\"_ftn2\">[2]<\/a> Fragmento do Memorial Descritivo produzido como parte do processo de sele\u00e7\u00e3o de ingresso ao Mestrado em Educa\u00e7\u00e3o. Texto produzido em maio de 2017.<\/p>\n<\/blockquote>\n","protected":false},"excerpt":{"rendered":"<p>\u00a0\u00a0\u00a0\u00a0\u00a0\u00a0\u00a0 \u00c9 este complexo jogo que parece interessar a este estudo: como nos compomos e como fazer deste processo a constitui\u00e7\u00e3o de espa\u00e7os (e corpos e coisas) potenciais; espa\u00e7os esses que criem condi\u00e7\u00f5es de possibilidade para que a cria\u00e7\u00e3o aconte\u00e7a. Entendo e tomo o corpo (e suas manifesta\u00e7\u00f5es) como um lugar de passagem, como o [&hellip;]<\/p>\n","protected":false},"author":1,"featured_media":0,"parent":0,"menu_order":0,"comment_status":"closed","ping_status":"closed","template":"","meta":{"footnotes":""},"class_list":["post-670","page","type-page","status-publish","hentry"],"_links":{"self":[{"href":"https:\/\/diegoesteves.in\/estudos\/wp-json\/wp\/v2\/pages\/670","targetHints":{"allow":["GET"]}}],"collection":[{"href":"https:\/\/diegoesteves.in\/estudos\/wp-json\/wp\/v2\/pages"}],"about":[{"href":"https:\/\/diegoesteves.in\/estudos\/wp-json\/wp\/v2\/types\/page"}],"author":[{"embeddable":true,"href":"https:\/\/diegoesteves.in\/estudos\/wp-json\/wp\/v2\/users\/1"}],"replies":[{"embeddable":true,"href":"https:\/\/diegoesteves.in\/estudos\/wp-json\/wp\/v2\/comments?post=670"}],"version-history":[{"count":2,"href":"https:\/\/diegoesteves.in\/estudos\/wp-json\/wp\/v2\/pages\/670\/revisions"}],"predecessor-version":[{"id":1166,"href":"https:\/\/diegoesteves.in\/estudos\/wp-json\/wp\/v2\/pages\/670\/revisions\/1166"}],"wp:attachment":[{"href":"https:\/\/diegoesteves.in\/estudos\/wp-json\/wp\/v2\/media?parent=670"}],"curies":[{"name":"wp","href":"https:\/\/api.w.org\/{rel}","templated":true}]}}