{"id":676,"date":"2018-06-29T22:39:19","date_gmt":"2018-06-29T22:39:19","guid":{"rendered":"https:\/\/diegoesteves.in\/estudos\/?page_id=676"},"modified":"2018-06-29T22:39:19","modified_gmt":"2018-06-29T22:39:19","slug":"ha-a-tentativa-de-desviar-de-seus-vicios","status":"publish","type":"page","link":"https:\/\/diegoesteves.in\/estudos\/ha-a-tentativa-de-desviar-de-seus-vicios\/","title":{"rendered":"H\u00c1 A TENTATIVA DE DESVIAR DE SEUS V\u00cdCIOS"},"content":{"rendered":"<p style=\"text-align: justify;\">\u00a0\u00a0\u00a0\u00a0\u00a0\u00a0\u00a0 Justamente, \u00e9 de um projeto que se trata esta Introdu\u00e7\u00e3o: projeto de pesquisa de uma disserta\u00e7\u00e3o. H\u00e1 os planos, h\u00e1 a for\u00e7a do empreendimento de uma vida, h\u00e1 a tentativa de desviar de seus v\u00edcios, mas de potencializar as vicissitudes: de, nesse eterno retornar, compreender o que ganha for\u00e7a e nos potencializa. \u00c9 um estar em jogo e tentar observar-se a si neste jogo &#8211; feito t\u00e3o complexo, e talvez t\u00e3o imposs\u00edvel, quanto pensar o pensamento que se pensa, e que ao pensar, pensa a si.<\/p>\n<blockquote>\n<p style=\"text-align: justify;\">Suspeito que cada pensamento (que define escolhas, move atitudes e consolida h\u00e1bitos) tem uma massa. N\u00e3o tal qual a massa da mat\u00e9ria de nossos corpos, humanos, mas trata-se de corpos. Trata-se, portanto, de energia. Conclui-se ent\u00e3o, com Newton, que todo corpo atrai os outros corpos e, quanto maior a massa desse corpo, maior sua atra\u00e7\u00e3o. Pensamentos-corpos. [&#8230;] Trata-se de pot\u00eancia de atrair energias e de ser um corpo-caminho poss\u00edvel por onde passa essas possibilidades, um lugar de manifesta\u00e7\u00f5es, de visibilidades. Seu corpo \u00e9 obra, \u00e9 mat\u00e9ria para manifesta\u00e7\u00e3o da vida, para dar forma ao que, fora, \u00e9 informe. Seu corpo \u00e9 acontecimentos.<a href=\"#_ftn1\" name=\"_ftnref1\">[1]<\/a><\/p>\n<\/blockquote>\n<p style=\"text-align: justify;\">\u00a0\u00a0\u00a0\u00a0\u00a0 Pensamento pensado via linguagem, transcriado via escrita. Processo que pode ser infind\u00e1vel: as conex\u00f5es transversais que podemos apresentar para esta introdu\u00e7\u00e3o s\u00e3o t\u00e3o poss\u00edveis quanto nossa capacidade de sobrevoar os textos e, via narrativa autoficcional, produzir sentido que outrora por ventura se quer se desconfiava. H\u00e1 neste feito, como nos parece tamb\u00e9m se apresentar nos demais textos deste espa\u00e7o, um jogo com o leitor &#8211; mas ambos aparecem e desaparecem: o escritor imagina um leitor ainda n\u00e3o presente, enquanto o leitor, ao se apresentar, sup\u00f5e um escritor j\u00e1 desaparecido. De todo modo, consideramos um escritor que l\u00ea o que escreve e um leitor que escreve o que l\u00ea: complexo de coexist\u00eancias a proliferar sentidos, dos quais esse texto introdut\u00f3rio n\u00e3o passa de uma arbitr\u00e1ria restri\u00e7\u00e3o dos movimentos resguardado dentro de um recorte enviesado \u2013 restri\u00e7\u00e3o que, mesmo que quisesse, n\u00e3o restringiria os movimentos e seus efeitos reativados no ato da leitura, que transborda este espa\u00e7o desde o primeiro contato.<\/p>\n<blockquote>\n<p style=\"text-align: justify;\"><a href=\"#_ftnref1\" name=\"_ftn1\">[1]<\/a> Fragmento de texto publicado em 19 de janeiro de 2017: <a href=\"http:\/\/diegoesteves.in\/escritos\/2017\/01\/19\/devaneios-para-sair-do-caminho\/\">http:\/\/diegoesteves.in\/escritos\/2017\/01\/19\/devaneios-para-sair-do-caminho\/<\/a><\/p>\n<\/blockquote>\n","protected":false},"excerpt":{"rendered":"<p>\u00a0\u00a0\u00a0\u00a0\u00a0\u00a0\u00a0 Justamente, \u00e9 de um projeto que se trata esta Introdu\u00e7\u00e3o: projeto de pesquisa de uma disserta\u00e7\u00e3o. H\u00e1 os planos, h\u00e1 a for\u00e7a do empreendimento de uma vida, h\u00e1 a tentativa de desviar de seus v\u00edcios, mas de potencializar as vicissitudes: de, nesse eterno retornar, compreender o que ganha for\u00e7a e nos potencializa. \u00c9 um [&hellip;]<\/p>\n","protected":false},"author":1,"featured_media":0,"parent":0,"menu_order":0,"comment_status":"closed","ping_status":"closed","template":"","meta":{"footnotes":""},"class_list":["post-676","page","type-page","status-publish","hentry"],"_links":{"self":[{"href":"https:\/\/diegoesteves.in\/estudos\/wp-json\/wp\/v2\/pages\/676","targetHints":{"allow":["GET"]}}],"collection":[{"href":"https:\/\/diegoesteves.in\/estudos\/wp-json\/wp\/v2\/pages"}],"about":[{"href":"https:\/\/diegoesteves.in\/estudos\/wp-json\/wp\/v2\/types\/page"}],"author":[{"embeddable":true,"href":"https:\/\/diegoesteves.in\/estudos\/wp-json\/wp\/v2\/users\/1"}],"replies":[{"embeddable":true,"href":"https:\/\/diegoesteves.in\/estudos\/wp-json\/wp\/v2\/comments?post=676"}],"version-history":[{"count":1,"href":"https:\/\/diegoesteves.in\/estudos\/wp-json\/wp\/v2\/pages\/676\/revisions"}],"predecessor-version":[{"id":677,"href":"https:\/\/diegoesteves.in\/estudos\/wp-json\/wp\/v2\/pages\/676\/revisions\/677"}],"wp:attachment":[{"href":"https:\/\/diegoesteves.in\/estudos\/wp-json\/wp\/v2\/media?parent=676"}],"curies":[{"name":"wp","href":"https:\/\/api.w.org\/{rel}","templated":true}]}}