{"id":80,"date":"2018-06-27T17:05:10","date_gmt":"2018-06-27T17:05:10","guid":{"rendered":"https:\/\/diegoesteves.in\/estudos\/?page_id=80"},"modified":"2018-07-17T13:10:27","modified_gmt":"2018-07-17T13:10:27","slug":"3-27-07-2017-23-08-2017","status":"publish","type":"page","link":"https:\/\/diegoesteves.in\/estudos\/3-27-07-2017-23-08-2017\/","title":{"rendered":"[3] 27\/07\/2017 \u2013 23\/08\/2017"},"content":{"rendered":"<p><code><a href=\"https:\/\/diegoesteves.in\/estudos\/2-27-07-2017\/\">Voltar para nota anterior<\/a><\/code><\/p>\n<p><code>Notas que apontam para esta: <a href=\"https:\/\/diegoesteves.in\/estudos\/17-22-08-20173-7\/\">[17]<\/a><br \/>\n<\/code><\/p>\n<p style=\"text-align: justify;\">N\u00e3o associar o Corpo Potencial ao pensamento hegem\u00f4nico da pot\u00eancia (empreendedora, sexual, financeira&#8230;); antes, \u00e9 a pot\u00eancia do n\u00e3o-pessoal, do devir. Neste, insurge como intr\u00ednseco \u00e0 pot\u00eancia a capacidade de <a href=\"https:\/\/diegoesteves.in\/estudos\/49-19-10-20173\/\">poder n\u00e3o<\/a>: de <a href=\"https:\/\/diegoesteves.in\/estudos\/33-11-10-20173\/\">falhar<\/a>, do deixar, do mudar&#8230; dos ciclos de <a href=\"https:\/\/diegoesteves.in\/estudos\/55-19-10-2017-3-5\/\">morte<\/a> e renascimento. O Corpo Potencial \u00e9 o corpo da transforma\u00e7\u00e3o, e que tem na morte um importante simbolismo: \u00e9 deixando morrer que pode nascer. Sim e n\u00e3o s\u00e3o capacidades do Corpo Potencial, assim como ser e n\u00e3o ser s\u00e3o defini\u00e7\u00e3o e indefini\u00e7\u00f5es do que ainda n\u00e3o est\u00e1 dado \u2013 e o Corpo Potencial nunca est\u00e1 dado de fato. A defini\u00e7\u00e3o passa a ser ent\u00e3o um ato pol\u00edtico-est\u00e9tico: sou o que (quem) sou como <a href=\"https:\/\/diegoesteves.in\/estudos\/14-10-08-20173-18\/\">inven\u00e7\u00e3o<\/a> afirmativa de escolhas feitas no \u00e2mbito da rela\u00e7\u00e3o com o mundo<a href=\"#_ftn1\" name=\"_ftnref1\">[1]<\/a>, do que me afeta e de como me disponho no <a href=\"https:\/\/diegoesteves.in\/estudos\/17-22-08-20173-7\/\">jogo de for\u00e7as<\/a>; jogo no qual me insiro como corpo em disposi\u00e7\u00e3o com <a href=\"https:\/\/diegoesteves.in\/estudos\/43-12-10-20173\/\">outros corpos<\/a>, em prol de pot\u00eancias alegres, por mais vida na vida.<\/p>\n<p style=\"text-align: right;\"><a href=\"https:\/\/diegoesteves.in\/estudos\/4-27-07-2017-23-08-201711\/\"><code>Seguir para a pr\u00f3xima nota<\/code><\/a><\/p>\n<blockquote>\n<p style=\"text-align: justify;\"><a href=\"#_ftnref1\" name=\"_ftn1\">[1]<\/a> \u201cEnt\u00e3o, n\u00e3o h\u00e1 verifica\u00e7\u00e3o poss\u00edvel do mundo \u2013 \u00e9 por isso que a \u201crealidade\u201d \u00e9 uma impostura. Sem verifica\u00e7\u00e3o poss\u00edvel, o mundo \u00e9 uma ilus\u00e3o fundamental. N\u00e3o importa que se verifique localmente, contra a incerteza do mundo em sua globalidade n\u00e3o h\u00e1 recurso. N\u00e3o h\u00e1 c\u00e1lculo integral do universo \u2013 talvez haja um c\u00e1lculo diferencial? \u2018O universo faz diversos conjuntos, mas n\u00e3o \u00e9, ele mesmo, um conjunto\u2019(Denis Guedji)\u201d (BAUDRILLARD, 2002, p.9).<\/p>\n<\/blockquote>\n","protected":false},"excerpt":{"rendered":"<p>Voltar para nota anterior Notas que apontam para esta: [17] N\u00e3o associar o Corpo Potencial ao pensamento hegem\u00f4nico da pot\u00eancia (empreendedora, sexual, financeira&#8230;); antes, \u00e9 a pot\u00eancia do n\u00e3o-pessoal, do devir. Neste, insurge como intr\u00ednseco \u00e0 pot\u00eancia a capacidade de poder n\u00e3o: de falhar, do deixar, do mudar&#8230; dos ciclos de morte e renascimento. O [&hellip;]<\/p>\n","protected":false},"author":1,"featured_media":0,"parent":0,"menu_order":0,"comment_status":"closed","ping_status":"closed","template":"","meta":{"footnotes":""},"class_list":["post-80","page","type-page","status-publish","hentry"],"_links":{"self":[{"href":"https:\/\/diegoesteves.in\/estudos\/wp-json\/wp\/v2\/pages\/80","targetHints":{"allow":["GET"]}}],"collection":[{"href":"https:\/\/diegoesteves.in\/estudos\/wp-json\/wp\/v2\/pages"}],"about":[{"href":"https:\/\/diegoesteves.in\/estudos\/wp-json\/wp\/v2\/types\/page"}],"author":[{"embeddable":true,"href":"https:\/\/diegoesteves.in\/estudos\/wp-json\/wp\/v2\/users\/1"}],"replies":[{"embeddable":true,"href":"https:\/\/diegoesteves.in\/estudos\/wp-json\/wp\/v2\/comments?post=80"}],"version-history":[{"count":8,"href":"https:\/\/diegoesteves.in\/estudos\/wp-json\/wp\/v2\/pages\/80\/revisions"}],"predecessor-version":[{"id":877,"href":"https:\/\/diegoesteves.in\/estudos\/wp-json\/wp\/v2\/pages\/80\/revisions\/877"}],"wp:attachment":[{"href":"https:\/\/diegoesteves.in\/estudos\/wp-json\/wp\/v2\/media?parent=80"}],"curies":[{"name":"wp","href":"https:\/\/api.w.org\/{rel}","templated":true}]}}