{"id":944,"date":"2018-09-28T15:01:34","date_gmt":"2018-09-28T15:01:34","guid":{"rendered":"https:\/\/diegoesteves.in\/estudos\/?page_id=944"},"modified":"2018-09-28T15:22:03","modified_gmt":"2018-09-28T15:22:03","slug":"101-14-08-2018","status":"publish","type":"page","link":"https:\/\/diegoesteves.in\/estudos\/101-14-08-2018\/","title":{"rendered":"[101] 14\/08\/2018"},"content":{"rendered":"<p><a href=\"https:\/\/diegoesteves.in\/estudos\/100-06-07-2018\/\"><code>Voltar para nota anterior<\/code><\/a><\/p>\n<p style=\"text-align: justify;\">Aparentemente, n\u00e3o tenho nada sobre o que escrever. Olho ao redor e, como \u00e9 de se esperar em uma universidade p\u00fablica, vejo muitas pessoas, ou\u00e7o conversas em portugu\u00eas e espanhol, <a href=\"https:\/\/diegoesteves.in\/estudos\/wp-content\/uploads\/2018\/09\/20180814_134221_HDR_Film2.jpg\">enquanto tomo um caf\u00e9<\/a> (que tem a sua volta uma abelha). Estou sentado \u00e0 sombra, ao lado da Faculdade de Educa\u00e7\u00e3o. Enquanto escrevo essas palavras, aguardo pelo primeiro encontro do semestre do grupo de pesquisa. N\u00e3o fosse o fato de haver aqui a escrita, n\u00e3o teria, talvez, o que escrever. Nada espetacular acontece. Eu sou praticamente um invis\u00edvel. Olho, <a href=\"https:\/\/www.youtube.com\/watch?v=70v_dhZPXGU&amp;feature=youtu.be\" target=\"_blank\" rel=\"noopener\">vejo muita coisa<\/a>. A escrita \u00e9 outro modo de ver.<\/p>\n<p style=\"text-align: right;\"><code><a href=\"https:\/\/diegoesteves.in\/estudos\/102-11-09-2018\/\">Seguir para a pr\u00f3xima nota<\/a><\/code><\/p>\n","protected":false},"excerpt":{"rendered":"<p>Voltar para nota anterior Aparentemente, n\u00e3o tenho nada sobre o que escrever. Olho ao redor e, como \u00e9 de se esperar em uma universidade p\u00fablica, vejo muitas pessoas, ou\u00e7o conversas em portugu\u00eas e espanhol, enquanto tomo um caf\u00e9 (que tem a sua volta uma abelha). Estou sentado \u00e0 sombra, ao lado da Faculdade de Educa\u00e7\u00e3o. [&hellip;]<\/p>\n","protected":false},"author":1,"featured_media":0,"parent":0,"menu_order":0,"comment_status":"closed","ping_status":"closed","template":"","meta":{"footnotes":""},"class_list":["post-944","page","type-page","status-publish","hentry"],"_links":{"self":[{"href":"https:\/\/diegoesteves.in\/estudos\/wp-json\/wp\/v2\/pages\/944","targetHints":{"allow":["GET"]}}],"collection":[{"href":"https:\/\/diegoesteves.in\/estudos\/wp-json\/wp\/v2\/pages"}],"about":[{"href":"https:\/\/diegoesteves.in\/estudos\/wp-json\/wp\/v2\/types\/page"}],"author":[{"embeddable":true,"href":"https:\/\/diegoesteves.in\/estudos\/wp-json\/wp\/v2\/users\/1"}],"replies":[{"embeddable":true,"href":"https:\/\/diegoesteves.in\/estudos\/wp-json\/wp\/v2\/comments?post=944"}],"version-history":[{"count":4,"href":"https:\/\/diegoesteves.in\/estudos\/wp-json\/wp\/v2\/pages\/944\/revisions"}],"predecessor-version":[{"id":952,"href":"https:\/\/diegoesteves.in\/estudos\/wp-json\/wp\/v2\/pages\/944\/revisions\/952"}],"wp:attachment":[{"href":"https:\/\/diegoesteves.in\/estudos\/wp-json\/wp\/v2\/media?parent=944"}],"curies":[{"name":"wp","href":"https:\/\/api.w.org\/{rel}","templated":true}]}}