{"id":949,"date":"2018-09-28T15:19:41","date_gmt":"2018-09-28T15:19:41","guid":{"rendered":"https:\/\/diegoesteves.in\/estudos\/?page_id=949"},"modified":"2019-03-08T21:33:26","modified_gmt":"2019-03-08T21:33:26","slug":"102-11-09-2018","status":"publish","type":"page","link":"https:\/\/diegoesteves.in\/estudos\/102-11-09-2018\/","title":{"rendered":"[102] 11\/09\/2018"},"content":{"rendered":"<p><a href=\"https:\/\/diegoesteves.in\/estudos\/101-14-08-2018\/\"><code>Voltar para nota anterior<\/code><\/a><\/p>\n<p style=\"text-align: justify;\">Escrita e improviso<a href=\"#_ftn1\" name=\"_ftnref1\">[1]<\/a><\/p>\n<p style=\"text-align: justify;\">Produzir espa\u00e7os de passagem. Escrever como uma procura que nada procura, de fato. Escrever n\u00e3o como uma transcri\u00e7\u00e3o do pensamento: escrita como condi\u00e7\u00e3o de um certo pensar. Escrita que lida com o intempestivo, sem roteiro pr\u00e9vio, sem passado nem futuro que a justifique. Uma escrita em imediato: escrever o instante, com o que passa, para passar de um estado ao outro, para tentar sair de pr\u00e9vias de si. Para passar, nesse ato de escrita improvisada, a ver o que n\u00e3o era visto de antem\u00e3o. M\u00e3o, olho e corpo inteiro engajado neste fazer incerto, que se anima justamente, pelos poss\u00edveis imprevistos que nos esperam: realidades poss\u00edveis que n\u00e3o existem, de fato, antes de serem encontradas.<\/p>\n<p style=\"text-align: right;\"><a href=\"https:\/\/diegoesteves.in\/estudos\/103-04-01-2019\/\"><code>Seguir para a pr\u00f3xima nota<\/code><\/a><\/p>\n<p style=\"text-align: justify;\"><a href=\"#_ftnref1\" name=\"_ftn1\">[1]<\/a> Exerc\u00edcio de escrita durante o Semin\u00e1rio Po\u00e9ticas da Diferen\u00e7a, ministrado pelo Prof. Dr. M\u00e1ximo Ad\u00f3<\/p>\n","protected":false},"excerpt":{"rendered":"<p>Voltar para nota anterior Escrita e improviso[1] Produzir espa\u00e7os de passagem. Escrever como uma procura que nada procura, de fato. Escrever n\u00e3o como uma transcri\u00e7\u00e3o do pensamento: escrita como condi\u00e7\u00e3o de um certo pensar. Escrita que lida com o intempestivo, sem roteiro pr\u00e9vio, sem passado nem futuro que a justifique. Uma escrita em imediato: escrever [&hellip;]<\/p>\n","protected":false},"author":1,"featured_media":0,"parent":0,"menu_order":0,"comment_status":"closed","ping_status":"closed","template":"","meta":{"footnotes":""},"class_list":["post-949","page","type-page","status-publish","hentry"],"_links":{"self":[{"href":"https:\/\/diegoesteves.in\/estudos\/wp-json\/wp\/v2\/pages\/949","targetHints":{"allow":["GET"]}}],"collection":[{"href":"https:\/\/diegoesteves.in\/estudos\/wp-json\/wp\/v2\/pages"}],"about":[{"href":"https:\/\/diegoesteves.in\/estudos\/wp-json\/wp\/v2\/types\/page"}],"author":[{"embeddable":true,"href":"https:\/\/diegoesteves.in\/estudos\/wp-json\/wp\/v2\/users\/1"}],"replies":[{"embeddable":true,"href":"https:\/\/diegoesteves.in\/estudos\/wp-json\/wp\/v2\/comments?post=949"}],"version-history":[{"count":5,"href":"https:\/\/diegoesteves.in\/estudos\/wp-json\/wp\/v2\/pages\/949\/revisions"}],"predecessor-version":[{"id":979,"href":"https:\/\/diegoesteves.in\/estudos\/wp-json\/wp\/v2\/pages\/949\/revisions\/979"}],"wp:attachment":[{"href":"https:\/\/diegoesteves.in\/estudos\/wp-json\/wp\/v2\/media?parent=949"}],"curies":[{"name":"wp","href":"https:\/\/api.w.org\/{rel}","templated":true}]}}