{"id":964,"date":"2019-03-08T20:54:51","date_gmt":"2019-03-08T20:54:51","guid":{"rendered":"https:\/\/diegoesteves.in\/estudos\/?page_id=964"},"modified":"2019-03-08T21:21:02","modified_gmt":"2019-03-08T21:21:02","slug":"103-04-01-2019","status":"publish","type":"page","link":"https:\/\/diegoesteves.in\/estudos\/103-04-01-2019\/","title":{"rendered":"[103] 04\/01\/2019"},"content":{"rendered":"<p><a href=\"https:\/\/diegoesteves.in\/estudos\/102-11-09-2018\/\"><code>Voltar para nota anterior<\/code><\/a><\/p>\n<p>SOBRE OS TEMPOS DA\/NA PESQUISA<\/p>\n<p style=\"text-align: justify;\">Ano novo se inicia, este que se apresenta como o \u00faltimo semestre do mestrado. Me coloco na escrita desta nota, como noutras vezes, no sentido de organizar o pensamento, direcionar as rotas do pesquisar. Isso se faz necess\u00e1rio, neste momento, por um certo recuo que foi necess\u00e1rio, dado influ\u00eancias \u201cexternas\u201d (refiro-me aos acontecimentos no entorno das elei\u00e7\u00f5es). Neste tempo, em que escrevi pouca notas neste Bloco, contudo, rabisquei muita coisa no Evernote, em cadernos, etc&#8230; mas parece-me que faltava \u00e2nimo para retornar \u00e0 estes movimentos que, como tal, oficializam-se como notas da pesquisa-texto: essas que, mesmo lidando com os pensamentos em tom improvisado, se diferenciam das demais por passarem a ter visibilidade neste espa\u00e7o (neste site).<\/p>\n<p style=\"text-align: justify;\">O que importa agora registrar \u00e9 que aqui, nesta nota, se inicia um exerc\u00edcio de retomada, de trazer \u00e0 esse Bloco de Notas, numa tentativa de organiza\u00e7\u00e3o desses rabiscos feitos sobre outros suportes, os movimentos mais recentes da pesquisa; tais movimentos giram em torno das seguintes ideias \u00e0 serem, provavelmente, desdobradas: Ci\u00eancia N\u00f4made do Improviso (que j\u00e1 apareceu num texto que entrar\u00e1 no conjunto da disserta\u00e7\u00e3o, que foi produzido enquanto trabalho final de um Semin\u00e1rio), Pesquisa-improvisa\u00e7\u00e3o (numa tentativa de defini\u00e7\u00e3o do que constitui o modo como estamos a pesquisar \u2014 texto num tom mais propositivo, talvez) e a ideia de Espa\u00e7os de Passagens (para localizar a educa\u00e7\u00e3o enquanto espa\u00e7o em jogo, campo de for\u00e7as); ainda, talvez, a ideia de Estudo-jogo, associada a de Pesquisa-improvisa\u00e7\u00e3o.<\/p>\n<p style=\"text-align: justify;\">\u00c9 poss\u00edvel perspectivar tamb\u00e9m que este afastamento do Bloco de Notas se deu muito em virtude de uma aten\u00e7\u00e3o aos ensaios e estrutura\u00e7\u00e3o do conjunto final da Disserta\u00e7\u00e3o \u2014 para a qual essas notas funcionam enquanto um espa\u00e7o paralelo de leitura, mat\u00e9rias das quais os ensaios foram, entre outras, compostos. Assim, no semestre passado foram escritos um ensaio acerca de uma po\u00e9tica da improvisa\u00e7\u00e3o (onde surgiu a ideia da Ci\u00eancia N\u00f4made do Improviso e, no entorno desta, da Pesquisa-improvisa\u00e7\u00e3o), outro no entorno do improviso, performance, presen\u00e7a e doc\u00eancia, e um terceiro sobre sedu\u00e7\u00e3o e ritmo (a partir de conversas com o Grupo de Pesquisa Estudos Po\u00e9ticos, da UNISC, do qual agora fa\u00e7o parte). Esses dois \u00faltimos devem se somar a mais um ou dois numa parte mais ao final da Disserta\u00e7\u00e3o, pensada para articular as ideias de improviso e jogo, sobretudo via po\u00e9tica, com os fazeres dos\/nos espa\u00e7os de educa\u00e7\u00e3o.<\/p>\n<p style=\"text-align: justify;\">Ainda, posso vir a inserir neste Bloco de Notas movimentos mais ou menos paralelos, no entorno do <a href=\"http:\/\/diegoesteves.in\/necitra-nucleo-de-estudos-e-experimentacoes-com-circo-e-transversalidades\/\">NECITRA<\/a>, que completa 10 anos, e do <a href=\"http:\/\/diegoesteves.in\/unoego\/\">UNOEGO<\/a>, que completou 1: assim o farei, se fizer, porque esses movimentos se atravessam com os da pesquisa de mestrado, formam, no todo, uma totalidade onde pesquisa, exist\u00eancia e po\u00e9tica ganham ares muito similares (ademais, da forma como se est\u00e1 constituindo esta sala dentro do site, ela deve seguir com a produ\u00e7\u00e3o de notas de modo cont\u00ednuo, ou seja, para depois do mestrado, como um modo de organizar o pensamento e as produ\u00e7\u00f5es).<\/p>\n<p style=\"text-align: right;\"><a href=\"https:\/\/diegoesteves.in\/estudos\/104-04-01-2019\/\"><code>Seguir para a pr\u00f3xima nota<\/code><\/a><\/p>\n","protected":false},"excerpt":{"rendered":"<p>Voltar para nota anterior SOBRE OS TEMPOS DA\/NA PESQUISA Ano novo se inicia, este que se apresenta como o \u00faltimo semestre do mestrado. Me coloco na escrita desta nota, como noutras vezes, no sentido de organizar o pensamento, direcionar as rotas do pesquisar. Isso se faz necess\u00e1rio, neste momento, por um certo recuo que foi [&hellip;]<\/p>\n","protected":false},"author":1,"featured_media":0,"parent":0,"menu_order":0,"comment_status":"closed","ping_status":"closed","template":"","meta":{"footnotes":""},"class_list":["post-964","page","type-page","status-publish","hentry"],"_links":{"self":[{"href":"https:\/\/diegoesteves.in\/estudos\/wp-json\/wp\/v2\/pages\/964","targetHints":{"allow":["GET"]}}],"collection":[{"href":"https:\/\/diegoesteves.in\/estudos\/wp-json\/wp\/v2\/pages"}],"about":[{"href":"https:\/\/diegoesteves.in\/estudos\/wp-json\/wp\/v2\/types\/page"}],"author":[{"embeddable":true,"href":"https:\/\/diegoesteves.in\/estudos\/wp-json\/wp\/v2\/users\/1"}],"replies":[{"embeddable":true,"href":"https:\/\/diegoesteves.in\/estudos\/wp-json\/wp\/v2\/comments?post=964"}],"version-history":[{"count":4,"href":"https:\/\/diegoesteves.in\/estudos\/wp-json\/wp\/v2\/pages\/964\/revisions"}],"predecessor-version":[{"id":974,"href":"https:\/\/diegoesteves.in\/estudos\/wp-json\/wp\/v2\/pages\/964\/revisions\/974"}],"wp:attachment":[{"href":"https:\/\/diegoesteves.in\/estudos\/wp-json\/wp\/v2\/media?parent=964"}],"curies":[{"name":"wp","href":"https:\/\/api.w.org\/{rel}","templated":true}]}}