{"id":2,"date":"2016-01-13T21:24:36","date_gmt":"2016-01-13T21:24:36","guid":{"rendered":"http:\/\/diegoesteves.in\/fotos\/?page_id=2"},"modified":"2016-01-18T01:47:16","modified_gmt":"2016-01-18T01:47:16","slug":"sobre","status":"publish","type":"page","link":"https:\/\/diegoesteves.in\/fotos\/sobre\/","title":{"rendered":"Sobre"},"content":{"rendered":"<p>O acaso, o cotidiano. N\u00e3o sou fot\u00f3grafo por profiss\u00e3o, sou sujeito que v\u00ea e quer guardar o visto. Detalhes do cotidiano, cenas que passam, detalhes dos cantos. Nada de fotos encenadas, prazer est\u00e9tico pelo acontecimento e desejo de compartilhar.<\/p>\n","protected":false},"excerpt":{"rendered":"<p>O acaso, o cotidiano. N\u00e3o sou fot\u00f3grafo por profiss\u00e3o, sou sujeito que v\u00ea e quer guardar o visto. Detalhes do cotidiano, cenas que passam, detalhes dos cantos. Nada de fotos encenadas, prazer est\u00e9tico pelo acontecimento e desejo de compartilhar.<\/p>\n","protected":false},"author":1,"featured_media":0,"parent":0,"menu_order":0,"comment_status":"closed","ping_status":"open","template":"","meta":{"jetpack_post_was_ever_published":false,"footnotes":""},"class_list":["post-2","page","type-page","status-publish","hentry"],"jetpack_sharing_enabled":true,"jetpack_shortlink":"https:\/\/wp.me\/P79dsn-2","jetpack-related-posts":[],"_links":{"self":[{"href":"https:\/\/diegoesteves.in\/fotos\/wp-json\/wp\/v2\/pages\/2","targetHints":{"allow":["GET"]}}],"collection":[{"href":"https:\/\/diegoesteves.in\/fotos\/wp-json\/wp\/v2\/pages"}],"about":[{"href":"https:\/\/diegoesteves.in\/fotos\/wp-json\/wp\/v2\/types\/page"}],"author":[{"embeddable":true,"href":"https:\/\/diegoesteves.in\/fotos\/wp-json\/wp\/v2\/users\/1"}],"replies":[{"embeddable":true,"href":"https:\/\/diegoesteves.in\/fotos\/wp-json\/wp\/v2\/comments?post=2"}],"version-history":[{"count":1,"href":"https:\/\/diegoesteves.in\/fotos\/wp-json\/wp\/v2\/pages\/2\/revisions"}],"predecessor-version":[{"id":6,"href":"https:\/\/diegoesteves.in\/fotos\/wp-json\/wp\/v2\/pages\/2\/revisions\/6"}],"wp:attachment":[{"href":"https:\/\/diegoesteves.in\/fotos\/wp-json\/wp\/v2\/media?parent=2"}],"curies":[{"name":"wp","href":"https:\/\/api.w.org\/{rel}","templated":true}]}}